{"id":9945,"date":"2025-08-14T16:30:02","date_gmt":"2025-08-14T14:30:02","guid":{"rendered":"https:\/\/www.berrand-sarl.fr\/EnR\/?p=9945"},"modified":"2026-03-03T11:31:13","modified_gmt":"2026-03-03T10:31:13","slug":"se-debarrasser-dune-cuve-a-fioul","status":"publish","type":"page","link":"https:\/\/www.berrand-sarl.fr\/EnR\/se-debarrasser-dune-cuve-a-fioul\/","title":{"rendered":"Se d\u00e9barrasser d&#8217;une cuve \u00e0 fioul\u00a0"},"content":{"rendered":"\n<h2 class=\"wp-block-heading has-x-large-font-size\"><mark style=\"background-color:rgba(0, 0, 0, 0)\" class=\"has-inline-color has-vivid-purple-color\">&#8230; une op\u00e9ration technique tr\u00e8s encadr\u00e9e<\/mark><\/h2>\n\n\n\n<p>L&#8217;installation d&#8217;un syst\u00e8me de <a href=\"https:\/\/www.berrand-sarl.fr\/EnR\/chauffage-central-a-eau-chaude\/\">chauffage<\/a> \u00e0 \u00e9nergie renouvelable, <strong><a href=\"https:\/\/www.berrand-sarl.fr\/EnR\/la-pompe-a-chaleur\/\">pompe \u00e0 chaleur<\/a><\/strong>,<a href=\"https:\/\/www.berrand-sarl.fr\/EnR\/climatisation-des-locaux\/\"> <strong>climatisation<\/strong><\/a>, <strong><a href=\"https:\/\/www.berrand-sarl.fr\/EnR\/chaudiere-a-granules-de-bois-pellets\/\">chaudi\u00e8re pellets<\/a><\/strong> ou \u00e0 <a href=\"https:\/\/www.berrand-sarl.fr\/EnR\/chaudiere-a-granules-de-bois-pellets\/\">bois<\/a> , etc. en lieu et place d&#8217;une <strong><a href=\"https:\/\/www.berrand-sarl.fr\/EnR\/chauffage-au-fioul-domestique\/\">installation au fioul domestique<\/a><\/strong>, entraine obligatoirement le retrait de la citerne <a href=\"https:\/\/www.berrand-sarl.fr\/EnR\/chauffage-au-fioul-domestique\/\">fioul<\/a> en place. Le constat est fait que, lorsque nous visitons quelques chantiers r\u00e9alis\u00e9s par des &#8220;amateurs&#8221; ou quelques &#8220;<strong>margoulins<\/strong>&#8220;, nous restons perplexes sur le respect de la <strong><a href=\"https:\/\/www.legifrance.gouv.fr\/loda\/id\/JORFTEXT000000437731\/\">l\u00e9gislation en vigueur<\/a><\/strong>. L&#8217;excellent article de <a href=\"https:\/\/www.batiactu.com\/edito\/se-debarrasser-dune-cuve-a-fioul-operation-technique-63810.php\"><strong>batiactu<\/strong><\/a> ci-dessous, montre la meilleur fa\u00e7on d&#8217;\u00e9liminer ce type de contenant. <\/p>\n\n\n\n<blockquote class=\"wp-block-quote is-layout-flow wp-block-quote-is-layout-flow\">\n<p class=\"has-vivid-purple-color has-text-color has-medium-font-size\"><strong>L&#8217;entreprise BERRAND SARL adopte cette approche, m\u00eame si, \u00e0 l&#8217;occasion, notre devis int\u00e9grant cette prestation peut para\u00eetre plus \u00e9lev\u00e9 que celui de nos concurrents. Toutefois, nous tenons \u00e0 vous assurer que nous respectons strictement les r\u00e9glementations en vigueur ainsi que les DTU applicables<\/strong>. <strong>Quid du retrait d&#8217;une citerne fioul&#8230;<\/strong><\/p>\n<\/blockquote>\n\n\n\n<div style=\"height:33px\" aria-hidden=\"true\" class=\"wp-block-spacer\"><\/div>\n\n\n\n<h2 class=\"wp-block-heading has-text-align-center has-large-font-size\"><em><strong><mark style=\"background-color:rgba(0, 0, 0, 0)\" class=\"has-inline-color has-vivid-red-color\">FICHE PRATIQUE.<\/mark><\/strong>&nbsp;<\/em><\/h2>\n\n\n\n<p><em>Bernard Reinteau, le&nbsp;21\/03\/2022&nbsp;\u00e0 14:36 <a href=\"https:\/\/www.batiactu.com\/edito\/se-debarrasser-dune-cuve-a-fioul-operation-technique-63810.php\">(Batiactu)<\/a><\/em><\/p>\n\n\n<div class=\"wp-block-image\">\n<figure class=\"aligncenter\"><img decoding=\"async\" src=\"https:\/\/www.batiactu.com\/images\/auto\/620-465-c\/20200203_125710_img20191028113918.jpg\" alt=\"Chaudi\u00e8re au fioul\" title=\"Chaudi\u00e8re au fioul\"\/><figcaption class=\"wp-element-caption\"><em>Chaudi\u00e8re au fioul&nbsp;\u00a9 F.L. pour Batiactu<\/em><\/figcaption><\/figure>\n<\/div>\n\n\n<p>L\u2019interdiction d&#8217;installation de nouvelles chaudi\u00e8res \u00e0 fioul depuis juillet 2022 oblige le retrait de la cuve de combustible existante.<\/p>\n\n\n\n<p>Techniquement, cette op\u00e9ration ob\u00e9it \u00e0 une proc\u00e9dure qui, r\u00e9glementairement, doit \u00eatre fid\u00e8lement respect\u00e9e.<\/p>\n\n\n\n<p>Apr\u00e8s avoir substitu\u00e9 la chaudi\u00e8re au fioul par un autre g\u00e9n\u00e9rateur, comment se d\u00e9barrasser de la cuve de combustible&nbsp;? Il va falloir l&#8217;enlever, la d\u00e9polluer et peut-\u00eatre l&#8217;\u00e9liminer. Pour chacune de ces actions, des proc\u00e9dures bien pr\u00e9cises ont \u00e9t\u00e9 \u00e9tablies. Elles sont cit\u00e9es dans l&#8217;<a href=\"https:\/\/www.legifrance.gouv.fr\/loda\/article_lc\/LEGIARTI000020342730\"><mark style=\"background-color:rgba(0, 0, 0, 0)\" class=\"has-inline-color has-vivid-purple-color\">article 28 de l&#8217;arr\u00eat\u00e9 du 1er juillet 2004 <\/mark><\/a>qui fixe&nbsp;<em>&#8220;les r\u00e8gles techniques et de s\u00e9curit\u00e9 applicables au stockage de produits p\u00e9troliers dans les lieux non vis\u00e9s par la l\u00e9gislation des installations class\u00e9es ni la r\u00e9glementation des \u00e9tablissements recevant du public&#8221;<\/em>&nbsp;; il est paru au JO du 25 juillet 2004. \u00c0 noter que la proc\u00e9dure d\u00e9crite ici vaut pour les cuves en acier et celles en plastique.<\/p>\n\n\n\n<h3 class=\"wp-block-heading has-large-font-size\"><strong><mark style=\"background-color:rgba(0, 0, 0, 0)\" class=\"has-inline-color has-vivid-cyan-blue-color\">1- Retirer la cuve<\/mark><\/strong><\/h3>\n\n\n\n<p>&nbsp;Une cuve abandonn\u00e9e doit \u00eatre int\u00e9gralement vidang\u00e9e et d\u00e9pollu\u00e9e. Pour ce faire, le mieux est parfois de la sortir de son emplacement, souvent tr\u00e8s contraint dans le local technique ou la buanderie, et de la placer dans un espace ouvert permettant de circuler autour avec les diff\u00e9rents outils qui seront n\u00e9cessaires au fil des op\u00e9rations. Tout cela d\u00e9pend du gabarit de ce stockage et de son poids &#8211; notamment si elle contient encore du fioul. \u00c0 d\u00e9faut, les intervenants se munissent de toutes sortes de rallonges de canalisations pour les atteindre. Le reste de fioul est r\u00e9cup\u00e9r\u00e9 par un professionnel.<\/p>\n\n\n\n<h3 class=\"wp-block-heading has-large-font-size\"><strong><mark style=\"background-color:rgba(0, 0, 0, 0)\" class=\"has-inline-color has-vivid-cyan-blue-color\">2- D\u00e9polluer<\/mark><\/strong><\/h3>\n\n\n\n<p>&nbsp;Vient ensuite la phase importante de d\u00e9gazage de cette enveloppe, car elle rec\u00e8le des vapeurs \u00e0 la fois inflammables, explosives et toxiques. La technique la plus couramment employ\u00e9e, et jug\u00e9e la plus efficace, est celle du nettoyage des parois int\u00e9rieures au jet d&#8217;eau \u00e0 haute pression. Ce qui permet de d\u00e9coller les <a href=\"https:\/\/www.berrand-sarl.fr\/EnR\/traitements-des-boues-dans-le-chauffage\/\">boues<\/a> et les d\u00e9p\u00f4ts produits. Ce traitement peut \u00eatre compl\u00e9t\u00e9 d&#8217;un nettoyage m\u00e9canique pour retirer les parties les plus incrust\u00e9es.<\/p>\n\n\n\n<p>Deux autres techniques sont exploitables, mais d&#8217;une mise en \u0153uvre plus d\u00e9licate&nbsp;: ventiler la cuve par un jet d&#8217;air \u00e0 haute pression, ou aspirer les gaz ; dans les deux cas, les effluents doivent \u00eatre conserv\u00e9s dans une citerne.<\/p>\n\n\n\n<h3 class=\"wp-block-heading has-large-font-size\"><strong><mark style=\"background-color:rgba(0, 0, 0, 0)\" class=\"has-inline-color has-vivid-cyan-blue-color\">3- Neutraliser<\/mark><\/strong><\/h3>\n\n\n\n<p>&nbsp;Le d\u00e9gazage doit \u00eatre suivi, dans un d\u00e9lai de 48 heures, de la <a href=\"https:\/\/www.berrand-sarl.fr\/EnR\/nettoyage-et-protection-de-la-citerne-fioul\/\">neutralisation<\/a> de la cuve par un remplissage avec du sable ou de la perlite. C&#8217;est seulement apr\u00e8s cette \u00e9tape que la cuve peut \u00eatre enlev\u00e9e pour \u00eatre d\u00e9coup\u00e9e et recycl\u00e9e dans un centre agr\u00e9\u00e9.<\/p>\n\n\n\n<p>L&#8217;intervenant professionnel remettra au propri\u00e9taire un certificat d&#8217;abandon et un bordereau de suivi de d\u00e9chets.<\/p>\n\n\n\n<h3 class=\"wp-block-heading has-large-font-size\"><strong><mark style=\"background-color:rgba(0, 0, 0, 0)\" class=\"has-inline-color has-vivid-cyan-blue-color\">4- Recycler<\/mark><\/strong><\/h3>\n\n\n\n<p>Comment proc\u00e9der si l&#8217;on souhaite conserver sa cuve pour la transformer en r\u00e9serve d&#8217;eau de pluie&nbsp;? Apr\u00e8s d\u00e9gazage, il faut r\u00e9aliser deux op\u00e9rations indispensables. La premi\u00e8re consiste \u00e0 v\u00e9rifier leur \u00e9tanch\u00e9it\u00e9, d&#8217;abord par inspection visuelle et aussi par mise en pression ; sur les versions en plastique, le d\u00e9faut d&#8217;\u00e9tanch\u00e9it\u00e9 doit \u00eatre consid\u00e9r\u00e9 comme r\u00e9dhibitoire, une r\u00e9paration ne pouvant \u00eatre garantie dans le temps. Si les cuves en acier satisfont au premier test, leurs parois ext\u00e9rieures doivent \u00eatre peintes.<strong><\/strong><\/p>\n\n\n\n<h3 class=\"wp-block-heading has-large-font-size\"><strong><mark style=\"background-color:rgba(0, 0, 0, 0)\" class=\"has-inline-color has-vivid-cyan-blue-color\">5- Financer<\/mark><\/strong><\/h3>\n\n\n\n<p>&nbsp;Vidange, nettoyage, d\u00e9gazage, neutralisation, d\u00e9coupe\u2026 Ces op\u00e9rations, obligatoirement effectu\u00e9es par des professionnels, co\u00fbtent cher. Les prix varient \u00e9videmment selon le volume de la cuve. Les ayants-droits peuvent b\u00e9n\u00e9ficier d&#8217;aides financi\u00e8res propos\u00e9es dans le cadre des dispositifs <a href=\"https:\/\/www.maprimerenov.gouv.fr\/prweb\/PRAuth\/app\/AIDES_\/BPNVwCpLW8TKW49zoQZpAw*\/!STANDARD\"><strong>MaPrimeR\u00e9nov<\/strong><\/a>, &#8220;<a href=\"https:\/\/www.service-public.fr\/particuliers\/vosdroits\/F34421\"><strong>Coup de pouce&nbsp;chauffage<\/strong><\/a>&#8221; financ\u00e9 par les&nbsp;<a href=\"https:\/\/www.batiactu.com\/tag\/cee\"><strong>certificats d&#8217;\u00e9conomie d&#8217;\u00e9nergie<\/strong><\/a>&nbsp;(CEE), ainsi que de l&#8217;\u00e9co-pr\u00eat \u00e0 taux z\u00e9ro et du&nbsp;<a href=\"https:\/\/www.batiactu.com\/tag\/cheque-energie\"><strong>ch\u00e8que \u00e9nergie<\/strong><\/a>.<\/p>\n\n\n\n<blockquote class=\"wp-block-quote is-layout-flow wp-block-quote-is-layout-flow\">\n<p class=\"has-vivid-purple-color has-text-color has-link-color has-medium-font-size wp-elements-829b106bd17300651a9e1aba4834187a\"><em><strong>L&#8217;entreprise <a href=\"https:\/\/www.berrand-sarl.fr\/EnR\/\">BERRAND SARL<\/a> vous orientera vers une soci\u00e9t\u00e9 sp\u00e9cialis\u00e9e et \u00e9quip\u00e9e pour assurer la d\u00e9contamination et la s\u00e9curisation de votre ancienne cuve. Pour toute demande de conseil ou d&#8217;information compl\u00e9mentaire, veuillez nous contacter via <a href=\"https:\/\/www.berrand-sarl.fr\/EnR\/contacter\/\">notre formulaire<\/a>.<\/strong><\/em><\/p>\n<\/blockquote>\n\n\n\n<hr class=\"wp-block-separator\"\/>\n\n\n\n<blockquote class=\"wp-block-quote is-layout-flow wp-block-quote-is-layout-flow\">\n<p>Autre lien sur : <a href=\"https:\/\/www.berrand-sarl.fr\/EnR\/nettoyage-et-protection-de-la-citerne-fioul\/\"><strong>le nettoyage d&#8217;une citerne fioul domestique<\/strong><\/a><\/p>\n<\/blockquote>\n\n\n<div class=\"wp-block-image is-style-rounded\">\n<figure class=\"alignright size-full\" id=\"Haut_de_page\"><a href=\"#\"><img loading=\"lazy\" decoding=\"async\" width=\"40\" height=\"40\" src=\"https:\/\/www.berrand-sarl.fr\/EnR\/wp-content\/uploads\/2026\/04\/haut-page.jpg\" alt=\"Bouton haut page\" class=\"wp-image-15961\" title=\"Bouton vers haut de page\"\/><\/a><\/figure>\n<\/div>","protected":false},"excerpt":{"rendered":"<p>&#8230; une op\u00e9ration technique tr\u00e8s encadr\u00e9e L&#8217;installation d&#8217;un syst\u00e8me de chauffage \u00e0 \u00e9nergie renouvelable, pompe \u00e0 chaleur, climatisation, chaudi\u00e8re pellets ou \u00e0 bois , etc. en lieu et place d&#8217;une installation au fioul domestique, entraine obligatoirement le retrait de la&#8230; <\/p>\n","protected":false},"author":1,"featured_media":0,"parent":0,"menu_order":0,"comment_status":"closed","ping_status":"open","template":"","meta":{"_seopress_robots_primary_cat":"","_seopress_titles_title":"Se d\u00e9barrasser d'une cuve \u00e0 fioul\u00a0","_seopress_titles_desc":"Se d\u00e9barrasser d'une cuve \u00e0 fioul\u00a0","_seopress_robots_index":"","_themeisle_gutenberg_block_has_review":false,"footnotes":""},"class_list":["post-9945","page","type-page","status-publish","hentry"],"_links":{"self":[{"href":"https:\/\/www.berrand-sarl.fr\/EnR\/wp-json\/wp\/v2\/pages\/9945","targetHints":{"allow":["GET"]}}],"collection":[{"href":"https:\/\/www.berrand-sarl.fr\/EnR\/wp-json\/wp\/v2\/pages"}],"about":[{"href":"https:\/\/www.berrand-sarl.fr\/EnR\/wp-json\/wp\/v2\/types\/page"}],"author":[{"embeddable":true,"href":"https:\/\/www.berrand-sarl.fr\/EnR\/wp-json\/wp\/v2\/users\/1"}],"replies":[{"embeddable":true,"href":"https:\/\/www.berrand-sarl.fr\/EnR\/wp-json\/wp\/v2\/comments?post=9945"}],"version-history":[{"count":0,"href":"https:\/\/www.berrand-sarl.fr\/EnR\/wp-json\/wp\/v2\/pages\/9945\/revisions"}],"wp:attachment":[{"href":"https:\/\/www.berrand-sarl.fr\/EnR\/wp-json\/wp\/v2\/media?parent=9945"}],"curies":[{"name":"wp","href":"https:\/\/api.w.org\/{rel}","templated":true}]}}