{"id":9069,"date":"2026-03-29T17:21:12","date_gmt":"2026-03-29T15:21:12","guid":{"rendered":"https:\/\/www.berrand-sarl.fr\/EnR\/?page_id=9069"},"modified":"2026-03-29T17:21:16","modified_gmt":"2026-03-29T15:21:16","slug":"chaudiere-biofioul-f30-hybride","status":"publish","type":"page","link":"https:\/\/www.berrand-sarl.fr\/EnR\/chaudiere-biofioul-f30-hybride\/","title":{"rendered":"Chaudi\u00e8re biofioul F10-F30, hybride PAC"},"content":{"rendered":"<div class=\"wp-block-image is-style-rounded\">\n<figure class=\"alignright size-full is-resized\" id=\"-Haut_de_page\"><a href=\"#Haut_de_page\" rel=\"Bouton haut page\"><img loading=\"lazy\" decoding=\"async\" width=\"40\" height=\"40\" src=\"https:\/\/www.berrand-sarl.fr\/EnR\/wp-content\/uploads\/2026\/04\/bas-page.jpg\" alt=\"Bouton bas page\" class=\"wp-image-15962\" style=\"width:40px;height:auto\" title=\"Vers bas de page\"\/><\/a><\/figure>\n<\/div>\n\n\n<h2 class=\"wp-block-heading has-vivid-purple-color has-text-color\"><em>Depuis le 1er juillet 2022&#8230;<\/em><\/h2>\n\n\n\n<p class=\"has-background has-medium-font-size\" style=\"background:radial-gradient(rgb(255,245,203) 0%,rgb(182,227,212) 50%,rgb(51,167,181) 100%)\"><strong>Les chaudi\u00e8res \u00e0 <a href=\"https:\/\/www.berrand-sarl.fr\/EnR\/chauffage-au-fioul-domestique\/\">fioul<\/a> <a href=\"https:\/\/www.berrand-sarl.fr\/Entreprise\/fichiers.pdf\/Doc_commerciale_BIOFIOUL_DD.pdf\">continuent d&#8217;avoir un avenir<\/a>. Ce qui a chang\u00e9, c&#8217;est le type de combustible qu&#8217;elles sont d\u00e9sormais autoris\u00e9es \u00e0 utiliser.<\/strong><\/p>\n\n\n\n<p style=\"font-size:20px\">La chaudi\u00e8re au fioul <strong><mark style=\"background-color:rgba(0, 0, 0, 0);color:#0538f3\" class=\"has-inline-color\">domestique traditionnelle<\/mark><\/strong> n&#8217;est plus autoris\u00e9e \u00e0 l&#8217;installation dans les b\u00e2timents neufs. <strong>Les particuliers ne pourront donc plus installer de chaudi\u00e8res fioul neuves si le <mark style=\"background-color:rgba(0, 0, 0, 0)\" class=\"has-inline-color has-vivid-red-color\">seuil d\u2019\u00e9missions de gaz \u00e0 effet de serre d\u00e9passe les 300 gr de CO2 \u00e9quivalent\/kWh PCI<\/mark> <\/strong><em>(<a href=\"https:\/\/www.legifrance.gouv.fr\/jorf\/id\/JORFTEXT000044844392\"><strong>D\u00e9cret du 6 janvier 2022<\/strong><\/a> paru au journal officiel de la R\u00e9publique)<\/em><strong>.\u00a0<\/strong><\/p>\n\n\n<div class=\"wp-block-image\">\n<figure data-wp-context=\"{&quot;imageId&quot;:&quot;69f25d985911e&quot;}\" data-wp-interactive=\"core\/image\" data-wp-key=\"69f25d985911e\" class=\"aligncenter size-full is-resized wp-lightbox-container\"><img loading=\"lazy\" decoding=\"async\" width=\"250\" height=\"292\" data-wp-class--hide=\"state.isContentHidden\" data-wp-class--show=\"state.isContentVisible\" data-wp-init=\"callbacks.setButtonStyles\" data-wp-on--click=\"actions.showLightbox\" data-wp-on--load=\"callbacks.setButtonStyles\" data-wp-on-window--resize=\"callbacks.setButtonStyles\" src=\"https:\/\/www.berrand-sarl.fr\/EnR\/wp-content\/uploads\/2019\/07\/Vieille_chaudiere.jpg\" alt=\"Vieille Chaudi\u00e8re au fioul de 50 ans\" class=\"wp-image-2521\" style=\"width:350px\"\/><button\n\t\t\tclass=\"lightbox-trigger\"\n\t\t\ttype=\"button\"\n\t\t\taria-haspopup=\"dialog\"\n\t\t\taria-label=\"Agrandir\"\n\t\t\tdata-wp-init=\"callbacks.initTriggerButton\"\n\t\t\tdata-wp-on--click=\"actions.showLightbox\"\n\t\t\tdata-wp-style--right=\"state.imageButtonRight\"\n\t\t\tdata-wp-style--top=\"state.imageButtonTop\"\n\t\t>\n\t\t\t<svg xmlns=\"http:\/\/www.w3.org\/2000\/svg\" width=\"12\" height=\"12\" fill=\"none\" viewBox=\"0 0 12 12\">\n\t\t\t\t<path fill=\"#fff\" d=\"M2 0a2 2 0 0 0-2 2v2h1.5V2a.5.5 0 0 1 .5-.5h2V0H2Zm2 10.5H2a.5.5 0 0 1-.5-.5V8H0v2a2 2 0 0 0 2 2h2v-1.5ZM8 12v-1.5h2a.5.5 0 0 0 .5-.5V8H12v2a2 2 0 0 1-2 2H8Zm2-12a2 2 0 0 1 2 2v2h-1.5V2a.5.5 0 0 0-.5-.5H8V0h2Z\" \/>\n\t\t\t<\/svg>\n\t\t<\/button><figcaption class=\"wp-element-caption\"><strong><mark style=\"background-color:rgba(0, 0, 0, 0);color:#7e16e0\" class=\"has-inline-color\">Vieille Chaudi\u00e8re au fioul de plus de 50 ans!<\/mark><\/strong><\/figcaption><\/figure>\n<\/div>\n\n\n<p style=\"font-size:18px\">Il suffira simplement de remplacer le br\u00fbleur actuel par un mod\u00e8le compatible avec ce nouveau biocarburant, \u00e0 condition que votre chaudi\u00e8re soit r\u00e9cente et que vous souhaitiez la conserver. Il sera \u00e9galement n\u00e9cessaire d\u2019<a href=\"https:\/\/www.berrand-sarl.fr\/Videos\/Du_fioul_au_Bio_Fioul.mp4\"><strong>adapter la zone de stockage ainsi que les canalisations d\u2019alimentation <\/strong><\/a>en fioul.<\/p>\n\n\n\n<blockquote class=\"wp-block-quote is-layout-flow wp-block-quote-is-layout-flow\">\n<p class=\"has-text-color has-link-color wp-elements-4a7913dead908b03e3580e7476203087\" style=\"color:#0d18f3;font-size:18px\">Cet extrait de la vid\u00e9o ci-dessous d&#8217;une dur\u00e9e de 10 minutes, pr\u00e9sente les travaux essentiels \u00e0 r\u00e9aliser pour garantir le bon fonctionnement d&#8217;une installation convertie au biofioul.<\/p>\n<\/blockquote>\n\n\n\n<figure class=\"wp-block-video\"><video controls src=\"https:\/\/www.berrand-sarl.fr\/Videos\/Du_fioul_au_Bio_Fioul.mp4\"><\/video><\/figure>\n\n\n\n<p class=\"has-text-align-center\">L&#8217;int\u00e9gralit\u00e9 de la vid\u00e9o est \u00e0 lire sur ce lien : <a href=\"https:\/\/youtu.be\/xRlG41aVkM4?si=pD30LwXx1hdaYp_A\">Du Fioul au BioFioul rien de plus simple<\/a><\/p>\n\n\n\n<p class=\"has-medium-font-size\">Cela ne signifie pas pour autant que le fioul est d\u00e9finitivement interdit, car il a subi d&#8217;importantes modifications dans sa composition. Depuis ce mois de juillet, le biofioul F30 doit \u00eatre commercialis\u00e9 sur l&#8217;ensemble du territoire national.<\/p>\n\n\n\n<p class=\"has-text-color has-medium-font-size\" style=\"color:#8306f8\"><strong>Sachez aussi que:<\/strong><\/p>\n\n\n\n<blockquote class=\"wp-block-quote has-text-align-center has-vivid-purple-color has-white-background-color has-text-color has-background has-medium-font-size is-layout-flow wp-block-quote-is-layout-flow\">\n<blockquote class=\"wp-block-quote is-layout-flow wp-block-quote-is-layout-flow\">\n<p class=\"has-text-color has-link-color wp-elements-6ac5347feec809cf7239c194defd4396\" style=\"color:#8306f8\"><strong>Pour une quantit\u00e9 de 1000 litres, le prix du biofioul F30 s&#8217;\u00e9l\u00e8ve \u00e0 1,264 \u20ac par litre, tandis que celui du biofioul F50 est de 1,179 \u20ac par litre. Bien que le biofioul soit plus co\u00fbteux \u00e0 l\u2019achat que le fioul domestique, qui co\u00fbte actuellement 1,06 \u20ac par litre, ses performances \u00e9nerg\u00e9tiques et ses b\u00e9n\u00e9fices environnementaux rendent l\u2019utilisation d\u2019une chaudi\u00e8re au biofioul plus avantageuse \u00e0 long terme par rapport \u00e0 une chaudi\u00e8re au fioul domestique.<\/strong><\/p>\n\n\n\n<p class=\"has-black-color has-text-color has-link-color wp-elements-5ba0f2ec594bb2f9190393589f17e673\">(<a href=\"https:\/\/selectra.info\/energie\/renovation-energetique\/chaudiere\/biofioul\">Tarif<\/a> juillet 2025)<\/p>\n<\/blockquote>\n<\/blockquote>\n\n\n\n<p style=\"font-size:19px\">Ce saut en avant avec l&#8217;av\u00e8nement du biofioul, la mixit\u00e9 \u00e9nerg\u00e9tique demand\u00e9e par les pouvoirs publics, a permis la cr\u00e9ation et la fabrication de nouveaux mat\u00e9riels de <a href=\"https:\/\/www.berrand-sarl.fr\/EnR\/chauffage-central-a-eau-chaude\/\">chauffage<\/a> : <strong>la chaudi\u00e8re biofioul F30 <a href=\"https:\/\/www.berrand-sarl.fr\/EnR\/chaudiere-pac-hybride\/\">hybride<\/a>,<\/strong> c&#8217;est \u00e0 dire une chaudi\u00e8re de <mark style=\"background-color:rgba(0, 0, 0, 0);color:#fa1302\" class=\"has-inline-color\"><strong>type THPE <\/strong>*<\/mark>, associ\u00e9e \u00e0 une <a href=\"https:\/\/www.berrand-sarl.fr\/EnR\/la-pompe-a-chaleur\/\"><strong><mark style=\"background-color:rgba(0, 0, 0, 0)\" class=\"has-inline-color has-vivid-purple-color\">pompe \u00e0 chaleur<\/mark><\/strong><\/a> en est l&#8217;exemple. Le br\u00fbleur fioul est adapt\u00e9 pour fonctionner de suite au <mark style=\"background-color:rgba(0, 0, 0, 0);color:#fa1302\" class=\"has-inline-color\"><strong><a href=\"https:\/\/www.biofioul.info\/\">biofioul F30<\/a> et futur biofioul F50<\/strong>*<\/mark>, mais permet de fonctionner au fioul domestique traditionnel, ne serait-ce que pour vider le contenu de sa cuve en attendant le remplissage avec le nouveau carburant. Cela peut durer encore quelques temps, la distribution du biofioul F30 n&#8217;est pas encore \u00e0 ce jour dispatch\u00e9 normalement partout en France&#8230;<\/p>\n\n\n\n<p class=\"has-medium-font-size\">Notre entreprise, toujours tourn\u00e9e vers l&#8217;avenir et la nouveaut\u00e9, s&#8217;est mise en devoir de se former \u00e0 la mise en \u0153uvre de ces nouveaux \u00e9quipements. Nous venons donc de r\u00e9aliser deux d&#8217;installations de ce type pour nos clients dont les chaufferies \u00e9taient obsol\u00e8tes o\u00f9 trop anciennes.<\/p>\n\n\n<div class=\"wp-block-image\">\n<figure class=\"aligncenter size-full is-resized\"><img loading=\"lazy\" decoding=\"async\" width=\"800\" height=\"598\" src=\"https:\/\/www.berrand-sarl.fr\/EnR\/wp-content\/uploads\/2022\/07\/chaudiere_biofioul_hybride_monobloc.jpg\" alt=\"Chaudi\u00e8re biofioul F30 + pompe \u00e0 chaleur, monobloc\" class=\"wp-image-9148\" style=\"width:600px;height:auto\" srcset=\"https:\/\/www.berrand-sarl.fr\/EnR\/wp-content\/uploads\/2022\/07\/chaudiere_biofioul_hybride_monobloc.jpg 800w, https:\/\/www.berrand-sarl.fr\/EnR\/wp-content\/uploads\/2022\/07\/chaudiere_biofioul_hybride_monobloc-300x224.jpg 300w, https:\/\/www.berrand-sarl.fr\/EnR\/wp-content\/uploads\/2022\/07\/chaudiere_biofioul_hybride_monobloc-768x574.jpg 768w\" sizes=\"auto, (max-width: 800px) 100vw, 800px\" \/><figcaption class=\"wp-element-caption\"><strong><mark style=\"background-color:rgba(0, 0, 0, 0);color:#f20000\" class=\"has-inline-color\">Chaudi\u00e8re De Dietrich biofioul F30 + pompe \u00e0 chaleur, monobloc<\/mark><\/strong><\/figcaption><\/figure>\n<\/div>\n\n\n<p class=\"has-medium-font-size\">Alors bien s\u00fbr dit comme cela sur le papier tout semble facile, mais la ma\u00eetrise d&#8217;une telle r\u00e9novation engendre quelques mises aux normes de l&#8217;installation, aussi bien c\u00f4t\u00e9 <a href=\"https:\/\/www.berrand-sarl.fr\/EnR\/nettoyage-et-protection-de-la-citerne-fioul\/\"><strong><mark style=\"background-color:rgba(0, 0, 0, 0)\" class=\"has-inline-color has-vivid-purple-color\">r\u00e9servoir et canalisations de fioul<\/mark><\/strong><\/a>  que sur la partie \u00e9lectrique qui alimente la partie pompe \u00e0 chaleur. La composition du biofioul exige quelques modifications des canalisations alimentant le br\u00fbleur. <\/p>\n\n\n\n<blockquote class=\"wp-block-quote has-medium-font-size is-layout-flow wp-block-quote-is-layout-flow\">\n<p class=\"has-text-color has-link-color wp-elements-af8046c80c4b9c3d684fcd555cab6a22\" style=\"color:#179039\">Vous trouverez ci-joint, dans ce <strong><a href=\"https:\/\/www.berrand-sarl.fr\/Entreprise\/fichiers.pdf\/Cetiat-Guide-BioFioul.pdf\">document du CETIAT<\/a>,<\/strong> le <strong>guide et les fiches conseils<\/strong> pour l\u2019adaptation des installations<\/p>\n<\/blockquote>\n\n\n\n<p class=\"has-medium-font-size\">La <a href=\"https:\/\/www.berrand-sarl.fr\/EnR\/la-pompe-a-chaleur\/\"><strong><mark style=\"background-color:rgba(0, 0, 0, 0)\" class=\"has-inline-color has-vivid-purple-color\">pompe \u00e0 chaleur<\/mark><\/strong><\/a> doit respecter certaines normes d&#8217;installation et de s\u00e9curit\u00e9 pour la protection des \u00e9quipements et des habitants du lieu. Tout cela nous devons le ma\u00eetriser aussi, en plus de la technologie propre \u00e0 la partie <a href=\"https:\/\/www.berrand-sarl.fr\/EnR\/la-pompe-a-chaleur\/\"><strong><mark style=\"background-color:rgba(0, 0, 0, 0)\" class=\"has-inline-color has-vivid-purple-color\">pompe \u00e0 chaleur<\/mark><\/strong><\/a> ou des soins tous particuliers doivent \u00eatre apport\u00e9es \u00e0 son installation. <\/p>\n\n\n\n<hr class=\"wp-block-separator\"\/>\n\n\n\n<h3 class=\"wp-block-heading has-text-align-center has-text-color has-large-font-size\" style=\"color:#260dea\"><em><mark style=\"background-color:rgba(0, 0, 0, 0);color:#021af0\" class=\"has-inline-color\">Remplacement d&#8217;une <strong>chaudi\u00e8re ancienne au fioul: <\/strong><\/mark><\/em><\/h3>\n\n\n\n<p class=\"has-medium-font-size\">Voici donc \u00e0 titre d&#8217;exemple, des photos d&#8217;une des derni\u00e8res r\u00e9alisation de l&#8217;entreprise BERRAND sarl, pour remplacement d&#8217;une <a href=\"https:\/\/www.berrand-sarl.fr\/EnR\/chauffage-au-fioul-domestique\/\"><strong><mark style=\"background-color:rgba(0, 0, 0, 0)\" class=\"has-inline-color has-vivid-purple-color\">chaudi\u00e8re ancienne au fioul domestique<\/mark><\/strong><\/a> par une <strong>chaudi\u00e8re biofioul hybride\/PAC<\/strong> fonctionnant au nouveau fioul norme <a href=\"https:\/\/www.hello-fioul.fr\/actualites\/la-composition-du-biofioul#:~:text=L'Emag%20dans%20le%20Biofioul,diesel%20et%20du%20fioul%20domestique.\"><strong><mark style=\"background-color:rgba(0, 0, 0, 0)\" class=\"has-inline-color has-vivid-purple-color\">F30\/F50<\/mark><\/strong><\/a>, associ\u00e9e \u00e0 sa pompe \u00e0 chaleur. Cet ensemble produit bien \u00e9videmment l&#8217;<a href=\"https:\/\/www.berrand-sarl.fr\/EnR\/le-solaire-thermique-production-de-chaleur\/\"><strong><mark style=\"background-color:rgba(0, 0, 0, 0)\" class=\"has-inline-color has-vivid-purple-color\">eau chaude sanitaire<\/mark><\/strong><\/a> pour l&#8217;ensemble de l&#8217;habitation.<\/p>\n\n\n\n<figure class=\"wp-block-gallery has-nested-images columns-default is-cropped wp-block-gallery-2 is-layout-flex wp-block-gallery-is-layout-flex\">\n<figure class=\"wp-block-image size-full\"><img loading=\"lazy\" decoding=\"async\" width=\"450\" height=\"600\" data-id=\"9139\" src=\"https:\/\/www.berrand-sarl.fr\/EnR\/wp-content\/uploads\/2022\/07\/Chaudiere_biofioul_PAC.jpg\" alt=\"Ensemble chaudi\u00e8re biofioul F30 + pompe \u00e0 chaleur\" class=\"wp-image-9139\" srcset=\"https:\/\/www.berrand-sarl.fr\/EnR\/wp-content\/uploads\/2022\/07\/Chaudiere_biofioul_PAC.jpg 450w, https:\/\/www.berrand-sarl.fr\/EnR\/wp-content\/uploads\/2022\/07\/Chaudiere_biofioul_PAC-225x300.jpg 225w\" sizes=\"auto, (max-width: 450px) 100vw, 450px\" \/><figcaption class=\"wp-element-caption\">Ensemble chaudi\u00e8re biofioul F30 + pompe \u00e0 chaleur<\/figcaption><\/figure>\n\n\n\n<figure class=\"wp-block-image size-full\"><img loading=\"lazy\" decoding=\"async\" width=\"450\" height=\"600\" data-id=\"9138\" src=\"https:\/\/www.berrand-sarl.fr\/EnR\/wp-content\/uploads\/2022\/07\/Arriere_PAC.jpg\" alt=\"Vue arri\u00e8re de l'unit\u00e9 int\u00e9rieure de la pompe \u00e0 chaleur\" class=\"wp-image-9138\" srcset=\"https:\/\/www.berrand-sarl.fr\/EnR\/wp-content\/uploads\/2022\/07\/Arriere_PAC.jpg 450w, https:\/\/www.berrand-sarl.fr\/EnR\/wp-content\/uploads\/2022\/07\/Arriere_PAC-225x300.jpg 225w\" sizes=\"auto, (max-width: 450px) 100vw, 450px\" \/><figcaption class=\"wp-element-caption\">Vue arri\u00e8re de l&#8217;unit\u00e9 int\u00e9rieure de la pompe \u00e0 chaleur<\/figcaption><\/figure>\n\n\n\n<figure class=\"wp-block-image size-full\"><img loading=\"lazy\" decoding=\"async\" width=\"448\" height=\"576\" data-id=\"9140\" src=\"https:\/\/www.berrand-sarl.fr\/EnR\/wp-content\/uploads\/2022\/07\/Unites_exterieures.jpg\" alt=\"Unit\u00e9s ext\u00e9rieures de la pompe \u00e0 chaleur\" class=\"wp-image-9140\" srcset=\"https:\/\/www.berrand-sarl.fr\/EnR\/wp-content\/uploads\/2022\/07\/Unites_exterieures.jpg 448w, https:\/\/www.berrand-sarl.fr\/EnR\/wp-content\/uploads\/2022\/07\/Unites_exterieures-233x300.jpg 233w\" sizes=\"auto, (max-width: 448px) 100vw, 448px\" \/><figcaption class=\"wp-element-caption\">Unit\u00e9s ext\u00e9rieures de la pompe \u00e0 chaleur<\/figcaption><\/figure>\n<\/figure>\n\n\n\n<p class=\"has-text-align-center has-text-color\" style=\"color:#1c8228\"><em><strong>Chaudi\u00e8re biofioul F30, hybride bi-bloc et les unit\u00e9s int\u00e9rieure et ext\u00e9rieures de la pompe \u00e0 chaleur<\/strong><\/em><\/p>\n\n\n\n<p class=\"has-text-align-center has-text-color has-medium-font-size\" style=\"color:#f40606\">Photos de l&#8217;entreprise, sous copyright! Ne pas copier ni diffuser sans l&#8217;autorisation de l&#8217;auteur.<\/p>\n\n\n\n<p class=\"has-medium-font-size\">Encore des clients soucieux de l&#8217;\u00e9cologie et des rejets de combustion dans la nature et heureux de d\u00e9penser moins pour se chauffer <img loading=\"lazy\" decoding=\"async\" height=\"16\" width=\"16\" src=\"https:\/\/static.xx.fbcdn.net\/images\/emoji.php\/v9\/ta5\/1.5\/16\/1f642.png\" alt=\"\ud83d\ude42\"><\/p>\n\n\n\n<p class=\"has-text-align-center has-text-color has-medium-font-size\" style=\"color:#11801a\"><strong>Vous aussi \u00eates int\u00e9ress\u00e9s par ce moyen de chauffage hybride au <a href=\"https:\/\/www.biofioul.info\/\">BIOFIOUL<\/a> pour remplacer votre vieille chaudi\u00e8re fioul?<\/strong><\/p>\n\n\n\n<p class=\"has-text-align-center\">Alors contactez nous : <a rel=\"noreferrer noopener\" href=\"https:\/\/www.berrand-sarl.fr\/EnR\/contacter\/\" target=\"_blank\"><strong><mark style=\"background-color:rgba(0, 0, 0, 0)\" class=\"has-inline-color has-vivid-purple-color\">https:\/\/www.berrand-sarl.fr\/EnR\/contacter\/<\/mark><\/strong><\/a><\/p>\n\n\n\n<ul class=\"wp-block-list\">\n<li><em>THPE* : chaudi\u00e8re \u00e0 Tr\u00e8s Haute Performance \u00c9nerg\u00e9tique dites \u00e0 <a href=\"https:\/\/www.berrand-sarl.fr\/EnR\/chaudiere-tres-haute-performance-energetique-condensation\/\">condensation<\/a>.<\/em><\/li>\n\n\n\n<li class=\"has-medium-font-size\"><strong>Le F30<\/strong>&nbsp;compos\u00e9 de 30% d\u2019ester m\u00e9thylique&nbsp;d&#8217;acides gras de colza&nbsp;<\/li>\n\n\n\n<li><strong>Le F10<\/strong>&nbsp;compos\u00e9 de 10% d\u2019ester m\u00e9thylique&nbsp;d&#8217;acides gras de colza&nbsp;<\/li>\n<\/ul>\n\n\n<div class=\"wp-block-image\">\n<figure class=\"aligncenter size-large is-resized\"><a href=\"https:\/\/www.berrand-sarl.fr\/EnR\/contacter\/\"><img loading=\"lazy\" decoding=\"async\" src=\"https:\/\/www.berrand-sarl.fr\/EnR\/wp-content\/uploads\/2020\/11\/Bouton_Contactez-nous-edited.gif\" alt=\"Bouton Contactez-nous\" class=\"wp-image-5895\" width=\"173\" height=\"56\"\/><\/a><\/figure>\n<\/div>\n\n<div class=\"wp-block-image is-style-rounded\">\n<figure class=\"alignright size-full\" id=\"Haut_de_page\"><a href=\"#\"><img loading=\"lazy\" decoding=\"async\" width=\"40\" height=\"40\" src=\"https:\/\/www.berrand-sarl.fr\/EnR\/wp-content\/uploads\/2026\/04\/haut-page.jpg\" alt=\"Bouton haut page\" class=\"wp-image-15961\" title=\"Bouton vers haut de page\"\/><\/a><\/figure>\n<\/div>","protected":false},"excerpt":{"rendered":"<p>Depuis le 1er juillet 2022&#8230; Les chaudi\u00e8res \u00e0 fioul continuent d&#8217;avoir un avenir. Ce qui a chang\u00e9, c&#8217;est le type de combustible qu&#8217;elles sont d\u00e9sormais autoris\u00e9es \u00e0 utiliser. La chaudi\u00e8re au fioul domestique traditionnelle n&#8217;est plus autoris\u00e9e \u00e0 l&#8217;installation dans&#8230; <\/p>\n","protected":false},"author":1,"featured_media":0,"parent":0,"menu_order":0,"comment_status":"closed","ping_status":"closed","template":"","meta":{"_seopress_robots_primary_cat":"","_seopress_titles_title":"Chaudi\u00e8re biofioul F10-F30, hybride PAC","_seopress_titles_desc":"Remplacez le br\u00fbleur existant par un br\u00fbleur compatible avec ce nouveau biocarburant si votre chaudi\u00e8re est r\u00e9cente et que vous ne souhaitiez par la remplacer\u2026","_seopress_robots_index":"","_themeisle_gutenberg_block_has_review":false,"footnotes":""},"class_list":["post-9069","page","type-page","status-publish","hentry"],"_links":{"self":[{"href":"https:\/\/www.berrand-sarl.fr\/EnR\/wp-json\/wp\/v2\/pages\/9069","targetHints":{"allow":["GET"]}}],"collection":[{"href":"https:\/\/www.berrand-sarl.fr\/EnR\/wp-json\/wp\/v2\/pages"}],"about":[{"href":"https:\/\/www.berrand-sarl.fr\/EnR\/wp-json\/wp\/v2\/types\/page"}],"author":[{"embeddable":true,"href":"https:\/\/www.berrand-sarl.fr\/EnR\/wp-json\/wp\/v2\/users\/1"}],"replies":[{"embeddable":true,"href":"https:\/\/www.berrand-sarl.fr\/EnR\/wp-json\/wp\/v2\/comments?post=9069"}],"version-history":[{"count":0,"href":"https:\/\/www.berrand-sarl.fr\/EnR\/wp-json\/wp\/v2\/pages\/9069\/revisions"}],"wp:attachment":[{"href":"https:\/\/www.berrand-sarl.fr\/EnR\/wp-json\/wp\/v2\/media?parent=9069"}],"curies":[{"name":"wp","href":"https:\/\/api.w.org\/{rel}","templated":true}]}}