{"id":702,"date":"2024-12-06T17:35:49","date_gmt":"2024-12-06T16:35:49","guid":{"rendered":"https:\/\/www.berrand-sarl.fr\/EnR\/?page_id=702"},"modified":"2025-12-18T16:25:07","modified_gmt":"2025-12-18T15:25:07","slug":"capteur-tube-sous-vide","status":"publish","type":"page","link":"https:\/\/www.berrand-sarl.fr\/EnR\/capteur-tube-sous-vide\/","title":{"rendered":"Capteur tubes sous vide"},"content":{"rendered":"<div class=\"wp-block-image is-style-rounded\">\n<figure class=\"alignright size-full is-resized\" id=\"-Haut_de_page\"><a href=\"#Haut_de_page\" rel=\"Bouton haut page\"><img loading=\"lazy\" decoding=\"async\" width=\"40\" height=\"40\" src=\"https:\/\/www.berrand-sarl.fr\/EnR\/wp-content\/uploads\/2026\/04\/bas-page.jpg\" alt=\"Bouton bas page\" class=\"wp-image-15962\" style=\"width:40px;height:auto\" title=\"Vers bas de page\"\/><\/a><\/figure>\n<\/div>\n\n\n<h2 class=\"wp-block-heading has-text-align-center has-vivid-purple-color has-text-color has-large-font-size\"><strong>Capteurs thermiques<\/strong><\/h2>\n\n\n\n<h3 class=\"wp-block-heading has-text-align-center has-vivid-purple-color has-text-color has-large-font-size\"> \u00e0 tubes sous vide<\/h3>\n\n\n\n<h3 class=\"wp-block-heading\"><strong><em><span class=\"has-inline-color has-vivid-purple-color\">L\u2019\u00e9nergie solaire thermique est une \u00e9nergie renouvelable consistant \u00e0 produire de la chaleur ou de l\u2019eau chaude \u00e0 partir de capteurs solaires. Elle se distingue du solaire photovolta\u00efque qui produit de l\u2019\u00e9lectricit\u00e9 \u00e0 partir du rayonnement solaire<\/span><\/em><\/strong><\/h3>\n\n\n\n<div class=\"wp-block-group\"><div class=\"wp-block-group__inner-container is-layout-flow wp-block-group-is-layout-flow\">\n<p> Le capteur solaire \u00e0 tubes sous vide est un appareil qui va permettre de fabriquer de l&#8217;eau chaude sanitaire et \/ou du chauffage \u00e0 partir de l&#8217;\u00e9nergie solaire thermique. <\/p>\n\n\n\n<h3 class=\"wp-block-heading\">Il se diff\u00e9rencie du &#8220;<strong><a href=\"https:\/\/www.berrand-sarl.fr\/EnR\/capteurs-plans\/\">capteur plan<\/a><\/strong>&#8220;, au del\u00e0 de sa conception (&#8230; il est du type &#8220;bouteille thermos&#8221;) par sa possibilit\u00e9 de pouvoir l&#8217;<strong>orienter au maximum vers le Sud<\/strong>, en le faisant pivoter sur son axe lors de la pose. Son rendement est <strong>sup\u00e9rieur au capteur plan<\/strong> et <strong>n\u00e9cessite donc moins de surface install\u00e9e<\/strong>. Il est toutefois un peu plus cher \u00e0 l&#8217;installation.<\/h3>\n<\/div><\/div>\n\n\n\n<h3 class=\"wp-block-heading has-text-align-center has-luminous-vivid-orange-color has-text-color\"><em><strong>Nous le r\u00e9servons toutefois aux locaux dont l&#8217;orientation vers le Sud et ou l&#8217;inclinaison  sont d\u00e9favorables. <\/strong><\/em><\/h3>\n\n\n\n<p> L\u00e0 aussi, l&#8217;installation doit \u00eatre r\u00e9alis\u00e9e avec grands soins pour assurer une long\u00e9vit\u00e9 de l&#8217;installation et un service rendu irr\u00e9prochable. Le tube sous vide n&#8217;est pas fragile contrairement aux id\u00e9es re\u00e7ues. <\/p>\n\n\n\n<p class=\"has-text-color has-medium-font-size\" style=\"color:#2302fa\"><strong>VOIR LE DIAPORAMA ci-dessous <\/strong>(Toutes ces installations ont \u00e9t\u00e9 r\u00e9alis\u00e9es par BERRAND sarl) <\/p>\n\n\n            <div class=\"fotorama responsive-image-silder\" \n                data-width=\"100%\"\n                data-height=\"40%\" \n                data-nav=\"dots\"\n                data-navwidth=\"1200px\" \n                data-allowfullscreen=\"true\"\n                data-fit=\"cover\"\n                data-transitionduration=\"300\"\n                data-autoplay=\"true\" \n                data-loop=\"true\"\n                data-arrows=\"true\" \n                data-swipe=\"true\"\n                data-spinner=\"true\" \n                data-transition=\"slide\">\n                                        <img decoding=\"async\" src=\"https:\/\/www.berrand-sarl.fr\/EnR\/wp-content\/uploads\/2019\/02\/solaire2-1.jpg\" data-thumb=\"https:\/\/www.berrand-sarl.fr\/EnR\/wp-content\/uploads\/2019\/02\/solaire2-1-150x150.jpg\" data-caption=\"Capteur solaire \u00ab\u00a0tubes sous vides\u00a0\u00bb install\u00e9 en toiture\">\n                                                <img decoding=\"async\" src=\"https:\/\/www.berrand-sarl.fr\/EnR\/wp-content\/uploads\/2019\/02\/P1000012.jpg\" data-thumb=\"https:\/\/www.berrand-sarl.fr\/EnR\/wp-content\/uploads\/2019\/02\/P1000012-150x150.jpg\" data-caption=\"Capteurs \u00e0 Tubes Solaires\">\n                                                <img decoding=\"async\" src=\"https:\/\/www.berrand-sarl.fr\/EnR\/wp-content\/uploads\/2019\/02\/hpothb72.jpg\" data-thumb=\"https:\/\/www.berrand-sarl.fr\/EnR\/wp-content\/uploads\/2019\/02\/hpothb72-150x150.jpg\" data-caption=\"Capteurs \u00e0 Tubes Solaires\">\n                                                <img decoding=\"async\" src=\"https:\/\/www.berrand-sarl.fr\/EnR\/wp-content\/uploads\/2019\/02\/hpothb56.jpg\" data-thumb=\"https:\/\/www.berrand-sarl.fr\/EnR\/wp-content\/uploads\/2019\/02\/hpothb56-150x150.jpg\" data-caption=\"Collecteur Capteur TSV\">\n                                                <img decoding=\"async\" src=\"https:\/\/www.berrand-sarl.fr\/EnR\/wp-content\/uploads\/2019\/02\/Tubes-sous-vide-FRISQUET-6.jpg\" data-thumb=\"https:\/\/www.berrand-sarl.fr\/EnR\/wp-content\/uploads\/2019\/02\/Tubes-sous-vide-FRISQUET-6-150x150.jpg\" data-caption=\"Tubes sous vide FRISQUET Installation solaire en toiture\">\n                                                <img decoding=\"async\" src=\"https:\/\/www.berrand-sarl.fr\/EnR\/wp-content\/uploads\/2019\/02\/hpothb52.jpg\" data-thumb=\"https:\/\/www.berrand-sarl.fr\/EnR\/wp-content\/uploads\/2019\/02\/hpothb52-150x150.jpg\" data-caption=\"Capteur TSV\">\n                                                <img decoding=\"async\" src=\"https:\/\/www.berrand-sarl.fr\/EnR\/wp-content\/uploads\/2019\/02\/hpothb50.jpg\" data-thumb=\"https:\/\/www.berrand-sarl.fr\/EnR\/wp-content\/uploads\/2019\/02\/hpothb50-150x150.jpg\" data-caption=\"Capteur TSV en montage\">\n                                                <img decoding=\"async\" src=\"https:\/\/www.berrand-sarl.fr\/EnR\/wp-content\/uploads\/2019\/02\/hpothb49.jpg\" data-thumb=\"https:\/\/www.berrand-sarl.fr\/EnR\/wp-content\/uploads\/2019\/02\/hpothb49-150x150.jpg\" data-caption=\"Capteur TSV en montage\">\n                                                <img decoding=\"async\" src=\"https:\/\/www.berrand-sarl.fr\/EnR\/wp-content\/uploads\/2019\/02\/hpothb54.jpg\" data-thumb=\"https:\/\/www.berrand-sarl.fr\/EnR\/wp-content\/uploads\/2019\/02\/hpothb54-150x150.jpg\" data-caption=\"Capteur TSV en montage\">\n                                                <img decoding=\"async\" src=\"https:\/\/www.berrand-sarl.fr\/EnR\/wp-content\/uploads\/2019\/02\/hpothb51.jpg\" data-thumb=\"https:\/\/www.berrand-sarl.fr\/EnR\/wp-content\/uploads\/2019\/02\/hpothb51-150x150.jpg\" data-caption=\"Capteur TSV en montage\">\n                                    <\/div>\n            \n            <!-- Initialization Script - Inside the container to ensure it's returned by the shortcode -->\n            <script>\n                jQuery(function ($) {\n                    $('.responsive-image-silder').fotorama({\n                        spinner: {\n                            lines: 13,\n                            color: 'rgba(0, 0, 0, .75)',\n                            className: 'fotorama',\n                        }\n                    });\n                });\n            <\/script>\n            \n\n\n\n<div class=\"wp-block-group\"><div class=\"wp-block-group__inner-container is-layout-flow wp-block-group-is-layout-flow\">\n<div class=\"wp-block-group\"><div class=\"wp-block-group__inner-container is-layout-flow wp-block-group-is-layout-flow\">\n<p>En Limousin, suivant son exposition par rapport au Sud et suivant son inclinaison (45\u00b0), il peut faire \u00e9conomiser jusqu&#8217;\u00e0 70% d&#8217;\u00e9nergie par rapport \u00e0 une solution traditionnelle. <\/p>\n<\/div><\/div>\n\n\n\n<p>Son installation est rapide (2 jours environ) et ne n\u00e9cessite pas de travaux dits &#8220;lourds&#8221;.<\/p>\n<\/div><\/div>\n\n\n<div class=\"wp-block-image\">\n<figure class=\"aligncenter is-resized\"><img loading=\"lazy\" decoding=\"async\" width=\"1024\" height=\"685\" src=\"https:\/\/www.berrand-sarl.fr\/EnR\/wp-content\/uploads\/2019\/02\/Capteur-TSV-agrandi-1.jpg\" alt=\"Capteur \u00e0 tubes solaires FRISQUET\" class=\"wp-image-1182\" style=\"width:512px;height:343px\" srcset=\"https:\/\/www.berrand-sarl.fr\/EnR\/wp-content\/uploads\/2019\/02\/Capteur-TSV-agrandi-1.jpg 1024w, https:\/\/www.berrand-sarl.fr\/EnR\/wp-content\/uploads\/2019\/02\/Capteur-TSV-agrandi-1-300x201.jpg 300w, https:\/\/www.berrand-sarl.fr\/EnR\/wp-content\/uploads\/2019\/02\/Capteur-TSV-agrandi-1-768x514.jpg 768w, https:\/\/www.berrand-sarl.fr\/EnR\/wp-content\/uploads\/2019\/02\/Capteur-TSV-agrandi-1-747x500.jpg 747w\" sizes=\"auto, (max-width: 1024px) 100vw, 1024px\" \/><\/figure>\n<\/div>\n\n\n<h3 class=\"wp-block-heading has-text-align-center has-vivid-purple-color has-text-color\"><strong>C&#8217;est l&#8217;appareil le plus rentable en mati\u00e8re d&#8217;\u00e9nergie solaire. Il est amorti au bout de 7 \u00e0 10 ans, suivant les cas d&#8217;installation<\/strong><\/h3>\n\n\n\n<div style=\"height:36px\" aria-hidden=\"true\" class=\"wp-block-spacer\"><\/div>\n\n\n\n<h2 class=\"wp-block-heading has-text-align-center has-vivid-cyan-blue-color has-text-color\"><strong>Chauffe-eau solaire individuel <\/strong><\/h2>\n\n\n\n<h3 class=\"wp-block-heading has-text-align-center has-vivid-cyan-blue-color has-text-color\"><strong><a href=\"https:\/\/www.frisquet.com\/fr\/chaudiere-gaz-condensation-hydroconfort-solaire_58.html\">FRISQUET  UPEC Visio<sup>\u00ae<\/sup> 2020<\/a><\/strong><\/h3>\n\n\n\n<h3 class=\"wp-block-heading has-text-align-center has-vivid-purple-color has-text-color\"><strong>Une performance \u00e9lev\u00e9e, une discr\u00e9tion absolue<\/strong><\/h3>\n\n\n<div class=\"wp-block-image\">\n<figure class=\"aligncenter size-large is-resized\"><a href=\"https:\/\/www.frisquet.com\/fr\/chaudiere-gaz-condensation-hydroconfort-solaire_58.html\"><img decoding=\"async\" src=\"https:\/\/www.frisquet.com\/visuels\/ballon-solaire-frisquet_1537276849.png\" alt=\"FRISQUET  UPEC Visio\u00ae 2020\" style=\"width:812px;height:392px\"\/><\/a><\/figure>\n<\/div>\n\n\n<p>Une <a href=\"https:\/\/www.frisquet.com\/fr\/chaudiere-gaz-condensation-hydroconfort-solaire_58.html\"><strong>chaudi\u00e8re bi-\u00e9nergie<\/strong><\/a> pr\u00eate \u00e0 l&#8217;emploi, fonctionnant au gaz pour le chauffage et \u00e0 l\u2019\u00e9nergie solaire pour l\u2019eau chaude. Elle est sp\u00e9cialement con\u00e7ue pour faciliter la mise en oeuvre et garantir des performances \u00e9lev\u00e9es. La <strong>couverture solaire peut atteindre 60 % avec un seul capteur CSP 2600<\/strong> selon les r\u00e9gions.<\/p>\n\n\n\n<p><strong>Un ballon solaire 100% inox , haute performance, de conception exclusive.<\/strong><\/p>\n\n\n\n<p>L\u2019architecture du ballon, le choix de son mat\u00e9riau, ses dimensions, ses serpentins ont \u00e9t\u00e9 calcul\u00e9s pour que le stockage et l\u2019\u00e9change solaire soient au maximum. Dot\u00e9e de la r\u00e9gulation solaire ECORADIOSYSTEM Visio, elle d\u00e9livre une eau chaude \u00e0 votre mesure : max\/eco\/solaire seul\/stop.<br><br>L\u2019UPEC solaire d&#8217;une capacit\u00e9 de 220 litres fonctionne avec toutes les chaudi\u00e8res Condensation et Evolution Frisquet, comme il peut venir en remplacement d&#8217;un ballon aliment\u00e9 par une chaudi\u00e8re fuel ou gaz existante, <strong>quelle que soit sa marque.<\/strong><\/p>\n\n\n\n<p class=\"has-text-align-center has-very-light-gray-color has-vivid-red-background-color has-text-color has-background has-medium-font-size\"><strong>R\u00e9duisez le co\u00fbt de l\u2019achat de votre chaudi\u00e8re gr\u00e2ce aux <a href=\"https:\/\/www.berrand-sarl.fr\/EnR\/credit-dimpot-transition-energetique\/\">aides propos\u00e9es<\/a>.<\/strong><\/p>\n\n\n\n<ul class=\"wp-block-list\">\n<li><\/li>\n<\/ul>\n\n\n\n<div style=\"height:33px\" aria-hidden=\"true\" class=\"wp-block-spacer\"><\/div>\n\n\n\n<div class=\"wp-block-media-text alignwide has-media-on-the-right is-stacked-on-mobile\"><div class=\"wp-block-media-text__content\">\n<p class=\"has-medium-font-size\"><strong>Enfin pour compl\u00e9ter cette page, nous vous invitons si vous le souhaitez, \u00e0 <a href=\"https:\/\/www.berrand-sarl.fr\/perso\/References_solaires2.zip\">t\u00e9l\u00e9charger le diaporama<\/a> de nos installations de chauffage solaire ou de chauffe eau solaire<\/strong>. <strong>Le d\u00e9filement se fait image par image. Bonne visite!<\/strong><\/p>\n<\/div><figure class=\"wp-block-media-text__media\"><a href=\"https:\/\/www.berrand-sarl.fr\/perso\/References_solaires2.zip\"><img loading=\"lazy\" decoding=\"async\" width=\"960\" height=\"720\" src=\"https:\/\/www.berrand-sarl.fr\/EnR\/wp-content\/uploads\/2019\/02\/solaire.jpg\" alt=\"solaire\" class=\"wp-image-929 size-full\" srcset=\"https:\/\/www.berrand-sarl.fr\/EnR\/wp-content\/uploads\/2019\/02\/solaire.jpg 960w, https:\/\/www.berrand-sarl.fr\/EnR\/wp-content\/uploads\/2019\/02\/solaire-300x225.jpg 300w, https:\/\/www.berrand-sarl.fr\/EnR\/wp-content\/uploads\/2019\/02\/solaire-768x576.jpg 768w, https:\/\/www.berrand-sarl.fr\/EnR\/wp-content\/uploads\/2019\/02\/solaire-175x131.jpg 175w, https:\/\/www.berrand-sarl.fr\/EnR\/wp-content\/uploads\/2019\/02\/solaire-667x500.jpg 667w\" sizes=\"auto, (max-width: 960px) 100vw, 960px\" \/><\/a><\/figure><\/div>\n\n\n\n<div style=\"height:33px\" aria-hidden=\"true\" class=\"wp-block-spacer\"><\/div>\n\n\n\n<h2 class=\"wp-block-heading has-text-align-center has-vivid-purple-color has-text-color has-large-font-size\"><strong>Vous voulez en savoir plus sur le solaire?<\/strong> <\/h2>\n\n\n\n<p class=\"has-text-align-center has-vivid-purple-color has-text-color has-medium-font-size\"><strong>voir les boutons ci dessous<\/strong>:<\/p>\n\n\n\n<div class=\"wp-block-buttons has-custom-font-size has-medium-font-size is-vertical is-content-justification-center is-layout-flex wp-container-core-buttons-is-layout-4649e89c wp-block-buttons-is-layout-flex\">\n<div class=\"wp-block-button has-custom-width wp-block-button__width-75 is-style-outline is-style-outline--2\"><a class=\"wp-block-button__link has-black-color has-text-color has-background wp-element-button\" href=\"https:\/\/www.berrand-sarl.fr\/EnR\/leau-chaude-par-chauffe-eau-solaire\" style=\"border-radius:11px;background:linear-gradient(143deg,rgb(202,248,128) 0%,rgb(113,206,126) 100%)\"><strong>Eau chaude solaire<\/strong><\/a><\/div>\n\n\n\n<div class=\"wp-block-button has-custom-width wp-block-button__width-75 is-style-outline is-style-outline--3\"><a class=\"wp-block-button__link has-black-color has-electric-grass-gradient-background has-text-color has-background wp-element-button\" href=\"https:\/\/www.berrand-sarl.fr\/EnR\/chauffage-solaire-thermique\" style=\"border-radius:11px\"><strong>Syst\u00e8me Solaire Combin\u00e9<\/strong><\/a><\/div>\n\n\n\n<div class=\"wp-block-button has-custom-width wp-block-button__width-75 is-style-outline is-style-outline--4\"><a class=\"wp-block-button__link has-black-color has-electric-grass-gradient-background has-text-color has-background wp-element-button\" href=\"https:\/\/www.berrand-sarl.fr\/EnR\/le-solaire-thermique-production-de-chaleur\" style=\"border-radius:10px\"><strong>Chauffe Eau Solaire<\/strong><\/a><\/div>\n\n\n\n<div class=\"wp-block-button has-custom-width wp-block-button__width-75 is-style-outline is-style-outline--5\"><a class=\"wp-block-button__link has-black-color has-text-color has-background wp-element-button\" href=\"https:\/\/www.berrand-sarl.fr\/EnR\/capteurs-plans\" style=\"border-radius:10px;background:linear-gradient(90deg,rgb(202,248,128) 0%,rgb(113,206,126) 100%)\"><strong>Capteur Plans<\/strong><\/a><\/div>\n\n\n\n<div class=\"wp-block-button has-custom-width wp-block-button__width-75 is-style-outline is-style-outline--6\"><a class=\"wp-block-button__link has-black-color has-electric-grass-gradient-background has-text-color has-background wp-element-button\" href=\"https:\/\/www.berrand-sarl.fr\/EnR\/capteur-tube-sous-vide\/\" style=\"border-radius:10px\"><strong>Capteurs sous vide<\/strong><\/a><\/div>\n<\/div>\n\n\n\n<div style=\"height:25px\" aria-hidden=\"true\" class=\"wp-block-spacer\"><\/div>\n\n\n\n<div class=\"wp-block-buttons is-layout-flex wp-block-buttons-is-layout-flex\">\n<div class=\"wp-block-button aligncenter is-style-outline is-style-outline--7\"><a class=\"wp-block-button__link has-black-color has-text-color has-background wp-element-button\" href=\"https:\/\/www.berrand-sarl.fr\/EnR\/determination-dun-chauffe-eau-solaire-cesi\/\" style=\"border-radius:10px;background:linear-gradient(157deg,rgba(252,185,0,1) 0%,rgba(255,105,0,1) 100%)\"><strong>D\u00e9termination d&#8217;un chauffe eau solaire individuel (CESI)<\/strong><\/a><\/div>\n<\/div>\n\n\n\n<div style=\"height:33px\" aria-hidden=\"true\" class=\"wp-block-spacer\"><\/div>\n\n\n<div class=\"wp-block-image\">\n<figure class=\"aligncenter size-large is-resized\"><a href=\"https:\/\/www.berrand-sarl.fr\/EnR\/contacter\/\"><img loading=\"lazy\" decoding=\"async\" src=\"https:\/\/www.berrand-sarl.fr\/EnR\/wp-content\/uploads\/2020\/11\/Bouton_Contactez-nous-edited.gif\" alt=\"Bouton Contactez-nous\" class=\"wp-image-5895\" width=\"173\" height=\"56\"\/><\/a><\/figure>\n<\/div>\n\n\n<p class=\"has-text-align-center has-text-color\" style=\"color:#38b918\"><a href=\"#\">Vers haut de page<\/a><\/p>\n","protected":false},"excerpt":{"rendered":"<p>C&#8217;est l&#8217;appareil le plus rentable en mati\u00e8re d&#8217;\u00e9nergie solaire. Il est amorti au bout de 7 \u00e0 10 ans, suivant les cas d&#8217;installation<\/p>\n","protected":false},"author":1,"featured_media":0,"parent":0,"menu_order":0,"comment_status":"closed","ping_status":"closed","template":"","meta":{"_seopress_robots_primary_cat":"","_seopress_titles_title":"Capteur thermique \u00e0 tubes sous vide","_seopress_titles_desc":"Il se diff\u00e9rencie du \"capteur plan\", au del\u00e0 de sa conception par sa possibilit\u00e9 de pouvoir l'orienter au maximum...","_seopress_robots_index":"","_themeisle_gutenberg_block_has_review":false,"footnotes":""},"class_list":["post-702","page","type-page","status-publish","hentry"],"_links":{"self":[{"href":"https:\/\/www.berrand-sarl.fr\/EnR\/wp-json\/wp\/v2\/pages\/702","targetHints":{"allow":["GET"]}}],"collection":[{"href":"https:\/\/www.berrand-sarl.fr\/EnR\/wp-json\/wp\/v2\/pages"}],"about":[{"href":"https:\/\/www.berrand-sarl.fr\/EnR\/wp-json\/wp\/v2\/types\/page"}],"author":[{"embeddable":true,"href":"https:\/\/www.berrand-sarl.fr\/EnR\/wp-json\/wp\/v2\/users\/1"}],"replies":[{"embeddable":true,"href":"https:\/\/www.berrand-sarl.fr\/EnR\/wp-json\/wp\/v2\/comments?post=702"}],"version-history":[{"count":0,"href":"https:\/\/www.berrand-sarl.fr\/EnR\/wp-json\/wp\/v2\/pages\/702\/revisions"}],"wp:attachment":[{"href":"https:\/\/www.berrand-sarl.fr\/EnR\/wp-json\/wp\/v2\/media?parent=702"}],"curies":[{"name":"wp","href":"https:\/\/api.w.org\/{rel}","templated":true}]}}