{"id":641,"date":"2024-12-06T18:03:10","date_gmt":"2024-12-06T17:03:10","guid":{"rendered":"https:\/\/www.berrand-sarl.fr\/EnR\/?page_id=641"},"modified":"2026-03-02T18:07:16","modified_gmt":"2026-03-02T17:07:16","slug":"contacter","status":"publish","type":"page","link":"https:\/\/www.berrand-sarl.fr\/EnR\/contacter\/","title":{"rendered":"Contact : Formulaire"},"content":{"rendered":"<div class=\"wp-block-image is-style-rounded\">\n<figure class=\"alignright size-full is-resized\" id=\"-Haut_de_page\"><a href=\"#Haut_de_page\" rel=\"Bouton haut page\"><img loading=\"lazy\" decoding=\"async\" width=\"40\" height=\"40\" src=\"https:\/\/www.berrand-sarl.fr\/EnR\/wp-content\/uploads\/2026\/04\/bas-page.jpg\" alt=\"Bouton bas page\" class=\"wp-image-15962\" style=\"width:40px;height:auto\" title=\"Vers bas de page\"\/><\/a><\/figure>\n<\/div>\n\n\n<h2 class=\"wp-block-heading has-text-align-center has-text-color has-large-font-size\" id=\"entreprise-berrand-sarl\" style=\"color:#781c1e\"><em><strong>Entreprise BERRAND sarl<\/strong><\/em><\/h2>\n\n\n\n<h3 class=\"wp-block-heading has-text-align-center has-text-color\" id=\"6-rue-de-prasmounier\" style=\"color:#1317db\">6 rue de Prasmounier<\/h3>\n\n\n\n<h2 class=\"wp-block-heading has-text-align-center has-text-color\" id=\"87430-verneuil-vienne\" style=\"color:#1317db\">87430 \u2013 VERNEUIL \/ VIENNE<\/h2>\n\n\n\n<h4 class=\"wp-block-heading has-text-align-center has-text-color\" id=\"tel-05-55-00-14-99\" style=\"color:#1317db\">T\u00e9l. : 05 55 00 14 99<\/h4>\n\n\n<div class=\"wpforms-container wpforms-container-full wpforms-block wpforms-block-e35a1319-3c83-4dfe-a051-322185ed5855\" id=\"wpforms-2189\"><form id=\"wpforms-form-2189\" class=\"wpforms-validate wpforms-form\" data-formid=\"2189\" method=\"post\" enctype=\"multipart\/form-data\" action=\"\/EnR\/wp-json\/wp\/v2\/pages\/641?wpforms_form_id=2189\" data-token=\"ed9367ca2fd7f7110916924f4acb33d4\" data-token-time=\"1776344307\"><noscript class=\"wpforms-error-noscript\">Veuillez activer JavaScript dans votre navigateur pour remplir ce formulaire.<\/noscript><div class=\"wpforms-field-container\"><div id=\"wpforms-2189-field_14-container\" class=\"wpforms-field wpforms-field-radio\" data-field-id=\"14\"><label class=\"wpforms-field-label\">BONJOUR, \u00eates vous d\u00e9j\u00e0 client de notre entreprise? <span class=\"wpforms-required-label\">*<\/span><\/label><ul id=\"wpforms-2189-field_14\" class=\"wpforms-field-required\"><li class=\"choice-1 depth-1\"><input type=\"radio\" id=\"wpforms-2189-field_14_1\" name=\"wpforms[fields][14]\" value=\"OUI,... quelle chance j&#039;ai!\" required ><label class=\"wpforms-field-label-inline\" for=\"wpforms-2189-field_14_1\">OUI,&#8230; quelle chance j&rsquo;ai!<\/label><\/li><li class=\"choice-2 depth-1\"><input type=\"radio\" id=\"wpforms-2189-field_14_2\" name=\"wpforms[fields][14]\" value=\"NON, mais soyez bienvenu(e) ici\" required ><label class=\"wpforms-field-label-inline\" for=\"wpforms-2189-field_14_2\">NON, mais soyez bienvenu(e) ici<\/label><\/li><\/ul><\/div><div id=\"wpforms-2189-field_0-container\" class=\"wpforms-field wpforms-field-name\" data-field-id=\"0\"><label class=\"wpforms-field-label\">Votre identit\u00e9 <span class=\"wpforms-required-label\">*<\/span><\/label><div class=\"wpforms-field-row wpforms-field-medium\"><div class=\"wpforms-field-row-block wpforms-first wpforms-one-half\"><input type=\"text\" id=\"wpforms-2189-field_0\" class=\"wpforms-field-name-first wpforms-field-required\" name=\"wpforms[fields][0][first]\" required><label for=\"wpforms-2189-field_0\" class=\"wpforms-field-sublabel after\">Pr\u00e9nom<\/label><\/div><div class=\"wpforms-field-row-block wpforms-one-half\"><input type=\"text\" id=\"wpforms-2189-field_0-last\" class=\"wpforms-field-name-last wpforms-field-required\" name=\"wpforms[fields][0][last]\" required><label for=\"wpforms-2189-field_0-last\" class=\"wpforms-field-sublabel after\">Nom<\/label><\/div><\/div><\/div><div id=\"wpforms-2189-field_6-container\" class=\"wpforms-field wpforms-field-text\" data-field-id=\"6\"><label class=\"wpforms-field-label\" for=\"wpforms-2189-field_6\">Adresse<\/label><input type=\"text\" id=\"wpforms-2189-field_6\" class=\"wpforms-field-medium\" name=\"wpforms[fields][6]\" ><div class=\"wpforms-field-description\">Votre adresse postale<\/div><\/div><div id=\"wpforms-2189-field_7-container\" class=\"wpforms-field wpforms-field-text\" data-field-id=\"7\"><label class=\"wpforms-field-label\" for=\"wpforms-2189-field_7\">Code Postal<\/label><input type=\"text\" id=\"wpforms-2189-field_7\" class=\"wpforms-field-small\" name=\"wpforms[fields][7]\" ><div class=\"wpforms-field-description\">Votre code postal<\/div><\/div><div id=\"wpforms-2189-field_8-container\" class=\"wpforms-field wpforms-field-text\" data-field-id=\"8\"><label class=\"wpforms-field-label\" for=\"wpforms-2189-field_8\">Ville<\/label><input type=\"text\" id=\"wpforms-2189-field_8\" class=\"wpforms-field-medium\" name=\"wpforms[fields][8]\" ><div class=\"wpforms-field-description\">Votre Ville<\/div><\/div><div id=\"wpforms-2189-field_1-container\" class=\"wpforms-field wpforms-field-email\" data-field-id=\"1\"><label class=\"wpforms-field-label\" for=\"wpforms-2189-field_1\">Adresse de courriel <span class=\"wpforms-required-label\">*<\/span><\/label><input type=\"email\" id=\"wpforms-2189-field_1\" class=\"wpforms-field-medium wpforms-field-required\" name=\"wpforms[fields][1]\" spellcheck=\"false\" required><div class=\"wpforms-field-description\">Votre e-mail<\/div><\/div><div id=\"wpforms-2189-field_13-container\" class=\"wpforms-field wpforms-field-text\" data-field-id=\"13\"><label class=\"wpforms-field-label\" for=\"wpforms-2189-field_13\">T\u00e9l\u00e9phone mobile <span class=\"wpforms-required-label\">*<\/span><\/label><input type=\"text\" id=\"wpforms-2189-field_13\" class=\"wpforms-field-small wpforms-field-required wpforms-limit-characters-enabled\" data-form-id=\"2189\" data-field-id=\"13\" data-text-limit=\"14\" name=\"wpforms[fields][13]\" maxlength=\"14\" required><div class=\"wpforms-field-description\">Votre num\u00e9ro de t\u00e9l\u00e9phone mobile. <font color=\"#FF0000\"><b>Sinon mettez des z\u00e9ros!<\/b> <\/font><\/div><\/div><div id=\"wpforms-2189-field_12-container\" class=\"wpforms-field wpforms-field-text\" data-field-id=\"12\"><label class=\"wpforms-field-label\" for=\"wpforms-2189-field_12\">T\u00e9l\u00e9phone fixe <span class=\"wpforms-required-label\">*<\/span><\/label><input type=\"text\" id=\"wpforms-2189-field_12\" class=\"wpforms-field-small wpforms-field-required wpforms-limit-characters-enabled\" data-form-id=\"2189\" data-field-id=\"12\" data-text-limit=\"14\" name=\"wpforms[fields][12]\" maxlength=\"14\" required><div class=\"wpforms-field-description\">Votre num\u00e9ro de t\u00e9l\u00e9phone fixe. <font color=\"#FF0000\"><b>Sinon mettez des z\u00e9ros!<\/b> <\/font><\/div><\/div><div id=\"wpforms-2189-field_2-container\" class=\"wpforms-field wpforms-field-textarea\" data-field-id=\"2\"><label class=\"wpforms-field-label\" for=\"wpforms-2189-field_2\">Votre message <span class=\"wpforms-required-label\">*<\/span><\/label><textarea id=\"wpforms-2189-field_2\" class=\"wpforms-field-medium wpforms-field-required\" name=\"wpforms[fields][2]\" required><\/textarea><\/div><div id=\"wpforms-2189-field_18-container\" class=\"wpforms-field wpforms-field-file-upload\" data-field-id=\"18\"><label class=\"wpforms-field-label\" for=\"wpforms-2189-field_18\">Envoi de fichier(s) ci dessous si vous le souhaitez&#8230;<\/label><div\n\t\tclass=\"wpforms-uploader \"\n\t\tdata-field-id=\"18\"\n\t\tdata-form-id=\"2189\"\n\t\tdata-input-name=\"wpforms_2189_18\"\n\t\tdata-extensions=\"png,jpg,pdf,mp3,mp4\"\n\t\tdata-max-size=\"524288000\"\n\t\tdata-max-file-number=\"2\"\n\t\tdata-post-max-size=\"536870912\"\n\t\tdata-max-parallel-uploads=\"4\"\n\t\tdata-parallel-uploads=\"true\"\n\t\tdata-file-chunk-size=\"2097152\">\n\t<div class=\"dz-message\">\n\t\t<svg  viewBox=\"0 0 640 640\" focusable=\"false\" data-icon=\"inbox\" width=\"50px\" height=\"50px\" fill=\"currentColor\" aria-hidden=\"true\">\n\t\t\t<path d=\"M352 173.3L352 384C352 401.7 337.7 416 320 416C302.3 416 288 401.7 288 384L288 173.3L246.6 214.7C234.1 227.2 213.8 227.2 201.3 214.7C188.8 202.2 188.8 181.9 201.3 169.4L297.3 73.4C309.8 60.9 330.1 60.9 342.6 73.4L438.6 169.4C451.1 181.9 451.1 202.2 438.6 214.7C426.1 227.2 405.8 227.2 393.3 214.7L352 173.3zM320 464C364.2 464 400 428.2 400 384L480 384C515.3 384 544 412.7 544 448L544 480C544 515.3 515.3 544 480 544L160 544C124.7 544 96 515.3 96 480L96 448C96 412.7 124.7 384 160 384L240 384C240 428.2 275.8 464 320 464zM464 488C477.3 488 488 477.3 488 464C488 450.7 477.3 440 464 440C450.7 440 440 450.7 440 464C440 477.3 450.7 488 464 488z\"\/>\n\t\t<\/svg>\n\n\t\t<span class=\"modern-title\">\n\t\t\t\t\t\t\tDrag &amp; Drop Files, \t\t\t\t<span>Choose Files to Upload<\/span>\n\t\t\t\t\t<\/span>\n\n\t\t\t\t\t<span class=\"modern-hint\">Vous pouvez t\u00e9l\u00e9verser jusqu\u2019\u00e0 2 fichiers.<\/span>\n\t\t\t<\/div>\n<\/div>\n\n<input\n\t\ttype=\"text\"\n\t\tautocomplete=\"off\"\n\t\treadonly\n\t\tclass=\"dropzone-input\"\n\t\tstyle=\"position:absolute!important;clip:rect(0,0,0,0)!important;height:1px!important;width:1px!important;border:0!important;overflow:hidden!important;padding:0!important;margin:0!important;\"\n\t\tid=\"wpforms-2189-field_18\"\n\t\tname=\"wpforms_2189_18\" \t\tvalue=\"\">\n<\/div><div id=\"wpforms-2189-field_16-container\" class=\"wpforms-field wpforms-field-radio wpforms-list-3-columns\" data-field-id=\"16\"><label class=\"wpforms-field-label\">Souhaitez vous recevoir la lettre de communication (Newsletter) de l&#039;entreprise BERRAND sarl <span class=\"wpforms-required-label\">*<\/span><\/label><ul id=\"wpforms-2189-field_16\" class=\"wpforms-field-required wpforms-image-choices wpforms-image-choices-modern\"><li class=\"choice-1 depth-1 wpforms-image-choices-item wpforms-selected\"><label class=\"wpforms-field-label-inline\" for=\"wpforms-2189-field_16_1\" tabindex=\"0\"><span class=\"wpforms-image-choices-image\"><img decoding=\"async\" src=\"https:\/\/www.berrand-sarl.fr\/EnR\/wp-content\/uploads\/2023\/05\/l_ecrivain.gif\" alt=\"&lt;b&gt;OUI, OUI, OUI, ch&#039;suis d&#039;accord!&lt;\/b&gt;\" title=\"&lt;b&gt;OUI, OUI, OUI, ch&#039;suis d&#039;accord!&lt;\/b&gt;\"><\/span><input type=\"radio\" id=\"wpforms-2189-field_16_1\" class=\"wpforms-screen-reader-element\" name=\"wpforms[fields][16]\" value=\"&lt;b&gt;OUI, OUI, OUI, ch&#039;suis d&#039;accord!&lt;\/b&gt;\" tabindex=\"-1\" required  checked='checked'><span class=\"wpforms-image-choices-label\"><b>OUI, OUI, OUI, ch&rsquo;suis d&rsquo;accord!<\/b><\/span><\/label><\/li><li class=\"choice-2 depth-1 wpforms-image-choices-item\"><label class=\"wpforms-field-label-inline\" for=\"wpforms-2189-field_16_2\" tabindex=\"0\"><span class=\"wpforms-image-choices-image\"><img decoding=\"async\" src=\"https:\/\/www.berrand-sarl.fr\/EnR\/wp-content\/uploads\/2025\/03\/Animation-decu-2.gif\" alt=\"&lt;a href=&quot;https:\/\/www.berrand-sarl.fr\/EnR\/?mailpoet_page=subscriptions&amp;mailpoet_router&amp;endpoint=subscription&amp;action=confirm_unsubscribe&amp;data=eyJwcmV2aWV3IjoxfQ&quot;&gt;&lt;b&gt;NON, je clique ICI pour me d\u00e9sabonner&lt;\/b&gt;&lt;\/a&gt;\" title=\"&lt;a href=&quot;https:\/\/www.berrand-sarl.fr\/EnR\/?mailpoet_page=subscriptions&amp;mailpoet_router&amp;endpoint=subscription&amp;action=confirm_unsubscribe&amp;data=eyJwcmV2aWV3IjoxfQ&quot;&gt;&lt;b&gt;NON, je clique ICI pour me d\u00e9sabonner&lt;\/b&gt;&lt;\/a&gt;\"><\/span><input type=\"radio\" id=\"wpforms-2189-field_16_2\" class=\"wpforms-screen-reader-element\" name=\"wpforms[fields][16]\" value=\"&lt;a href=&quot;https:\/\/www.berrand-sarl.fr\/EnR\/?mailpoet_page=subscriptions&amp;mailpoet_router&amp;endpoint=subscription&amp;action=confirm_unsubscribe&amp;data=eyJwcmV2aWV3IjoxfQ&quot;&gt;&lt;b&gt;NON, je clique ICI pour me d\u00e9sabonner&lt;\/b&gt;&lt;\/a&gt;\" tabindex=\"-1\" required ><span class=\"wpforms-image-choices-label\"><a href=\"https:\/\/www.berrand-sarl.fr\/EnR\/?mailpoet_page=subscriptions&amp;mailpoet_router&amp;endpoint=subscription&amp;action=confirm_unsubscribe&amp;data=eyJwcmV2aWV3IjoxfQ\"><b>NON, je clique ICI pour me d\u00e9sabonner<\/b><\/a><\/span><\/label><\/li><li class=\"choice-3 depth-1 wpforms-image-choices-item\"><label class=\"wpforms-field-label-inline\" for=\"wpforms-2189-field_16_3\" tabindex=\"0\"><span class=\"wpforms-image-choices-image\"><img decoding=\"async\" src=\"https:\/\/www.berrand-sarl.fr\/EnR\/wp-content\/uploads\/2025\/03\/Animation-content2.gif\" alt=\"Yes! j&#039;suis d\u00e9j\u00e0 abonn\u00e9 et c&#039;est super... ...\" title=\"Yes! j&#039;suis d\u00e9j\u00e0 abonn\u00e9 et c&#039;est super... ...\"><\/span><input type=\"radio\" id=\"wpforms-2189-field_16_3\" class=\"wpforms-screen-reader-element\" name=\"wpforms[fields][16]\" value=\"Yes! j&#039;suis d\u00e9j\u00e0 abonn\u00e9 et c&#039;est super... ...\" tabindex=\"-1\" required ><span class=\"wpforms-image-choices-label\">Yes! j&rsquo;suis d\u00e9j\u00e0 abonn\u00e9 et c&rsquo;est super&#8230; &#8230;<\/span><\/label><\/li><\/ul><\/div><div id=\"wpforms-2189-field_17-container\" class=\"wpforms-field wpforms-field-date-time\" data-field-id=\"17\"><label class=\"wpforms-field-label\" for=\"wpforms-2189-field_17\">Date de votre demande : <span class=\"wpforms-required-label\">*<\/span><\/label><div class=\"wpforms-datepicker-wrap\"><input type=\"text\" id=\"wpforms-2189-field_17\" class=\"wpforms-field-date-time-date wpforms-datepicker wpforms-field-required wpforms-field-medium\" data-date-format=\"m\/d\/Y\" data-disable-past-dates=\"0\" data-input=\"true\" name=\"wpforms[fields][17][date]\" required><a title=\"Effacer la date\" data-clear role=\"button\" tabindex=\"0\" class=\"wpforms-datepicker-clear\" aria-label=\"Effacer la date\" style=\"display:none;\"><\/a><\/div><\/div>\t\t<div id=\"wpforms-2189-field_3-container\"\n\t\t\tclass=\"wpforms-field wpforms-field-text\"\n\t\t\tdata-field-type=\"text\"\n\t\t\tdata-field-id=\"3\"\n\t\t\t>\n\t\t\t<label class=\"wpforms-field-label\" for=\"wpforms-2189-field_3\" >de identit\u00e9 message<\/label>\n\t\t\t<input type=\"text\" id=\"wpforms-2189-field_3\" class=\"wpforms-field-medium\" name=\"wpforms[fields][3]\" >\n\t\t<\/div>\n\t\t<div id=\"wpforms-2189-field_5-container\" class=\"wpforms-field wpforms-field-gdpr-checkbox\" data-field-id=\"5\"><label class=\"wpforms-field-label\">Agr\u00e9ment RGPD <span class=\"wpforms-required-label\">*<\/span><\/label><ul id=\"wpforms-2189-field_5\" class=\"wpforms-field-required\"><li class=\"choice-1\"><input type=\"checkbox\" id=\"wpforms-2189-field_5_1\" name=\"wpforms[fields][5][]\" value=\"En soumettant ce formulaire, j\u2019accepte d&#039;\u00eatre contact\u00e9(e) par t\u00e9l\u00e9phone et\/ou email par l&#039;entreprise BERRAND sarl. Pour en savoir plus, consultez notre politique de confidentialit\u00e9\" required ><label class=\"wpforms-field-label-inline\" for=\"wpforms-2189-field_5_1\">En soumettant ce formulaire, j\u2019accepte d&rsquo;\u00eatre contact\u00e9(e) par t\u00e9l\u00e9phone et\/ou email par l&rsquo;entreprise BERRAND sarl. Pour en savoir plus, consultez notre politique de <a href=\"https:\/\/www.berrand-sarl.fr\/EnR\/politique-de-confidentialite\/\">confidentialit\u00e9<\/a><\/label><\/li><\/ul><\/div><script>\n\t\t\t\t( function() {\n\t\t\t\t\tconst style = document.createElement( 'style' );\n\t\t\t\t\tstyle.appendChild( document.createTextNode( '#wpforms-2189-field_3-container { position: absolute !important; overflow: hidden !important; display: inline !important; height: 1px !important; width: 1px !important; z-index: -1000 !important; padding: 0 !important; } #wpforms-2189-field_3-container input { visibility: hidden; } #wpforms-conversational-form-page #wpforms-2189-field_3-container label { counter-increment: none; }' ) );\n\t\t\t\t\tdocument.head.appendChild( style );\n\t\t\t\t\tdocument.currentScript?.remove();\n\t\t\t\t} )();\n\t\t\t<\/script><\/div><!-- .wpforms-field-container --><div class=\"wpforms-recaptcha-container wpforms-is-recaptcha wpforms-is-recaptcha-type-v2\" ><div class=\"g-recaptcha\" data-sitekey=\"6LeUsIwUAAAAALGaHMJPlOM7Ku7uJ91ysKTAsjRy\"><\/div><input type=\"text\" name=\"g-recaptcha-hidden\" class=\"wpforms-recaptcha-hidden\" style=\"position:absolute!important;clip:rect(0,0,0,0)!important;height:1px!important;width:1px!important;border:0!important;overflow:hidden!important;padding:0!important;margin:0!important;\" data-rule-recaptcha=\"1\"><\/div><div class=\"wpforms-submit-container\" ><input type=\"hidden\" name=\"wpforms[id]\" value=\"2189\"><input type=\"hidden\" name=\"page_title\" value=\"\"><input type=\"hidden\" name=\"page_url\" value=\"https:\/\/www.berrand-sarl.fr\/EnR\/wp-json\/wp\/v2\/pages\/641\"><input type=\"hidden\" name=\"url_referer\" value=\"\"><button type=\"submit\" name=\"wpforms[submit]\" id=\"wpforms-submit-2189\" class=\"wpforms-submit\" data-alt-text=\"C&#039;est parti !...\" data-submit-text=\"Envoyer\" aria-live=\"assertive\" value=\"wpforms-submit\">Envoyer<\/button><\/div><\/form><\/div>  <!-- .wpforms-container -->\n\n\n<figure class=\"wp-block-image size-full\"><img loading=\"lazy\" decoding=\"async\" width=\"1024\" height=\"5\" src=\"https:\/\/www.berrand-sarl.fr\/EnR\/wp-content\/uploads\/2024\/10\/barre_bleue_fonce.jpg\" alt=\"Barre bleue fonce\" class=\"wp-image-12113\" srcset=\"https:\/\/www.berrand-sarl.fr\/EnR\/wp-content\/uploads\/2024\/10\/barre_bleue_fonce.jpg 1024w, https:\/\/www.berrand-sarl.fr\/EnR\/wp-content\/uploads\/2024\/10\/barre_bleue_fonce-300x1.jpg 300w, https:\/\/www.berrand-sarl.fr\/EnR\/wp-content\/uploads\/2024\/10\/barre_bleue_fonce-768x4.jpg 768w\" sizes=\"auto, (max-width: 1024px) 100vw, 1024px\" \/><\/figure>\n\n\n\n<h2 class=\"wp-block-heading has-text-align-center\" style=\"font-size:22px\"><strong>Lire notre <\/strong>:<strong> <a href=\"https:\/\/www.berrand-sarl.fr\/EnR\/politique-de-confidentialite\/\">Politique de la Protection des Donn\u00e9es \u00e0 caract\u00e8re Personnel<\/a> <\/strong><\/h2>\n\n\n<div class=\"wp-block-image is-style-default\">\n<figure class=\"aligncenter size-large\"><a href=\"https:\/\/www.google.com\/maps\/place\/BERRAND+sarl+-+Chauffage+-+Plomberie+Sanitaires+-+%C3%89nergies+renouvelables+-+Ventilation+des+locaux\/@45.8488404,1.1333431,365m\/data=!3m2!1e3!4b1!4m8!1m2!11m1!3e4!3m4!1s0x47fec9679e8e713d:0xf32213e8c55112ca!8m2!3d45.8488404!4d1.1344374?hl=fr-FR\"><img loading=\"lazy\" decoding=\"async\" width=\"279\" height=\"257\" src=\"https:\/\/www.berrand-sarl.fr\/EnR\/wp-content\/uploads\/2019\/02\/Carte.gif\" alt=\"Nous sommes ICI\" class=\"wp-image-833\"\/><\/a><figcaption class=\"wp-element-caption\">&#8230; NOUS SOMMES ICI !<\/figcaption><\/figure>\n<\/div>\n\n\n<h3 class=\"wp-block-heading has-text-align-center has-vivid-red-color has-text-color has-medium-font-size\"><strong>Avertissement: <\/strong><\/h3>\n\n\n\n<p class=\"has-drop-cap has-text-align-left has-small-font-size\">Ce mod\u00e8le sera ult\u00e9rieurement compl\u00e9t\u00e9 par l\u2019information concernant les directives relatives au sort des donn\u00e9es \u00e0 caract\u00e8re personnel apr\u00e8s la mort (article 32-1-6\u00b0 de la loi du 6 janvier 1978 modifi\u00e9e). <br>Les informations recueillies sur ce formulaire sont enregistr\u00e9es dans un fichier informatis\u00e9 par BERRAND sarl pour Gestion de nos client\u00e8les, prospects et adh\u00e9rents, la gestion des ventes et achats sur internet,<br>Elles sont conserv\u00e9es pendant 10 ans et sont destin\u00e9es aux services commerciaux \u00e9tablis dans l\u2019Union europ\u00e9enne.<br>Conform\u00e9ment \u00e0 la loi informatique et libert\u00e9s, vous pouvez exercer votre droit d\u2019acc\u00e8s aux donn\u00e9es vous concernant et les faire rectifier en contactant :<br>Berrand sarl, 6 rue de Prasmounier, 87430 \u2013 Verneuil sur Vienne . France.<br>Nous vous informons de l\u2019existence de la liste d\u2019opposition au d\u00e9marchage t\u00e9l\u00e9phonique \u00ab&nbsp;Bloctel&nbsp;\u00bb, sur laquelle vous pouvez vous inscrire ici : <a href=\"https:\/\/www.bloctel.gouv.fr\/\">https:\/\/www.bloctel.gouv.fr\/<\/a><\/p>\n\n\n<div class=\"wp-block-image is-style-rounded\">\n<figure class=\"alignright size-full\" id=\"Haut_de_page\"><a href=\"#\"><img loading=\"lazy\" decoding=\"async\" width=\"40\" height=\"40\" src=\"https:\/\/www.berrand-sarl.fr\/EnR\/wp-content\/uploads\/2026\/04\/haut-page.jpg\" alt=\"Bouton haut page\" class=\"wp-image-15961\" title=\"Bouton vers haut de page\"\/><\/a><\/figure>\n<\/div>","protected":false},"excerpt":{"rendered":"<p>Entreprise BERRAND sarl 6 rue de Prasmounier 87430 \u2013 VERNEUIL \/ VIENNE T\u00e9l. : 05 55 00 14 99 Lire notre : Politique de la Protection des Donn\u00e9es \u00e0 caract\u00e8re Personnel Avertissement: Ce mod\u00e8le sera ult\u00e9rieurement compl\u00e9t\u00e9 par l\u2019information concernant&#8230; <\/p>\n","protected":false},"author":1,"featured_media":0,"parent":0,"menu_order":0,"comment_status":"closed","ping_status":"closed","template":"","meta":{"_seopress_robots_primary_cat":"","_seopress_titles_title":"Contact : Formulaire %%sitetitle%%","_seopress_titles_desc":"Pour contacter l'entreprise BERRAND sarl, utilisez notre formulaire de contact ci-joint","_seopress_robots_index":"","_themeisle_gutenberg_block_has_review":false,"footnotes":""},"class_list":["post-641","page","type-page","status-publish","hentry"],"_links":{"self":[{"href":"https:\/\/www.berrand-sarl.fr\/EnR\/wp-json\/wp\/v2\/pages\/641","targetHints":{"allow":["GET"]}}],"collection":[{"href":"https:\/\/www.berrand-sarl.fr\/EnR\/wp-json\/wp\/v2\/pages"}],"about":[{"href":"https:\/\/www.berrand-sarl.fr\/EnR\/wp-json\/wp\/v2\/types\/page"}],"author":[{"embeddable":true,"href":"https:\/\/www.berrand-sarl.fr\/EnR\/wp-json\/wp\/v2\/users\/1"}],"replies":[{"embeddable":true,"href":"https:\/\/www.berrand-sarl.fr\/EnR\/wp-json\/wp\/v2\/comments?post=641"}],"version-history":[{"count":0,"href":"https:\/\/www.berrand-sarl.fr\/EnR\/wp-json\/wp\/v2\/pages\/641\/revisions"}],"wp:attachment":[{"href":"https:\/\/www.berrand-sarl.fr\/EnR\/wp-json\/wp\/v2\/media?parent=641"}],"curies":[{"name":"wp","href":"https:\/\/api.w.org\/{rel}","templated":true}]}}