{"id":5132,"date":"2024-12-06T18:13:51","date_gmt":"2024-12-06T17:13:51","guid":{"rendered":"https:\/\/www.berrand-sarl.fr\/EnR\/?p=5132"},"modified":"2026-03-02T18:12:41","modified_gmt":"2026-03-02T17:12:41","slug":"leau-chaude-par-chauffe-eau-solaire","status":"publish","type":"page","link":"https:\/\/www.berrand-sarl.fr\/EnR\/leau-chaude-par-chauffe-eau-solaire\/","title":{"rendered":"Eau chaude par chauffe-eau solaire"},"content":{"rendered":"<div class=\"wp-block-image is-style-rounded\">\n<figure class=\"alignright size-full is-resized\" id=\"-Haut_de_page\"><a href=\"#Haut_de_page\" rel=\"Bouton haut page\"><img loading=\"lazy\" decoding=\"async\" width=\"40\" height=\"40\" src=\"https:\/\/www.berrand-sarl.fr\/EnR\/wp-content\/uploads\/2026\/04\/bas-page.jpg\" alt=\"Bouton bas page\" class=\"wp-image-15962\" style=\"width:40px;height:auto\" title=\"Vers bas de page\"\/><\/a><\/figure>\n<\/div>\n\n\n<h2 class=\"wp-block-heading has-text-align-center has-vivid-purple-color has-text-color\">Les candidats aux \u00e9nergies renouvelables<\/h2>\n\n\n\n<h3 class=\"wp-block-heading has-text-align-center has-vivid-red-color has-text-color\"><strong>&#8230;&nbsp;sont de plus en plus nombreux chez les particuliers!<\/strong><\/h3>\n\n\n\n<p class=\"has-drop-cap\"><mark style=\"background-color:rgba(0, 0, 0, 0);color:#7010cb\" class=\"has-inline-color\"><strong>Mais pour beaucoup, installer un chauffe-eau <a href=\"https:\/\/www.berrand-sarl.fr\/EnR\/capteurs-plans\/\">solaire<\/a> peut para\u00eetre encore une aventure. Pour vous aider, notre entreprise vous propose une aide claire, pr\u00e9cise et gratuite. Nous pouvons faire une \u00e9tude simple en simulation de rentabilit\u00e9. Il suffit pour cela de nous donner des informations sur votre b\u00e2timent, informations indispensables \u00e0 conna\u00eetre avant toute r\u00e9alisation d&#8217;installation de panneaux solaires.<\/strong><\/mark><\/p>\n\n\n\n<h2 class=\"wp-block-heading has-text-align-center\" style=\"font-size:22px\"><em><strong>D\u00e9couvrez nos dossiers<\/strong><\/em>:<\/h2>\n\n\n\n<ul class=\"wp-block-list\">\n<li>Est il int\u00e9ressant encore aujourd&#8217;hui d&#8217;envisager l&#8217;installation d&#8217;un&nbsp;<a href=\"https:\/\/www.berrand-sarl.fr\/EnR\/le-solaire-thermique-production-de-chaleur\/\"><strong>chauffe-eau solaire<\/strong><\/a>&nbsp;?<\/li>\n\n\n\n<li>Quelles sont les aides en Limousin? Cr\u00e9dit d&#8217;imp\u00f4t (<strong>Ma prime r\u00e9nov<\/strong>)? <strong><a href=\"https:\/\/www.credit-agricole.fr\/ca-centreouest\/particulier\/credit\/immobilier\/eco-pret-a-taux-zero.html\">Eco PTZ<\/a><\/strong>?<\/li>\n\n\n\n<li>L&#8217;ensoleillement re\u00e7u et l&#8217;ensemble des param\u00e8tres li\u00e9s \u00e0&nbsp;<strong><a href=\"https:\/\/www.berrand-sarl.fr\/EnR\/determination-dun-chauffe-eau-solaire-cesi\/\">votre propre maison<\/a><\/strong> sont&#8217; ils convenables?<\/li>\n\n\n\n<li>Faut-il passer sur un <a href=\"https:\/\/www.berrand-sarl.fr\/EnR\/le-chauffe-eau-thermodynamique-aerothermie\/\"><strong>chauffe eau thermodynamique<\/strong><\/a>?<\/li>\n\n\n\n<li>Qu&#8217;est-ce que le <a href=\"https:\/\/www.berrand-sarl.fr\/EnR\/chauffage-solaire-thermique\/\"><strong>Syst\u00e8me Solaire Combin\u00e9<\/strong><\/a>?<\/li>\n<\/ul>\n\n\n\n<h3 class=\"wp-block-heading has-vivid-red-color has-text-color\"><strong>Notre \u00e9tude sur le chauffe-eau solaire peut vous apporter des r\u00e9ponses pour notre zone g\u00e9ographique qu&#8217;est le Limousin.<\/strong><\/h3>\n\n\n\n<p class=\"has-text-align-center has-medium-font-size\"><strong><span style=\"color:#08712b\" class=\"has-inline-color\">Notre <a href=\"https:\/\/www.berrand-sarl.fr\/EnR\/nos-activites\/\">savoir faire<\/a>, depuis les ann\u00e9es 1980, nous place parmi les meilleures entreprises qualifi\u00e9es et certifi\u00e9es pour ces types de travaux.Nous sommes connus et reconnus pour la qualit\u00e9 de nos prestations.<\/span><\/strong><\/p>\n\n\n<div class=\"wp-block-image\">\n<figure class=\"aligncenter size-full\"><a href=\"https:\/\/www.berrand-sarl.fr\/EnR\/leau-chaude-par-chauffe-eau-solaire\/\"><img loading=\"lazy\" decoding=\"async\" width=\"500\" height=\"375\" src=\"https:\/\/www.berrand-sarl.fr\/EnR\/wp-content\/uploads\/2019\/02\/solaire_85.jpg\" alt=\"Capteurs solaires install\u00e9s en auvent\" class=\"wp-image-934\" title=\"Pose en auvent sur porte de garage. Capteurs horizontaux Bud\u00e9rus \/Bosch.\" srcset=\"https:\/\/www.berrand-sarl.fr\/EnR\/wp-content\/uploads\/2019\/02\/solaire_85.jpg 500w, https:\/\/www.berrand-sarl.fr\/EnR\/wp-content\/uploads\/2019\/02\/solaire_85-300x225.jpg 300w, https:\/\/www.berrand-sarl.fr\/EnR\/wp-content\/uploads\/2019\/02\/solaire_85-175x131.jpg 175w\" sizes=\"auto, (max-width: 500px) 100vw, 500px\" \/><\/a><figcaption class=\"wp-element-caption\">Capteurs solaires install\u00e9s en auvent<\/figcaption><\/figure>\n<\/div>\n\n\n<div style=\"height:33px\" aria-hidden=\"true\" class=\"wp-block-spacer\"><\/div>\n\n\n\n<h2 class=\"wp-block-heading has-text-align-center has-vivid-purple-color has-text-color has-large-font-size\"><strong>Vous voulez en savoir plus sur le solaire?<\/strong> <\/h2>\n\n\n\n<p class=\"has-text-align-center has-vivid-purple-color has-text-color has-medium-font-size\"><strong>voir les boutons ci dessous<\/strong>:<\/p>\n\n\n\n<div class=\"wp-block-buttons has-custom-font-size has-medium-font-size is-vertical is-content-justification-center is-layout-flex wp-container-core-buttons-is-layout-4649e89c wp-block-buttons-is-layout-flex\">\n<div class=\"wp-block-button has-custom-width wp-block-button__width-75 is-style-outline is-style-outline--2\"><a class=\"wp-block-button__link has-black-color has-text-color has-background wp-element-button\" href=\"https:\/\/www.berrand-sarl.fr\/EnR\/leau-chaude-par-chauffe-eau-solaire\" style=\"border-radius:11px;background:linear-gradient(143deg,rgb(202,248,128) 0%,rgb(113,206,126) 100%)\"><strong>Eau chaude solaire<\/strong><\/a><\/div>\n\n\n\n<div class=\"wp-block-button has-custom-width wp-block-button__width-75 is-style-outline is-style-outline--3\"><a class=\"wp-block-button__link has-black-color has-electric-grass-gradient-background has-text-color has-background wp-element-button\" href=\"https:\/\/www.berrand-sarl.fr\/EnR\/chauffage-solaire-thermique\" style=\"border-radius:11px\"><strong>Syst\u00e8me Solaire Combin\u00e9<\/strong><\/a><\/div>\n\n\n\n<div class=\"wp-block-button has-custom-width wp-block-button__width-75 is-style-outline is-style-outline--4\"><a class=\"wp-block-button__link has-black-color has-electric-grass-gradient-background has-text-color has-background wp-element-button\" href=\"https:\/\/www.berrand-sarl.fr\/EnR\/le-solaire-thermique-production-de-chaleur\" style=\"border-radius:10px\"><strong>Chauffe Eau Solaire<\/strong><\/a><\/div>\n\n\n\n<div class=\"wp-block-button has-custom-width wp-block-button__width-75 is-style-outline is-style-outline--5\"><a class=\"wp-block-button__link has-black-color has-text-color has-background wp-element-button\" href=\"https:\/\/www.berrand-sarl.fr\/EnR\/capteurs-plans\" style=\"border-radius:10px;background:linear-gradient(90deg,rgb(202,248,128) 0%,rgb(113,206,126) 100%)\"><strong>Capteur Plans<\/strong><\/a><\/div>\n\n\n\n<div class=\"wp-block-button has-custom-width wp-block-button__width-75 is-style-outline is-style-outline--6\"><a class=\"wp-block-button__link has-black-color has-electric-grass-gradient-background has-text-color has-background wp-element-button\" href=\"https:\/\/www.berrand-sarl.fr\/EnR\/capteur-tube-sous-vide\/\" style=\"border-radius:10px\"><strong>Capteurs sous vide<\/strong><\/a><\/div>\n<\/div>\n\n\n\n<div style=\"height:33px\" aria-hidden=\"true\" class=\"wp-block-spacer\"><\/div>\n\n\n<div class=\"wp-block-image is-style-rounded\">\n<figure class=\"alignright size-full\" id=\"Haut_de_page\"><a href=\"#\"><img loading=\"lazy\" decoding=\"async\" width=\"40\" height=\"40\" src=\"https:\/\/www.berrand-sarl.fr\/EnR\/wp-content\/uploads\/2026\/04\/haut-page.jpg\" alt=\"Bouton haut page\" class=\"wp-image-15961\" title=\"Bouton vers haut de page\"\/><\/a><\/figure>\n<\/div>","protected":false},"excerpt":{"rendered":"<p>Les candidats aux \u00e9nergies renouvelables &#8230;&nbsp;sont de plus en plus nombreux chez les particuliers! Mais pour beaucoup, installer un chauffe-eau solaire peut para\u00eetre encore une aventure. Pour vous aider, notre entreprise vous propose une aide claire, pr\u00e9cise et gratuite. Nous&#8230; <\/p>\n","protected":false},"author":1,"featured_media":0,"parent":0,"menu_order":0,"comment_status":"closed","ping_status":"closed","template":"","meta":{"_seopress_robots_primary_cat":"","_seopress_titles_title":"Eau chaude par chauffe-eau solaire %%sitetitle%%","_seopress_titles_desc":"Eau chaude par chauffe-eau solaire. Les candidats aux \u00e9nergies renouvelables sont de plus en plus nombreux chez les particuliers","_seopress_robots_index":"","_themeisle_gutenberg_block_has_review":false,"footnotes":""},"class_list":["post-5132","page","type-page","status-publish","hentry"],"_links":{"self":[{"href":"https:\/\/www.berrand-sarl.fr\/EnR\/wp-json\/wp\/v2\/pages\/5132","targetHints":{"allow":["GET"]}}],"collection":[{"href":"https:\/\/www.berrand-sarl.fr\/EnR\/wp-json\/wp\/v2\/pages"}],"about":[{"href":"https:\/\/www.berrand-sarl.fr\/EnR\/wp-json\/wp\/v2\/types\/page"}],"author":[{"embeddable":true,"href":"https:\/\/www.berrand-sarl.fr\/EnR\/wp-json\/wp\/v2\/users\/1"}],"replies":[{"embeddable":true,"href":"https:\/\/www.berrand-sarl.fr\/EnR\/wp-json\/wp\/v2\/comments?post=5132"}],"version-history":[{"count":0,"href":"https:\/\/www.berrand-sarl.fr\/EnR\/wp-json\/wp\/v2\/pages\/5132\/revisions"}],"wp:attachment":[{"href":"https:\/\/www.berrand-sarl.fr\/EnR\/wp-json\/wp\/v2\/media?parent=5132"}],"curies":[{"name":"wp","href":"https:\/\/api.w.org\/{rel}","templated":true}]}}