{"id":4792,"date":"2024-12-06T17:34:01","date_gmt":"2024-12-06T16:34:01","guid":{"rendered":"https:\/\/www.berrand-sarl.fr\/EnR\/?page_id=4792"},"modified":"2026-02-26T09:36:37","modified_gmt":"2026-02-26T08:36:37","slug":"canalisations-chauffage-central","status":"publish","type":"page","link":"https:\/\/www.berrand-sarl.fr\/EnR\/canalisations-chauffage-central\/","title":{"rendered":"Canalisations chauffage central"},"content":{"rendered":"<div class=\"wp-block-image is-style-rounded\">\n<figure class=\"alignright size-full is-resized\" id=\"-Haut_de_page\"><a href=\"#Haut_de_page\" rel=\"Bouton haut page\"><img loading=\"lazy\" decoding=\"async\" width=\"40\" height=\"40\" src=\"https:\/\/www.berrand-sarl.fr\/EnR\/wp-content\/uploads\/2026\/04\/bas-page.jpg\" alt=\"Bouton bas page\" class=\"wp-image-15962\" style=\"width:40px;height:auto\" title=\"Vers bas de page\"\/><\/a><\/figure>\n<\/div>\n\n\n<h2 class=\"wp-block-heading has-text-align-center has-text-color has-large-font-size\" style=\"color:#18b27a\"><strong>Les divers mat\u00e9riaux<\/strong><\/h2>\n\n\n\n<h3 class=\"wp-block-heading has-medium-font-size\"><em><mark style=\"background-color:rgba(0, 0, 0, 0)\" class=\"has-inline-color has-vivid-purple-color\"><strong>Dans notre travail journalier, nous sommes oblig\u00e9s de mettre en \u0153uvre divers types de canalisations pour alimenter, soit vos appareils de plomberie et de sanitaire, soit vos installations de chauffage ou de gaz, qu&#8217;il soit naturel, butane ou propane. Notre long savoir faire depuis plusieurs g\u00e9n\u00e9rations, avec l&#8217;outillage appropri\u00e9 pour chacun de ces mat\u00e9riaux, nous permet d&#8217;installer, de modifier vos installations avec n&#8217;importe lequel de ceux d\u00e9crits ci-dessous. Prix et caract\u00e9ristiques techniques ne vont pas forc\u00e9ment de concert. Votre choix, primordial, d\u00e9terminera la long\u00e9vit\u00e9 et la solidit\u00e9 de votre installation&#8230;<\/strong><\/mark><\/em><\/h3>\n\n\n\n<hr class=\"wp-block-separator\"\/>\n\n\n\n<p>Le <a href=\"https:\/\/www.berrand-sarl.fr\/EnR\/tube-cuivre\/\"><strong>tube cuivre<\/strong><\/a> ainsi que le <a href=\"https:\/\/www.berrand-sarl.fr\/EnR\/tube-acier-noir\/\"><strong>tube acier<\/strong><\/a>, requi\u00e8rent des techniques de travail particuli\u00e8res, n\u00e9cessitant comp\u00e9tences professionnelles, connaissances techniques profondes, grand soin, sens pratique mais aussi de l&#8217;esth\u00e9tique ne souffrant pas d&#8217;\u00e0 peu pr\u00e8s! Ce <a href=\"https:\/\/www.berrand-sarl.fr\/EnR\/nos-activites\/\">savoir faire<\/a> est la base de notre m\u00e9tier, parfois galvaud\u00e9 par certains installateurs plus qu&#8217; incomp\u00e9tents, seulement motiv\u00e9s et sans scrupule, par la recherche d&#8217;argent facile.<\/p>\n\n\n\n<p>Il vous suffit ici, pour obtenir les d\u00e9tails pour chacun des types de canalisations les plus utilis\u00e9es dans la profession, de passer simplement l&#8217;index de votre souris (&#8230; ou votre doigt pour les tablettes tactiles ou t\u00e9l\u00e9phones mobiles)&nbsp;sur l&#8217;image de votre \u00e9cran.<\/p>\n\n\n\n<p>Toutes ces canalisations ont des avantages, mais d&#8217;autres quelques inconv\u00e9nients majeurs qui ne vous laisseront pas insensibles au moment du choix des canalisations de votre installation. La diff\u00e9rence de prix de chacun de ces mat\u00e9riaux ainsi que la main d&#8217;oeuvre associ\u00e9e \u00e0 chacun d&#8217;entres eux  fait varier sensiblement le prix du m\u00e8tre lin\u00e9aire. La qualit\u00e9 et la performance doivent quand m\u00eame guider votre choix car une installation de <a href=\"https:\/\/www.berrand-sarl.fr\/EnR\/chauffage-central-a-eau-chaude\/\">chauffage<\/a> est faite pour de tr\u00e8s nombreuses ann\u00e9es.<\/p>\n\n\n\n<p> Bonne lecture.<\/p>\n\n\n\n<p class=\"has-text-align-center has-medium-font-size\"><strong><span class=\"has-inline-color has-vivid-purple-color\">En cliquant sur les images ci dessous, vous obtiendrez les propri\u00e9t\u00e9s, avantages et inconv\u00e9nients de chacun de ces mat\u00e9riaux<\/span><\/strong><\/p>\n\n\n\n<div class=\"wp-block-columns is-layout-flex wp-container-core-columns-is-layout-9d6595d7 wp-block-columns-is-layout-flex\">\n<div class=\"wp-block-column is-layout-flow wp-block-column-is-layout-flow\"><div class=\"wp-block-image\">\n<figure class=\"aligncenter size-full is-resized\"><a href=\"https:\/\/www.berrand-sarl.fr\/EnR\/tube-cuivre\/\"><img loading=\"lazy\" decoding=\"async\" width=\"400\" height=\"305\" src=\"https:\/\/www.berrand-sarl.fr\/EnR\/wp-content\/uploads\/2024\/03\/tubes-cuivre.jpg\" alt=\"tubes cuivre\" class=\"wp-image-11531\" style=\"width:190px;height:auto\" srcset=\"https:\/\/www.berrand-sarl.fr\/EnR\/wp-content\/uploads\/2024\/03\/tubes-cuivre.jpg 400w, https:\/\/www.berrand-sarl.fr\/EnR\/wp-content\/uploads\/2024\/03\/tubes-cuivre-300x229.jpg 300w\" sizes=\"auto, (max-width: 400px) 100vw, 400px\" \/><\/a><figcaption class=\"wp-element-caption\">Tube Cuivre Ecroui<\/figcaption><\/figure>\n<\/div><\/div>\n\n\n\n<div class=\"wp-block-column is-layout-flow wp-block-column-is-layout-flow\"><div class=\"wp-block-image\">\n<figure class=\"aligncenter size-large is-resized\"><a href=\"https:\/\/www.berrand-sarl.fr\/EnR\/tube-multicouches\/\"><img loading=\"lazy\" decoding=\"async\" width=\"200\" height=\"150\" src=\"https:\/\/www.berrand-sarl.fr\/EnR\/wp-content\/uploads\/2020\/05\/Tube_multicouche.jpg\" alt=\"Tube Multicouche\" class=\"wp-image-4798\" style=\"width:224px;height:auto\"\/><\/a><figcaption class=\"wp-element-caption\">Tube Multicouche<\/figcaption><\/figure>\n<\/div>\n\n\n<p><\/p>\n\n\n\n<p><\/p>\n<\/div>\n<\/div>\n\n\n\n<div class=\"wp-block-columns is-layout-flex wp-container-core-columns-is-layout-9d6595d7 wp-block-columns-is-layout-flex\">\n<div class=\"wp-block-column is-layout-flow wp-block-column-is-layout-flow\"><div class=\"wp-block-image\">\n<figure class=\"aligncenter size-large\"><a href=\"https:\/\/www.berrand-sarl.fr\/EnR\/tube-polyethylene-per\/\"><img loading=\"lazy\" decoding=\"async\" width=\"200\" height=\"150\" src=\"https:\/\/www.berrand-sarl.fr\/EnR\/wp-content\/uploads\/2020\/05\/Tube_PER_rouge.jpg\" alt=\"Tube Per Rouge\" class=\"wp-image-4799\"\/><\/a><figcaption class=\"wp-element-caption\">Tube PER Rouge, Bleu ou Noir<\/figcaption><\/figure>\n<\/div><\/div>\n\n\n\n<div class=\"wp-block-column is-layout-flow wp-block-column-is-layout-flow\"><div class=\"wp-block-image\">\n<figure class=\"aligncenter size-large is-resized\"><a href=\"https:\/\/www.berrand-sarl.fr\/EnR\/tube-acier-noir\/\"><img loading=\"lazy\" decoding=\"async\" width=\"200\" height=\"150\" src=\"https:\/\/www.berrand-sarl.fr\/EnR\/wp-content\/uploads\/2020\/05\/tube_acier_noir.jpg\" alt=\"Tube Acier Noir\" class=\"wp-image-4796\" style=\"width:212px;height:auto\"\/><\/a><figcaption class=\"wp-element-caption\">Tube Acier Noir<\/figcaption><\/figure>\n<\/div><\/div>\n<\/div>\n\n\n\n<div style=\"height:18px\" aria-hidden=\"true\" class=\"wp-block-spacer\"><\/div>\n\n\n<div class=\"wp-block-image is-style-rounded\">\n<figure class=\"alignright size-full\" id=\"Haut_de_page\"><a href=\"#\"><img loading=\"lazy\" decoding=\"async\" width=\"40\" height=\"40\" src=\"https:\/\/www.berrand-sarl.fr\/EnR\/wp-content\/uploads\/2026\/04\/haut-page.jpg\" alt=\"Bouton haut page\" class=\"wp-image-15961\" title=\"Bouton vers haut de page\"\/><\/a><\/figure>\n<\/div>","protected":false},"excerpt":{"rendered":"<p>Les divers mat\u00e9riaux Dans notre travail journalier, nous sommes oblig\u00e9s de mettre en \u0153uvre divers types de canalisations pour alimenter, soit vos appareils de plomberie et de sanitaire, soit vos installations de chauffage ou de gaz, qu&#8217;il soit naturel, butane&#8230; <\/p>\n","protected":false},"author":1,"featured_media":0,"parent":0,"menu_order":0,"comment_status":"closed","ping_status":"closed","template":"","meta":{"_seopress_robots_primary_cat":"","_seopress_titles_title":"Canalisations chauffage central","_seopress_titles_desc":"Il vous suffit ici, pour obtenir quelques d\u00e9tails pour chacun des types de canalisations les plus utilis\u00e9es dans la profession. Lire la suite ==>","_seopress_robots_index":"","_themeisle_gutenberg_block_has_review":false,"footnotes":""},"class_list":["post-4792","page","type-page","status-publish","hentry"],"_links":{"self":[{"href":"https:\/\/www.berrand-sarl.fr\/EnR\/wp-json\/wp\/v2\/pages\/4792","targetHints":{"allow":["GET"]}}],"collection":[{"href":"https:\/\/www.berrand-sarl.fr\/EnR\/wp-json\/wp\/v2\/pages"}],"about":[{"href":"https:\/\/www.berrand-sarl.fr\/EnR\/wp-json\/wp\/v2\/types\/page"}],"author":[{"embeddable":true,"href":"https:\/\/www.berrand-sarl.fr\/EnR\/wp-json\/wp\/v2\/users\/1"}],"replies":[{"embeddable":true,"href":"https:\/\/www.berrand-sarl.fr\/EnR\/wp-json\/wp\/v2\/comments?post=4792"}],"version-history":[{"count":0,"href":"https:\/\/www.berrand-sarl.fr\/EnR\/wp-json\/wp\/v2\/pages\/4792\/revisions"}],"wp:attachment":[{"href":"https:\/\/www.berrand-sarl.fr\/EnR\/wp-json\/wp\/v2\/media?parent=4792"}],"curies":[{"name":"wp","href":"https:\/\/api.w.org\/{rel}","templated":true}]}}