{"id":4676,"date":"2024-12-22T18:31:33","date_gmt":"2024-12-22T17:31:33","guid":{"rendered":"https:\/\/www.berrand-sarl.fr\/EnR\/?page_id=4676"},"modified":"2026-03-03T11:18:37","modified_gmt":"2026-03-03T10:18:37","slug":"poeles-a-granules-de-bois","status":"publish","type":"page","link":"https:\/\/www.berrand-sarl.fr\/EnR\/poeles-a-granules-de-bois\/","title":{"rendered":"Po\u00eales granul\u00e9s de bois"},"content":{"rendered":"\n<h2 class=\"wp-block-heading has-text-align-center has-vivid-purple-color has-text-color\">ou Po\u00eale \u00e0 &#8220;Pellets&#8221;<\/h2>\n\n\n<div class=\"wp-block-image is-style-rounded\">\n<figure class=\"alignright size-full is-resized\" id=\"-Haut_de_page\"><a href=\"#Haut_de_page\" rel=\"Bouton haut page\"><img loading=\"lazy\" decoding=\"async\" width=\"40\" height=\"40\" src=\"https:\/\/www.berrand-sarl.fr\/EnR\/wp-content\/uploads\/2026\/04\/bas-page.jpg\" alt=\"Bouton bas page\" class=\"wp-image-15962\" style=\"width:40px;height:auto\" title=\"Vers bas de page\"\/><\/a><\/figure>\n<\/div>\n\n\n<p>Les <a href=\"https:\/\/www.berrand-sarl.fr\/EnR\/les-poeles-a-bois-buches\/\">po\u00eales<\/a> \u00e0 <a href=\"https:\/\/www.berrand-sarl.fr\/EnR\/chaudiere-a-granules-de-bois-pellets\/\">granul\u00e9s<\/a> de <a href=\"https:\/\/www.berrand-sarl.fr\/EnR\/chaudiere-a-granules-de-bois-pellets\/\">bois<\/a>, \u00e9galement appel\u00e9s pellets, repr\u00e9sentent une solution de <a href=\"https:\/\/www.berrand-sarl.fr\/EnR\/chauffage-central-a-eau-chaude\/\">chauffage<\/a> moderne et \u00e9cologique. Gr\u00e2ce \u00e0 leur technologie avanc\u00e9e, ils permettent de r\u00e9aliser des \u00e9conomies d\u2019\u00e9nergie tout en offrant une installation facile dans les maisons et appartements, m\u00eame avec des conduits de fum\u00e9e de petite taille. Disponibles avec des finitions en acier, c\u00e9ramique ou pierre ollaire, ces po\u00eales s\u2019int\u00e8grent harmonieusement dans tous les styles de d\u00e9coration.<\/p>\n\n\n\n<p>Avec leur autonomie prolong\u00e9e et la possibilit\u00e9 de programmation hebdomadaire, les po\u00eales \u00e0 granul\u00e9s se distinguent par leur praticit\u00e9 et deviennent vite indispensables pour un confort de chauffage optimal.<\/p>\n\n\n\n<p>Nous offrons une installation professionnelle de po\u00eales \u00e0 granul\u00e9s certifi\u00e9s, en conformit\u00e9 avec les r\u00e9glementations en vigueur. Contrairement aux po\u00eales \u00e0 bois traditionnels de nos grands-parents, ces dispositifs sont le fruit d\u2019une technologie moderne sophistiqu\u00e9e. Leur mise en place n\u00e9cessite une expertise particuli\u00e8re \u00e0 laquelle nous sommes form\u00e9s. Nous garantissons ainsi leur fonctionnement optimal et s\u00e9curis\u00e9 pour votre tranquillit\u00e9 d&#8217;esprit.<\/p>\n\n\n\n<h2 class=\"wp-block-heading has-vivid-purple-color has-text-color\">Thermo-Po\u00eale \u00e0 granul\u00e9s de bois<\/h2>\n\n\n\n<hr class=\"wp-block-separator has-css-opacity\"\/>\n\n\n<div class=\"wp-block-image\">\n<figure class=\"aligncenter size-medium is-resized\"><img loading=\"lazy\" decoding=\"async\" width=\"169\" height=\"300\" src=\"https:\/\/www.berrand-sarl.fr\/EnR\/wp-content\/uploads\/2024\/12\/e97axnkw-169x300.jpg\" alt=\"Thermo-po\u00eale \u00e0 granul\u00e9s de bois\" class=\"wp-image-12763\" style=\"width:333px;height:auto\" srcset=\"https:\/\/www.berrand-sarl.fr\/EnR\/wp-content\/uploads\/2024\/12\/e97axnkw-169x300.jpg 169w, https:\/\/www.berrand-sarl.fr\/EnR\/wp-content\/uploads\/2024\/12\/e97axnkw.bmp 576w\" sizes=\"auto, (max-width: 169px) 100vw, 169px\" \/><\/figure>\n<\/div>\n\n\n<p>Le thermo-po\u00eale \u00e0 granul\u00e9s est un appareil qui repose sur une technologie similaire \u00e0 celle d&#8217;un po\u00eale traditionnel, mais il est sp\u00e9cialement con\u00e7u pour fonctionner comme une chaudi\u00e8re de <a href=\"https:\/\/www.berrand-sarl.fr\/EnR\/\">chauffage central<\/a> \u00e0 eau chaude. Il est capable de chauffer facilement une maison \u00e9quip\u00e9e d&#8217;une dizaine de <a href=\"https:\/\/www.berrand-sarl.fr\/EnR\/radiateurs-seche-serviettes\/\">radiateurs<\/a> ou d&#8217;un <a href=\"https:\/\/www.berrand-sarl.fr\/EnR\/plancher-chauffant-basse-temperature-pcbt\/\">plancher chauffant<\/a>, tout en fournissant \u00e9galement de l&#8217;eau chaude sanitaire. Lorsqu&#8217;il est associ\u00e9 \u00e0 un <strong><a href=\"https:\/\/www.berrand-sarl.fr\/EnR\/le-solaire-thermique-production-de-chaleur\/\">chauffe-eau solaire<\/a><\/strong>, il constitue un excellent exemple de solutions \u00e9cologiques et d&#8217;\u00e9conomies d&#8217;\u00e9nergie.<\/p>\n\n\n\n<figure class=\"wp-block-image size-large is-resized\"><img loading=\"lazy\" decoding=\"async\" width=\"1024\" height=\"768\" src=\"https:\/\/www.berrand-sarl.fr\/EnR\/wp-content\/uploads\/2020\/02\/Chaufferie2-1-1024x768.jpg\" alt=\"Chaufferie thermo po\u00eale\" class=\"wp-image-4011\" style=\"width:840px;height:auto\" srcset=\"https:\/\/www.berrand-sarl.fr\/EnR\/wp-content\/uploads\/2020\/02\/Chaufferie2-1-1024x768.jpg 1024w, https:\/\/www.berrand-sarl.fr\/EnR\/wp-content\/uploads\/2020\/02\/Chaufferie2-1-300x225.jpg 300w, https:\/\/www.berrand-sarl.fr\/EnR\/wp-content\/uploads\/2020\/02\/Chaufferie2-1-768x576.jpg 768w, https:\/\/www.berrand-sarl.fr\/EnR\/wp-content\/uploads\/2020\/02\/Chaufferie2-1.jpg 1500w\" sizes=\"auto, (max-width: 1024px) 100vw, 1024px\" \/><figcaption class=\"wp-element-caption\">Ballon tampon chauffage (Bleu) et ballon eau chaude sanitaire (Blanc) <\/figcaption><\/figure>\n\n\n\n<h3 class=\"wp-block-heading\">\u00c9quip\u00e9s de t\u00e9l\u00e9commandes pour vous offrir un maximum de confort, ces appareils d\u00e9pendent de l&#8217;\u00e9lectricit\u00e9 pour faire fonctionner la turbine. Sans \u00e9lectricit\u00e9, pas de chauffage !<\/h3>\n\n\n\n<p class=\"has-very-light-gray-color has-vivid-red-background-color has-text-color has-background\"><strong>Dernier point crucial : \u00c9tant donn\u00e9 que l&#8217;intensit\u00e9 du courant \u00e9lectrique peut varier consid\u00e9rablement selon les r\u00e9gions de France, nous vous recommandons vivement d&#8217;installer un &#8220;onduleur&#8221; adapt\u00e9 lors de l&#8217;installation de votre po\u00eale \u00e0 pellets. Cela vous permettra de prot\u00e9ger les cartes \u00e9lectroniques de votre appareil et d\u2019\u00e9viter des remplacements fr\u00e9quents.<\/strong><\/p>\n\n\n\n<p><br>La <strong>qualit\u00e9 des granul\u00e9s<\/strong> que vous utilisez est essentielle pour le bon fonctionnement de votre po\u00eale \u00e0 pellets. Nous vous conseillons d&#8217;opter pour des produits propos\u00e9s par des entreprises locales, dans une d\u00e9marche de d\u00e9veloppement durable. En choisissant le bois comme source d&#8217;\u00e9nergie, vous r\u00e9duisez les besoins en transport pour acheminer le combustible jusqu&#8217;\u00e0 votre domicile.<\/p>\n\n\n\n<p>En valorisant nos for\u00eats, nous soutenons l\u2019\u00e9conomie locale en cr\u00e9ant des emplois et en favorisant des productions innovantes de haute qualit\u00e9. Cette approche contribue \u00e9galement \u00e0 pr\u00e9server l&#8217;environnement et \u00e0 maintenir le cadre de vie agr\u00e9able que nous ch\u00e9rissons, tout en permettant une ouverture vers le monde.<\/p>\n\n\n<div class=\"wp-block-image is-style-rounded\">\n<figure class=\"alignright size-full\" id=\"Haut_de_page\"><a href=\"#\"><img loading=\"lazy\" decoding=\"async\" width=\"40\" height=\"40\" src=\"https:\/\/www.berrand-sarl.fr\/EnR\/wp-content\/uploads\/2026\/04\/haut-page.jpg\" alt=\"Bouton haut page\" class=\"wp-image-15961\" title=\"Bouton vers haut de page\"\/><\/a><\/figure>\n<\/div>","protected":false},"excerpt":{"rendered":"<p>ou Po\u00eale \u00e0 &#8220;Pellets&#8221; Les po\u00eales \u00e0 granul\u00e9s de bois, \u00e9galement appel\u00e9s pellets, repr\u00e9sentent une solution de chauffage moderne et \u00e9cologique. Gr\u00e2ce \u00e0 leur technologie avanc\u00e9e, ils permettent de r\u00e9aliser des \u00e9conomies d\u2019\u00e9nergie tout en offrant une installation facile dans&#8230; <\/p>\n","protected":false},"author":1,"featured_media":0,"parent":0,"menu_order":0,"comment_status":"closed","ping_status":"closed","template":"","meta":{"_seopress_robots_primary_cat":"","_seopress_titles_title":"Po\u00eales granul\u00e9s de bois","_seopress_titles_desc":"Les po\u00eales \u00e0 granul\u00e9s de bois (ou pellets) sont le r\u00e9sultat d\u2019une technologie avanc\u00e9e pour un chauffage \u00e9cologique et une \u00e9conomie d\u2019\u00e9nergie","_seopress_robots_index":"","_themeisle_gutenberg_block_has_review":false,"footnotes":""},"class_list":["post-4676","page","type-page","status-publish","hentry"],"_links":{"self":[{"href":"https:\/\/www.berrand-sarl.fr\/EnR\/wp-json\/wp\/v2\/pages\/4676","targetHints":{"allow":["GET"]}}],"collection":[{"href":"https:\/\/www.berrand-sarl.fr\/EnR\/wp-json\/wp\/v2\/pages"}],"about":[{"href":"https:\/\/www.berrand-sarl.fr\/EnR\/wp-json\/wp\/v2\/types\/page"}],"author":[{"embeddable":true,"href":"https:\/\/www.berrand-sarl.fr\/EnR\/wp-json\/wp\/v2\/users\/1"}],"replies":[{"embeddable":true,"href":"https:\/\/www.berrand-sarl.fr\/EnR\/wp-json\/wp\/v2\/comments?post=4676"}],"version-history":[{"count":0,"href":"https:\/\/www.berrand-sarl.fr\/EnR\/wp-json\/wp\/v2\/pages\/4676\/revisions"}],"wp:attachment":[{"href":"https:\/\/www.berrand-sarl.fr\/EnR\/wp-json\/wp\/v2\/media?parent=4676"}],"curies":[{"name":"wp","href":"https:\/\/api.w.org\/{rel}","templated":true}]}}