{"id":4077,"date":"2025-01-02T14:38:08","date_gmt":"2025-01-02T13:38:08","guid":{"rendered":"https:\/\/www.berrand-sarl.fr\/EnR\/?page_id=4077"},"modified":"2026-02-26T10:22:28","modified_gmt":"2026-02-26T09:22:28","slug":"la-chaudiere-dite-ventouse","status":"publish","type":"page","link":"https:\/\/www.berrand-sarl.fr\/EnR\/la-chaudiere-dite-ventouse\/","title":{"rendered":"Chaudi\u00e8re dite Ventouse"},"content":{"rendered":"<div class=\"wp-block-image is-style-rounded\">\n<figure class=\"alignright size-full is-resized\" id=\"-Haut_de_page\"><a href=\"#Haut_de_page\" rel=\"Bouton haut page\"><img loading=\"lazy\" decoding=\"async\" width=\"40\" height=\"40\" src=\"https:\/\/www.berrand-sarl.fr\/EnR\/wp-content\/uploads\/2026\/04\/bas-page.jpg\" alt=\"Bouton bas page\" class=\"wp-image-15962\" style=\"width:40px;height:auto\" title=\"Vers bas de page\"\/><\/a><\/figure>\n<\/div>\n\n\n<h2 class=\"wp-block-heading has-vivid-purple-color has-text-color\"><strong>R\u00e9ponse technique au remplacement du chauffage \u00e9lectrique<\/strong><\/h2>\n\n\n\n<blockquote class=\"wp-block-quote has-vivid-purple-color has-text-color has-link-color wp-elements-243c1195877ac0e8995d57a79912a072 is-layout-flow wp-block-quote-is-layout-flow\">\n<p>Depuis 1973, la crise p\u00e9troli\u00e8re a entra\u00een\u00e9 une hausse significative des <strong><a href=\"https:\/\/www.berrand-sarl.fr\/EnR\/comparatif-du-cout-des-energies-en-france\/\">prix des \u00e9nergies fossiles<\/a><\/strong>, favorisant ainsi le d\u00e9veloppement du &#8220;chauffage \u00e9lectrique int\u00e9gr\u00e9&#8221; (CEI). Toutefois, cette technologie pr\u00e9sente plusieurs inconv\u00e9nients notables. Le confort thermique est souvent insatisfaisant en raison des fluctuations importantes entre l&#8217;activation et la d\u00e9sactivation du thermostat sur des appareils de moindre performance. De plus, le co\u00fbt d&#8217;exploitation annuel s&#8217;av\u00e8re excessif pour obtenir un <a href=\"https:\/\/www.berrand-sarl.fr\/EnR\/chauffage-central-a-eau-chaude\/\">chauffage<\/a> ad\u00e9quat, m\u00eame \u00e0 des temp\u00e9ratures mod\u00e9r\u00e9es.<\/p>\n<\/blockquote>\n\n\n\n<p>Les tarifs appliqu\u00e9s par les fournisseurs en \u00e9lectricit\u00e9, tels que le tarif EJP qui a encore ses adeptes en 2025, se r\u00e9v\u00e8lent inadapt\u00e9s, car ils interrompent le chauffage \u00e9lectrique durant les 22 jours les plus froids, alors que les temp\u00e9ratures ext\u00e9rieures sont inf\u00e9rieures \u00e0 5\u00b0C. Initialement, ce tarif \u00e9tait con\u00e7u pour des syst\u00e8mes tels que les<strong><a href=\"https:\/\/www.berrand-sarl.fr\/EnR\/la-pompe-a-chaleur\/\"> pompes \u00e0 chaleur<\/a><\/strong> et pour la bi-\u00e9nergie \u00e9lectro-fioul, aujourd&#8217;hui quasiment disparu.<\/p>\n\n\n\n<p>Par ailleurs, l&#8217;introduction d&#8217;inserts \u00e0 <a href=\"https:\/\/www.berrand-sarl.fr\/EnR\/chaudiere-a-granules-de-bois-pellets\/\">bois<\/a> vise \u00e0 att\u00e9nuer les co\u00fbts d&#8217;exploitation en proposant une solution de chauffage moins on\u00e9reuse. Cependant, cette option se r\u00e9v\u00e8le \u00e9galement plus contraignante, salissante et polluante. Contrairement \u00e0 certaines id\u00e9es re\u00e7ues, le bois, lorsqu&#8217;il est utilis\u00e9 dans sa forme la plus naturelle, figure <strong><a href=\"https:\/\/www.berrand-sarl.fr\/EnR\/le-chauffage-au-bois-dangereux-pour-la-sante\/\">parmi les combustibles les plus polluants<\/a><\/strong>, \u00e0 l&#8217;instar du charbon.<\/p>\n\n\n\n<p>Malgr\u00e9 ces inconv\u00e9nients, l&#8217;am\u00e9lioration de l&#8217;isolation et l&#8217;int\u00e9gration de la <strong><a href=\"https:\/\/www.berrand-sarl.fr\/EnR\/ventilation-locaux\/\">ventilation m\u00e9canique <\/a><\/strong>dans les habitations repr\u00e9sentent des avanc\u00e9es notables, favorisant des \u00e9conomies d&#8217;\u00e9nergie ind\u00e9pendamment du type d&#8217;\u00e9nergie utilis\u00e9. La prise de conscience croissante des utilisateurs de chauffage \u00e9lectrique les incite \u00e0 envisager le remplacement de ce syst\u00e8me par un <strong><a href=\"https:\/\/www.berrand-sarl.fr\/EnR\/chauffage-central-a-eau-chaude\/\">chauffage \u00e0 eau chaude<\/a><\/strong>. Il est cependant important de noter que de nombreuses habitations ne disposent souvent que d&#8217;un seul conduit de fum\u00e9e, g\u00e9n\u00e9ralement r\u00e9serv\u00e9 \u00e0 l&#8217;insert, ou en sont totalement d\u00e9pourvues.<\/p>\n\n\n\n<h3 class=\"wp-block-heading has-vivid-cyan-blue-color has-text-color\"><em>Comment cela fonctionne une ventouse de chaudi\u00e8re<\/em><\/h3>\n\n\n\n<p>Le sch\u00e9ma ci-dessous repr\u00e9sente la chambre de combustion d&#8217;une&nbsp;<a href=\"https:\/\/www.berrand-sarl.fr\/EnR\/chauffage-au-gaz-naturel\/\"><strong>chaudi\u00e8re au gaz avec ventouse<\/strong><\/a>, dite aussi &#8220;chaudi\u00e8re \u00e9tanche.&#8221;<\/p>\n\n\n<div class=\"wp-block-image\">\n<figure class=\"aligncenter size-large is-resized\"><img loading=\"lazy\" decoding=\"async\" width=\"450\" height=\"618\" src=\"https:\/\/www.berrand-sarl.fr\/EnR\/wp-content\/uploads\/2019\/02\/principe_ventouse_grand-1.jpg\" alt=\" Principe de fonctionnement d'une chaudi\u00e8re \u00e0 ventouse au gaz\" class=\"wp-image-1211\" style=\"width:338px;height:464px\" srcset=\"https:\/\/www.berrand-sarl.fr\/EnR\/wp-content\/uploads\/2019\/02\/principe_ventouse_grand-1.jpg 450w, https:\/\/www.berrand-sarl.fr\/EnR\/wp-content\/uploads\/2019\/02\/principe_ventouse_grand-1-218x300.jpg 218w, https:\/\/www.berrand-sarl.fr\/EnR\/wp-content\/uploads\/2019\/02\/principe_ventouse_grand-1-364x500.jpg 364w\" sizes=\"auto, (max-width: 450px) 100vw, 450px\" \/><\/figure>\n<\/div>\n\n\n<p>L&#8217;air pr\u00e9sent dans la pi\u00e8ce o\u00f9 se trouve la chaudi\u00e8re n&#8217;est pas utilis\u00e9 pour la <strong><a href=\"https:\/\/www.berrand-sarl.fr\/EnR\/chauffage-au-gaz-naturel\/\">combustion du gaz<\/a><\/strong>, contrairement aux syst\u00e8mes traditionnels dits &#8220;chemin\u00e9e&#8221;, qui n\u00e9cessitent un raccordement \u00e0 un conduit de fum\u00e9e. Ce type de chaudi\u00e8re assure une combustion propre, ce qui am\u00e9liore consid\u00e9rablement son rendement.<\/p>\n\n\n\n<p>Le terminal, constitu\u00e9 de deux tubes concentriques, dont le tube ext\u00e9rieur a un diam\u00e8tre de 100 \u00e0 125 mm pour le gaz et de 125 mm pour le <a href=\"https:\/\/www.berrand-sarl.fr\/EnR\/chauffage-au-fioul-domestique\/\">fioul<\/a> ou le <strong><a href=\"https:\/\/www.berrand-sarl.fr\/EnR\/chaudiere-a-granules-de-bois-pellets\/\">granul\u00e9 de bois (pellets)<\/a><\/strong>, permet d&#8217;aspirer l&#8217;air frais n\u00e9cessaire \u00e0 la combustion tout en \u00e9vacuant les gaz br\u00fbl\u00e9s \u00e0 l&#8217;aide d&#8217;une turbine \u00e9lectrique. Son installation peut se faire \u00e0 travers un mur ou un toit, en respectant des r\u00e8gles sp\u00e9cifiques et conformes aux diff\u00e9rents <a href=\"https:\/\/www.berrand-sarl.fr\/EnR\/a-propos-de-nous\/\">avis<\/a> techniques ainsi qu&#8217;au D.T.U.<\/p>\n\n\n\n<p>Le co\u00fbt d&#8217;exploitation par rapport \u00e0 un chauffage \u00e9lectrique peut \u00eatre r\u00e9duit de fa\u00e7on significative, en fonction du type d&#8217;\u00e9nergie utilis\u00e9e, ce qui rend le chauffage au gaz, au fioul ou \u00e0 pellets tr\u00e8s abordable.<\/p>\n\n\n\n<p>Ainsi, il n&#8217;est plus n\u00e9cessaire d&#8217;avoir un conduit de fum\u00e9e dans une habitation pour l&#8217;installation d&#8217;un <a href=\"https:\/\/www.berrand-sarl.fr\/EnR\/\">chauffage central<\/a> \u00e0 eau chaude. Ce syst\u00e8me fonctionne avec <strong><a href=\"https:\/\/www.berrand-sarl.fr\/EnR\/chauffage-au-gaz-naturel\/\">le gaz naturel<\/a><\/strong>, le gaz <a href=\"https:\/\/www.berrand-sarl.fr\/EnR\/chauffage-au-gaz-naturel\/\">propane<\/a> (GPL) et le fioul, le seul changement \u00e9tant le type de combustible utilis\u00e9, tandis que le principe reste identique. La chaudi\u00e8re peut \u00eatre plac\u00e9e presque n&#8217;importe o\u00f9 dans la maison.<\/p>\n\n\n\n<p>Cependant, bien que ce syst\u00e8me existe, il n&#8217;est pas recommand\u00e9 pour les<strong><a href=\"https:\/\/www.berrand-sarl.fr\/EnR\/les-poeles-a-bois-buches\/\"> po\u00eales \u00e0 granul\u00e9s de bois<\/a><\/strong> (pellets), en raison des <strong><a href=\"https:\/\/www.berrand-sarl.fr\/EnR\/le-chauffage-au-bois-dangereux-pour-la-sante\/\">particules de combustion<\/a><\/strong> qui ont tendance \u00e0 encrasser les murs. Quant \u00e0 l&#8217;utilisation de <a href=\"https:\/\/www.berrand-sarl.fr\/EnR\/les-poeles-a-bois-buches\/\">b\u00fbches<\/a> de bois, ce syst\u00e8me ne semble pas adapt\u00e9 en raison de son mode de <strong><a href=\"https:\/\/www.berrand-sarl.fr\/EnR\/le-chauffage-au-bois-dangereux-pour-la-sante\/\">combustion tr\u00e8s polluant<\/a><\/strong>.<\/p>\n\n\n<div class=\"wp-block-image is-style-rounded\">\n<figure class=\"alignright size-full\" id=\"Haut_de_page\"><a href=\"#\"><img loading=\"lazy\" decoding=\"async\" width=\"40\" height=\"40\" src=\"https:\/\/www.berrand-sarl.fr\/EnR\/wp-content\/uploads\/2026\/04\/haut-page.jpg\" alt=\"Bouton haut page\" class=\"wp-image-15961\" title=\"Bouton vers haut de page\"\/><\/a><\/figure>\n<\/div>","protected":false},"excerpt":{"rendered":"<p>R\u00e9ponse technique au remplacement du chauffage \u00e9lectrique Depuis 1973, la crise p\u00e9troli\u00e8re a entra\u00een\u00e9 une hausse significative des prix des \u00e9nergies fossiles, favorisant ainsi le d\u00e9veloppement du &#8220;chauffage \u00e9lectrique int\u00e9gr\u00e9&#8221; (CEI). Toutefois, cette technologie pr\u00e9sente plusieurs inconv\u00e9nients notables. Le confort&#8230; <\/p>\n","protected":false},"author":1,"featured_media":0,"parent":0,"menu_order":0,"comment_status":"closed","ping_status":"closed","template":"","meta":{"_seopress_robots_primary_cat":"","_seopress_titles_title":"Chaudi\u00e8re dite Ventouse %%sep%% %%sitetitle%%","_seopress_titles_desc":"Une r\u00e9ponse technique au remplacement du chauffage \u00e9lectrique. On conna\u00eet aujourd\u2019hui les inconv\u00e9nients d\u2019un tel proc\u00e9d\u00e9 de chauffage. Suite...","_seopress_robots_index":"","_themeisle_gutenberg_block_has_review":false,"footnotes":""},"class_list":["post-4077","page","type-page","status-publish","hentry"],"_links":{"self":[{"href":"https:\/\/www.berrand-sarl.fr\/EnR\/wp-json\/wp\/v2\/pages\/4077","targetHints":{"allow":["GET"]}}],"collection":[{"href":"https:\/\/www.berrand-sarl.fr\/EnR\/wp-json\/wp\/v2\/pages"}],"about":[{"href":"https:\/\/www.berrand-sarl.fr\/EnR\/wp-json\/wp\/v2\/types\/page"}],"author":[{"embeddable":true,"href":"https:\/\/www.berrand-sarl.fr\/EnR\/wp-json\/wp\/v2\/users\/1"}],"replies":[{"embeddable":true,"href":"https:\/\/www.berrand-sarl.fr\/EnR\/wp-json\/wp\/v2\/comments?post=4077"}],"version-history":[{"count":0,"href":"https:\/\/www.berrand-sarl.fr\/EnR\/wp-json\/wp\/v2\/pages\/4077\/revisions"}],"wp:attachment":[{"href":"https:\/\/www.berrand-sarl.fr\/EnR\/wp-json\/wp\/v2\/media?parent=4077"}],"curies":[{"name":"wp","href":"https:\/\/api.w.org\/{rel}","templated":true}]}}