{"id":3699,"date":"2024-12-06T19:01:04","date_gmt":"2024-12-06T18:01:04","guid":{"rendered":"https:\/\/www.berrand-sarl.fr\/EnR\/?page_id=3699"},"modified":"2026-03-29T15:46:50","modified_gmt":"2026-03-29T13:46:50","slug":"pompe-a-chaleur","status":"publish","type":"page","link":"https:\/\/www.berrand-sarl.fr\/EnR\/pompe-a-chaleur\/","title":{"rendered":"La pompe \u00e0 chaleur, ce n&#8217;est pas tout r\u00e9cent"},"content":{"rendered":"<div class=\"wp-block-image is-style-rounded\">\n<figure class=\"alignright size-full is-resized\" id=\"-Haut_de_page\"><a href=\"#Haut_de_page\" rel=\"Bouton haut page\"><img loading=\"lazy\" decoding=\"async\" width=\"40\" height=\"40\" src=\"https:\/\/www.berrand-sarl.fr\/EnR\/wp-content\/uploads\/2026\/04\/bas-page.jpg\" alt=\"Bouton bas page\" class=\"wp-image-15962\" style=\"width:40px;height:auto\" title=\"Vers bas de page\"\/><\/a><\/figure>\n<\/div>\n\n\n<h2 class=\"wp-block-heading has-text-align-center has-text-color has-large-font-size\" style=\"color:#8005f3\"><mark style=\"background-color:rgba(0, 0, 0, 0);color:#1da473\" class=\"has-inline-color\">Historique de la pompe \u00e0 chaleur<\/mark><\/h2>\n\n\n\n<h2 class=\"wp-block-heading has-vivid-purple-color has-text-color\">Un peu d&#8217;histoire&#8230;<\/h2>\n\n\n\n<h3 class=\"wp-block-heading has-vivid-purple-color has-text-color has-medium-font-size\"><em>Le principe de la pompe \u00e0 chaleur<\/em><\/h3>\n\n\n\n<p style=\"font-size:18px\">&#8230;&nbsp;n&#8217;est pas tout r\u00e9cent, c&#8217;est la naissance de la <strong><em><a href=\"https:\/\/fr.wikipedia.org\/wiki\/Thermodynamique\">thermodynamique<\/a><\/em><\/strong> qui jettera les bases \u00e0 partir de 1832, des diverses r\u00e8gles qui d\u00e9finiront les lois la pompe \u00e0 chaleur. De grands chercheurs comme Sadi Carnot, James Prescott Joule, Lord Kelvin, Rudolf Clausius en seront les pr\u00e9curseurs.<\/p>\n\n\n\n<p style=\"font-size:18px\"><strong><a href=\"https:\/\/www.google.com\/search?q=jacob+perkins&amp;client=firefox-b-d&amp;sca_esv=ac943ea8c69708b9&amp;ei=r7p6Z_zbJYTU7M8P8ri9kAY&amp;gs_ssp=eJzj4tTP1TcwNy9PzjVg9OLNSkzOT1IoSC3KzswrBgBm9whn&amp;oq=Jacob+Perkins&amp;gs_lp=Egxnd3Mtd2l6LXNlcnAiDUphY29iIFBlcmtpbnMqAggAMgUQLhiABDIFEAAYgAQyBhAAGBYYHjIGEAAYFhgeMgYQABgWGB4yBhAAGBYYHjIGEAAYFhgeMgYQABgWGB4yBhAAGBYYHjIGEAAYFhgeMhQQLhiABBiXBRjcBBjeBBjfBNgBAUiDIVCjEVijEXABeAGQAQCYAUygAUyqAQExuAEByAEA-AEC-AEBmAIEoALbHMICChAAGLADGNYEGEfCAg0QABiABBiwAxhDGIoFwgIOEAAYsAMY5AIY1gTYAQHCAhkQLhiABBiwAxjRAxhDGMcBGMgDGIoF2AEBwgITEC4YgAQYsAMYQxjIAxiKBdgBAZgDAIgGAZAGELoGBggBEAEYCZIHBTIuNy0yoAe_DA&amp;sclient=gws-wiz-serp\"><em>Jacob Perkins<\/em><\/a><\/strong> en 1834 r\u00e9alise les premi\u00e8res machines de r\u00e9frig\u00e9ration avec de l&#8217;\u00e9ther comme r\u00e9frig\u00e9rant, ce sont les Am\u00e9ricains qui d\u00e8s 1920 s&#8217;int\u00e9ressent \u00e0 la <a href=\"https:\/\/www.berrand-sarl.fr\/EnR\/climatisation-des-locaux\/\">climatisation<\/a>. <strong><a href=\"https:\/\/www.google.com\/search?client=firefox-b-d&amp;q=Willis+Haviland+Carrier\"><em>Willis Haviland Carrier<\/em><\/a><\/strong> invente la premi\u00e8re machine centrifuge de r\u00e9frig\u00e9ration, le conditionneur d&#8217;air s&#8217;installe dans la vie quotidienne, les magasins, les cin\u00e9mas et l&#8217;on commence \u00e0 r\u00e9fl\u00e9chir \u00e0 la r\u00e9cup\u00e9ration de l&#8217;\u00e9nergie perdue par les installations de froid commerciales (condenseur).<\/p>\n\n\n<div class=\"wp-block-image is-style-default\">\n<figure class=\"aligncenter size-large\"><img loading=\"lazy\" decoding=\"async\" width=\"654\" height=\"390\" src=\"https:\/\/www.berrand-sarl.fr\/EnR\/wp-content\/uploads\/2019\/02\/Principe_Pompe_a_chaleur.jpg\" alt=\"Principe de la pompe \u00e0 chaleur\" class=\"wp-image-1166\" srcset=\"https:\/\/www.berrand-sarl.fr\/EnR\/wp-content\/uploads\/2019\/02\/Principe_Pompe_a_chaleur.jpg 654w, https:\/\/www.berrand-sarl.fr\/EnR\/wp-content\/uploads\/2019\/02\/Principe_Pompe_a_chaleur-300x179.jpg 300w\" sizes=\"auto, (max-width: 654px) 100vw, 654px\" \/><figcaption class=\"wp-element-caption\"> <em>Sch\u00e9ma de principe d&#8217;une pompe \u00e0 chaleur<\/em> <\/figcaption><\/figure>\n<\/div>\n\n\n<p style=\"font-size:18px\">Mais c&#8217;est dans les ann\u00e9es 1950 aux \u00c9tats-Unis que le d\u00e9veloppement de cette technique a \u00e9t\u00e9 spectaculaire, tant dans l&#8217;industriel que pour le particulier. Fin des ann\u00e9es 50 l&#8217;industrie automobile am\u00e9ricaine introduit la climatisation dans ces v\u00e9hicules.<\/p>\n\n\n\n<p style=\"font-size:18px\">En Europe le d\u00e9veloppement a \u00e9t\u00e9 bien moins rapide, car c&#8217;est \u00e0 partir des ann\u00e9es 1970 et le premier choc p\u00e9trolier que tout d\u00e9marre enfin par des installations ponctuelles, les incidents de fonctionnement \u00e9taient nombreux, la fiabilit\u00e9 du mat\u00e9riel n&#8217;\u00e9tant pas au rendez-vous, il fallait que les constructeurs fassent leurs armes. L&#8217;exp\u00e9rience am\u00e9ricaine a quand m\u00eame profit\u00e9 \u00e0 l&#8217;Europe car un grand nombre de pi\u00e8ces d\u00e9tach\u00e9es provenaient des USA et c&#8217;est vers la fin des ann\u00e9es 1970 que les fabricants offriront \u00e0 leurs clients des pompes \u00e0 chaleur enfin fiables avec des coefficients de performances int\u00e9ressants.<\/p>\n\n\n\n<p style=\"font-size:18px\">Le d\u00e9but des ann\u00e9es 80 furent le d\u00e9but d&#8217;une expansion importante avec l&#8217;apparition sur le march\u00e9 Europ\u00e9en des constructeurs Japonais , l&#8217;esth\u00e9tique, le niveau sonore, les performances deviennent des arguments forts aupr\u00e8s des particuliers qui investissent dans ce syst\u00e8me de <a href=\"https:\/\/www.berrand-sarl.fr\/EnR\/chauffage-central-a-eau-chaude\/\">chauffage<\/a> avec moins de r\u00e9ticence que auparavant.<\/p>\n\n\n\n<p style=\"font-size:18px\">De nos jours, la fiscalit\u00e9, l&#8217;\u00e9cologie, le prix sont des crit\u00e8res de choix importants, mais ne perdons pas de vue que ce sont les performances, la fiabilit\u00e9 (?!?!) qui garantiront la p\u00e9rennit\u00e9 de nos installations.<br><\/p>\n\n\n\n<p class=\"has-text-align-center\" style=\"font-size:24px\"><strong><mark style=\"background-color:rgba(0, 0, 0, 0);color:#f70202\" class=\"has-inline-color\">Ah, n\u2019oubliez pas, un <a href=\"https:\/\/www.berrand-sarl.fr\/EnR\/maintenance-des-pompe-a-chaleur\/\">contrat d\u2019entretien est obligatoire <\/a>pour toutes les pompes \u00e0 chaleur!<\/mark><\/strong> <strong><a href=\"https:\/\/www.berrand-sarl.fr\/EnR\/contacter\/\">CONTACTEZ NOUS<\/a><\/strong><\/p>\n\n\n<div class=\"wp-block-image\">\n<figure data-wp-context=\"{&quot;imageId&quot;:&quot;69ecfe03ba054&quot;}\" data-wp-interactive=\"core\/image\" data-wp-key=\"69ecfe03ba054\" class=\"aligncenter size-large is-resized wp-lightbox-container\"><img loading=\"lazy\" decoding=\"async\" width=\"724\" height=\"1024\" data-wp-class--hide=\"state.isContentHidden\" data-wp-class--show=\"state.isContentVisible\" data-wp-init=\"callbacks.setButtonStyles\" data-wp-on--click=\"actions.showLightbox\" data-wp-on--load=\"callbacks.setButtonStyles\" data-wp-on-window--resize=\"callbacks.setButtonStyles\" src=\"https:\/\/www.berrand-sarl.fr\/EnR\/wp-content\/uploads\/2026\/02\/qualifcation-quali-pac-eau-rge-22-04-2025-au-22-04-2026-724x1024.jpg\" alt=\"Qualifcation quali pac eau RGE 2025_2026\" class=\"wp-image-15214\" style=\"aspect-ratio:0.7070288941279675;width:452px;height:auto\" srcset=\"https:\/\/www.berrand-sarl.fr\/EnR\/wp-content\/uploads\/2026\/02\/qualifcation-quali-pac-eau-rge-22-04-2025-au-22-04-2026-724x1024.jpg 724w, https:\/\/www.berrand-sarl.fr\/EnR\/wp-content\/uploads\/2026\/02\/qualifcation-quali-pac-eau-rge-22-04-2025-au-22-04-2026-212x300.jpg 212w, https:\/\/www.berrand-sarl.fr\/EnR\/wp-content\/uploads\/2026\/02\/qualifcation-quali-pac-eau-rge-22-04-2025-au-22-04-2026-768x1086.jpg 768w, https:\/\/www.berrand-sarl.fr\/EnR\/wp-content\/uploads\/2026\/02\/qualifcation-quali-pac-eau-rge-22-04-2025-au-22-04-2026-1086x1536.jpg 1086w, https:\/\/www.berrand-sarl.fr\/EnR\/wp-content\/uploads\/2026\/02\/qualifcation-quali-pac-eau-rge-22-04-2025-au-22-04-2026-1448x2048.jpg 1448w, https:\/\/www.berrand-sarl.fr\/EnR\/wp-content\/uploads\/2026\/02\/qualifcation-quali-pac-eau-rge-22-04-2025-au-22-04-2026-1320x1867.jpg 1320w, https:\/\/www.berrand-sarl.fr\/EnR\/wp-content\/uploads\/2026\/02\/qualifcation-quali-pac-eau-rge-22-04-2025-au-22-04-2026.jpg 1654w\" sizes=\"auto, (max-width: 724px) 100vw, 724px\" \/><button\n\t\t\tclass=\"lightbox-trigger\"\n\t\t\ttype=\"button\"\n\t\t\taria-haspopup=\"dialog\"\n\t\t\taria-label=\"Agrandir\"\n\t\t\tdata-wp-init=\"callbacks.initTriggerButton\"\n\t\t\tdata-wp-on--click=\"actions.showLightbox\"\n\t\t\tdata-wp-style--right=\"state.imageButtonRight\"\n\t\t\tdata-wp-style--top=\"state.imageButtonTop\"\n\t\t>\n\t\t\t<svg xmlns=\"http:\/\/www.w3.org\/2000\/svg\" width=\"12\" height=\"12\" fill=\"none\" viewBox=\"0 0 12 12\">\n\t\t\t\t<path fill=\"#fff\" d=\"M2 0a2 2 0 0 0-2 2v2h1.5V2a.5.5 0 0 1 .5-.5h2V0H2Zm2 10.5H2a.5.5 0 0 1-.5-.5V8H0v2a2 2 0 0 0 2 2h2v-1.5ZM8 12v-1.5h2a.5.5 0 0 0 .5-.5V8H12v2a2 2 0 0 1-2 2H8Zm2-12a2 2 0 0 1 2 2v2h-1.5V2a.5.5 0 0 0-.5-.5H8V0h2Z\" \/>\n\t\t\t<\/svg>\n\t\t<\/button><figcaption class=\"wp-element-caption\">Qualifcation quali pac eau RGE 2025_2026<\/figcaption><\/figure>\n<\/div>\n\n<div class=\"wp-block-image is-style-rounded\">\n<figure class=\"alignright size-full\" id=\"Haut_de_page\"><a href=\"#\"><img loading=\"lazy\" decoding=\"async\" width=\"40\" height=\"40\" src=\"https:\/\/www.berrand-sarl.fr\/EnR\/wp-content\/uploads\/2026\/04\/haut-page.jpg\" alt=\"Bouton haut page\" class=\"wp-image-15961\" title=\"Bouton vers haut de page\"\/><\/a><\/figure>\n<\/div>","protected":false},"excerpt":{"rendered":"<p>Historique de la pompe \u00e0 chaleur Un peu d&#8217;histoire&#8230; Le principe de la pompe \u00e0 chaleur &#8230;&nbsp;n&#8217;est pas tout r\u00e9cent, c&#8217;est la naissance de la thermodynamique qui jettera les bases \u00e0 partir de 1832, des diverses r\u00e8gles qui d\u00e9finiront les&#8230; <\/p>\n","protected":false},"author":1,"featured_media":0,"parent":0,"menu_order":0,"comment_status":"closed","ping_status":"closed","template":"","meta":{"_seopress_robots_primary_cat":"","_seopress_titles_title":"La pompe \u00e0 chaleur, ce n'est pas tout r\u00e9cent","_seopress_titles_desc":"Un peu d\u2019histoire; Le principe de la pompe \u00e0 chaleur n\u2019est pas tout r\u00e9cent, c\u2019est la naissance de la thermodynamique qui jettera les bases  vers 1832","_seopress_robots_index":"","_themeisle_gutenberg_block_has_review":false,"footnotes":""},"class_list":["post-3699","page","type-page","status-publish","hentry"],"_links":{"self":[{"href":"https:\/\/www.berrand-sarl.fr\/EnR\/wp-json\/wp\/v2\/pages\/3699","targetHints":{"allow":["GET"]}}],"collection":[{"href":"https:\/\/www.berrand-sarl.fr\/EnR\/wp-json\/wp\/v2\/pages"}],"about":[{"href":"https:\/\/www.berrand-sarl.fr\/EnR\/wp-json\/wp\/v2\/types\/page"}],"author":[{"embeddable":true,"href":"https:\/\/www.berrand-sarl.fr\/EnR\/wp-json\/wp\/v2\/users\/1"}],"replies":[{"embeddable":true,"href":"https:\/\/www.berrand-sarl.fr\/EnR\/wp-json\/wp\/v2\/comments?post=3699"}],"version-history":[{"count":0,"href":"https:\/\/www.berrand-sarl.fr\/EnR\/wp-json\/wp\/v2\/pages\/3699\/revisions"}],"wp:attachment":[{"href":"https:\/\/www.berrand-sarl.fr\/EnR\/wp-json\/wp\/v2\/media?parent=3699"}],"curies":[{"name":"wp","href":"https:\/\/api.w.org\/{rel}","templated":true}]}}