{"id":3212,"date":"2024-12-06T17:38:42","date_gmt":"2024-12-06T16:38:42","guid":{"rendered":"https:\/\/www.berrand-sarl.fr\/EnR\/?page_id=3212"},"modified":"2026-04-01T16:19:28","modified_gmt":"2026-04-01T14:19:28","slug":"chauffage-au-fioul-domestique","status":"publish","type":"page","link":"https:\/\/www.berrand-sarl.fr\/EnR\/chauffage-au-fioul-domestique\/","title":{"rendered":"Chauffage au fioul"},"content":{"rendered":"<div class=\"wp-block-image is-style-rounded\">\n<figure class=\"alignright size-full is-resized\" id=\"-Haut_de_page\"><a href=\"#Haut_de_page\" rel=\"Bouton haut page\"><img loading=\"lazy\" decoding=\"async\" width=\"40\" height=\"40\" src=\"https:\/\/www.berrand-sarl.fr\/EnR\/wp-content\/uploads\/2026\/04\/bas-page.jpg\" alt=\"Bouton bas page\" class=\"wp-image-15962\" style=\"width:40px;height:auto\" title=\"Vers bas de page\"\/><\/a><\/figure>\n<\/div>\n\n\n<h2 class=\"wp-block-heading has-text-align-center has-vivid-purple-color has-text-color has-large-font-size\">Le chauffage au fioul domestique<\/h2>\n\n\n\n<h3 class=\"wp-block-heading has-text-align-center has-vivid-purple-color has-text-color has-large-font-size\">Id\u00e9al pour votre confort, <\/h3>\n\n\n\n<h3 class=\"wp-block-heading\">Le chauffage au fioul domestique vous offre une palette de solutions adapt\u00e9es \u00e0 vos besoins quotidiens.<\/h3>\n\n\n\n<p class=\"has-medium-font-size\">Aujourd&#8217;hui, pr\u00e8s d&#8217;une maison sur 4 en France a choisi ce mode de <a href=\"https:\/\/www.berrand-sarl.fr\/EnR\/chauffage-central-a-eau-chaude\/\">chauffage<\/a> et ce n&#8217;est pas un hasard. \u00c9conomique sur le long-terme et b\u00e9n\u00e9ficiant de nouvelles solutions technologiques plus respectueuses de l&#8217;environnement, le fioul domestique vous permet de profiter d&#8217;un confort exceptionnel et d&#8217;une chaleur homog\u00e8ne dans toute votre habitation.<\/p>\n\n\n\n<p class=\"has-medium-font-size\">Pratique, il facilite aussi la vie des familles m\u00eame les plus nombreuses, puisque l&#8217;eau chaude sanitaire est disponible \u00e0 volont\u00e9. Enfin, il sait se faire discret, avec des \u00e9quipements modernes et esth\u00e9tiques qui se fondent dans la d\u00e9coration de votre maison :&nbsp;<strong><a href=\"https:\/\/www.berrand-sarl.fr\/EnR\/plancher-chauffant-basse-temperature-pcbt\/\">plancher chauffant<\/a><\/strong>,&nbsp;<a href=\"https:\/\/www.berrand-sarl.fr\/EnR\/radiateurs-seche-serviettes\/\"><strong>radiateurs design ou encore s\u00e8che-serviettes<\/strong>.<\/a><\/p>\n\n\n<div class=\"wp-block-image is-style-default\">\n<figure class=\"aligncenter size-large is-resized\"><img loading=\"lazy\" decoding=\"async\" width=\"674\" height=\"819\" src=\"https:\/\/www.berrand-sarl.fr\/EnR\/wp-content\/uploads\/2019\/12\/chaudi\u00e8re-fioul-condensation.jpg\" alt=\"Chaudi\u00e8re Fioul Condensation Bosch 55kw\/h\" class=\"wp-image-3222\" style=\"width:674px;height:819px\" srcset=\"https:\/\/www.berrand-sarl.fr\/EnR\/wp-content\/uploads\/2019\/12\/chaudi\u00e8re-fioul-condensation.jpg 674w, https:\/\/www.berrand-sarl.fr\/EnR\/wp-content\/uploads\/2019\/12\/chaudi\u00e8re-fioul-condensation-247x300.jpg 247w\" sizes=\"auto, (max-width: 674px) 100vw, 674px\" \/><figcaption class=\"wp-element-caption\">Chaudi\u00e8re Fioul Condensation<\/figcaption><\/figure>\n<\/div>\n\n\n<h3 class=\"wp-block-heading has-text-align-center has-vivid-purple-color has-text-color\">Avantages :<\/h3>\n\n\n\n<p class=\"has-medium-font-size\">Les solutions fioul actuelles profitent des nouvelles technologies avec, par exemple,<strong>&nbsp;les chaudi\u00e8res dites &#8220;\u00e0 condensation&#8221; (<a href=\"https:\/\/www.berrand-sarl.fr\/Entreprise\/Sons_MP3_MP4\/Technologie_de_la_condensation.mp4\">Lire la vid\u00e9o ci dessous<\/a><\/strong>) qui peuvent vous faire \u00e9conomiser jusqu&#8217;\u00e0 35 %&nbsp; d&#8217;\u00e9nergie* par rapport aux anciennes chaudi\u00e8res de plus de vingt ans. Comp\u00e9titive sur le long terme*, l&#8217;\u00e9nergie fioul est sans co\u00fbt fixe ni abonnement. Vous payez uniquement ce que vous consommez.<\/p>\n\n\n\n<h2 class=\"wp-block-heading has-text-align-center has-vivid-purple-color has-text-color has-large-font-size\">L&#8217;avenir du fioul domestique<\/h2>\n\n\n\n<p class=\"has-medium-font-size\">Pourtant cette \u00e9nergie est aujourd&#8217;hui malmen\u00e9e pour des raisons plus ou moins politiques, \u00e9cologiques et \u00e9conomiques. Se pose donc le probl\u00e8me d\u00e9licat du remplacement des <strong>chaufferies au fioul domestique<\/strong> par des \u00e9nergies plus vertueuses, mais dont les co\u00fbts d&#8217;installation et d&#8217;entretien deviennent  parfois pharaoniques, m\u00eame avec les aides publiques. Il nous semble raisonnable ici de dire que les installations les plus simples sont les moins contraignantes \u00e0 tous points de vue.<\/p>\n\n\n\n<p class=\"has-text-align-center has-vivid-red-color has-text-color has-medium-font-size\"><strong><a href=\"https:\/\/www.berrand-sarl.fr\/EnR\/chaudiere-biofioul-f30-hybride\/\">Voir page sur la chaudi\u00e8re Bio Fioul<\/a><\/strong><\/p>\n\n\n\n<p class=\"has-drop-cap has-text-align-left has-vivid-purple-color has-text-color has-medium-font-size\">L\u2019av\u00e8nement de la technologie de la &#8220;chaudi\u00e8re \u00e0 condensation&#8221;,  tout comme pour le <a href=\"https:\/\/www.berrand-sarl.fr\/EnR\/chauffage-au-gaz-naturel\/\">gaz naturel<\/a> ou le gaz <a href=\"https:\/\/www.berrand-sarl.fr\/EnR\/chauffage-au-gaz-naturel\/\">propane<\/a> car la technologie est identique, pla\u00e7ait  l&#8217;\u00e9nergie fioul  parmi les plus performantes et la rendait une des moins on\u00e9reuse en mati\u00e8re de chauffage. Une \u00e9conomie de pr\u00e8s de 30%  d&#8217;\u00e9nergie lors d&#8217;un remplacement de chaudi\u00e8re n&#8217;est pas chose anodine&#8230; <\/p>\n\n\n\n<figure class=\"wp-block-video aligncenter\"><video controls poster=\"https:\/\/www.berrand-sarl.fr\/EnR\/wp-content\/uploads\/2024\/11\/entete-video-condensation.jpg\" src=\"https:\/\/www.berrand-sarl.fr\/Entreprise\/Sons_MP3_MP4\/Technologie_de_la_condensation.mp4\"><\/video><\/figure>\n\n\n\n<hr class=\"wp-block-separator has-text-color has-vivid-purple-color has-css-opacity has-vivid-purple-background-color has-background is-style-wide\"\/>\n\n\n\n<p class=\"has-medium-font-size\"><mark style=\"background-color:rgba(0, 0, 0, 0)\" class=\"has-inline-color has-vivid-red-color\">Au 1er juillet 2022, la chaudi\u00e8re au fioul domestique traditionnelle n\u2019est plus autoris\u00e9e \u00e0 l\u2019installation dans les b\u00e2timents neufs.&nbsp;<strong>Les particuliers ne pourront donc plus installer de chaudi\u00e8res fioul neuves si le seuil d\u2019\u00e9missions de gaz \u00e0 effet de serre d\u00e9passe les 300 gr de CO2 \u00e9quivalent\/kWh PCI&nbsp;<\/strong><em>(D\u00e9cret du 6 janvier 2022 paru au journal officiel de la R\u00e9publique)<\/em> :<\/mark> <strong><a href=\"https:\/\/www.berrand-sarl.fr\/EnR\/chaudiere-biofioul-f30-hybride\/\">La chaudi\u00e8re biofioul F30, hybride<\/a><\/strong><mark style=\"background-color:rgba(0, 0, 0, 0)\" class=\"has-inline-color has-vivid-purple-color\"> <\/mark>devient la solution pour son remplacement sans autre acc\u00e8s \u00e0 une autre \u00e9nergie&#8230; <\/p>\n\n\n<div class=\"wp-block-image is-style-rounded\">\n<figure class=\"alignright size-full\" id=\"Haut_de_page\"><a href=\"#\"><img loading=\"lazy\" decoding=\"async\" width=\"40\" height=\"40\" src=\"https:\/\/www.berrand-sarl.fr\/EnR\/wp-content\/uploads\/2026\/04\/haut-page.jpg\" alt=\"Bouton haut page\" class=\"wp-image-15961\" title=\"Bouton vers haut de page\"\/><\/a><\/figure>\n<\/div>","protected":false},"excerpt":{"rendered":"<p>Le chauffage au fioul domestique Id\u00e9al pour votre confort, Le chauffage au fioul domestique vous offre une palette de solutions adapt\u00e9es \u00e0 vos besoins quotidiens. Aujourd&#8217;hui, pr\u00e8s d&#8217;une maison sur 4 en France a choisi ce mode de chauffage et&#8230; <\/p>\n","protected":false},"author":1,"featured_media":0,"parent":0,"menu_order":0,"comment_status":"closed","ping_status":"closed","template":"","meta":{"_seopress_robots_primary_cat":"","_seopress_titles_title":"Chauffage au fioul domestique : Id\u00e9al pour votre confort","_seopress_titles_desc":"Le chauffage au fioul domestique vous offre une palette de solutions adapt\u00e9es \u00e0 vos besoins quotidiens.","_seopress_robots_index":"","_themeisle_gutenberg_block_has_review":false,"footnotes":""},"class_list":["post-3212","page","type-page","status-publish","hentry"],"_links":{"self":[{"href":"https:\/\/www.berrand-sarl.fr\/EnR\/wp-json\/wp\/v2\/pages\/3212","targetHints":{"allow":["GET"]}}],"collection":[{"href":"https:\/\/www.berrand-sarl.fr\/EnR\/wp-json\/wp\/v2\/pages"}],"about":[{"href":"https:\/\/www.berrand-sarl.fr\/EnR\/wp-json\/wp\/v2\/types\/page"}],"author":[{"embeddable":true,"href":"https:\/\/www.berrand-sarl.fr\/EnR\/wp-json\/wp\/v2\/users\/1"}],"replies":[{"embeddable":true,"href":"https:\/\/www.berrand-sarl.fr\/EnR\/wp-json\/wp\/v2\/comments?post=3212"}],"version-history":[{"count":0,"href":"https:\/\/www.berrand-sarl.fr\/EnR\/wp-json\/wp\/v2\/pages\/3212\/revisions"}],"wp:attachment":[{"href":"https:\/\/www.berrand-sarl.fr\/EnR\/wp-json\/wp\/v2\/media?parent=3212"}],"curies":[{"name":"wp","href":"https:\/\/api.w.org\/{rel}","templated":true}]}}