{"id":3087,"date":"2024-12-02T14:54:39","date_gmt":"2024-12-02T13:54:39","guid":{"rendered":"https:\/\/www.berrand-sarl.fr\/EnR\/?page_id=3087"},"modified":"2026-04-01T16:19:29","modified_gmt":"2026-04-01T14:19:29","slug":"chauffage-au-gaz-naturel","status":"publish","type":"page","link":"https:\/\/www.berrand-sarl.fr\/EnR\/chauffage-au-gaz-naturel\/","title":{"rendered":"Chauffage gaz Naturel, Propane"},"content":{"rendered":"<div class=\"wp-block-image is-style-rounded\">\n<figure class=\"alignright size-full is-resized\" id=\"-Haut_de_page\"><a href=\"#Haut_de_page\" rel=\"Bouton haut page\"><img loading=\"lazy\" decoding=\"async\" width=\"40\" height=\"40\" src=\"https:\/\/www.berrand-sarl.fr\/EnR\/wp-content\/uploads\/2026\/04\/bas-page.jpg\" alt=\"Bouton bas page\" class=\"wp-image-15962\" style=\"width:40px;height:auto\" title=\"Vers bas de page\"\/><\/a><\/figure>\n<\/div>\n\n\n<h2 class=\"wp-block-heading has-text-align-center has-vivid-purple-color has-text-color has-large-font-size\"><strong>Le chauffage au gaz Naturel<\/strong><\/h2>\n\n\n\n<h3 class=\"wp-block-heading has-text-align-center has-vivid-purple-color has-text-color\"><strong>(ou au Gaz Propane) hybride ou \u00e0 condensation<\/strong><\/h3>\n\n\n\n<hr class=\"wp-block-separator has-css-opacity is-style-wide\"\/>\n\n\n\n<h2 class=\"wp-block-heading has-text-color\" style=\"color:#088006\"><strong>L&rsquo;\u00e9volution de la chaudi\u00e8re au gaz<\/strong><\/h2>\n\n\n\n<p style=\"font-size:18px\">Depuis son <a href=\"https:\/\/www.systemed.fr\/poeles-cheminees\/chaudiere-a-gaz,3637.html\"><strong>invention en l&rsquo;ann\u00e9e 1827<\/strong><\/a>, la chaudi\u00e8re gaz n&rsquo;a cess\u00e9 d&rsquo;\u00e9voluer, autant sur le plan des \u00e9conomies d&rsquo;\u00e9nergie que de la s\u00e9curit\u00e9 gaz. Une nouvelle \u00e9tape est en train d&rsquo;\u00eatre franchie par son association avec les <a href=\"https:\/\/www.berrand-sarl.fr\/EnR\/\">\u00e9nergies renouvelables<\/a>. L&rsquo;\u00e9nergie GAZ est en train elle aussi de faire<strong> <a href=\"https:\/\/www.berrand-sarl.fr\/Videos\/Revolution%20_gaziere.mp4\">une importante mutation<\/a><\/strong>, en route vers la 3\u00e9me r\u00e9volution gazi\u00e8re, passant du gaz \u00ab\u00a0fossile\u00a0\u00bb au <strong><a href=\"https:\/\/www.grdf.fr\/installateurs\/gaz-vert-energie-locale-renouvelable\" data-type=\"URL\">gaz vert produit par la m\u00e9thanisation<\/a><\/strong> (biom\u00e9thane). Son \u00e9volution est loin d&rsquo;\u00eatre termin\u00e9e. L&rsquo;ADEME souhaite arriver \u00e0 100 % de gaz renouvelable en 2050.<\/p>\n\n\n\n<p style=\"font-size:18px\">La chaudi\u00e8re <a href=\"https:\/\/www.berrand-sarl.fr\/EnR\/chaudiere-pac-hybride\/\">hybride gaz<\/a> \/ pompe \u00e0 chaleur fait son entr\u00e9e sur le march\u00e9 du neuf en 2021, mais aussi dans la r\u00e9novation. Elle peut en effet remplacer une <a href=\"https:\/\/www.berrand-sarl.fr\/EnR\/remplacer-une-chaudiere-fioul\/\"><strong>chaudi\u00e8re fioul existante<\/strong> <\/a>en fin de vie dans des r\u00e9gions ou l&rsquo;acc\u00e8s au gaz naturel est impossible. La solution passera par l&rsquo;installation d&rsquo;une petite <a href=\"https:\/\/www.antargaz.fr\/\"><strong>citerne de gaz propane.<\/strong><\/a><\/p>\n\n\n\n<blockquote class=\"wp-block-quote has-text-color has-link-color has-medium-font-size wp-elements-453140fb34be15a26e9719e3fb92f008 is-layout-flow wp-block-quote-is-layout-flow\" style=\"color:#7f00f7\">\n<p style=\"font-size:18px\">Mais d&rsquo;abord, c&rsquo;est quoi une chaudi\u00e8re <a href=\"https:\/\/www.berrand-sarl.fr\/EnR\/chaudiere-pac-hybride\/\">hybride<\/a> gaz? Il s&rsquo;agit simplement de faire \u00e9voluer ensemble deux \u00e9nergies dont une est d&rsquo;origine renouvelable. Voyons en premier cette vid\u00e9o informative ci -dessous<\/p>\n<\/blockquote>\n\n\n\n<figure class=\"wp-block-video aligncenter\"><video controls poster=\"https:\/\/www.berrand-sarl.fr\/EnR\/wp-content\/uploads\/2024\/11\/image-video-pac-hybride.jpg\" src=\"https:\/\/www.berrand-sarl.fr\/Entreprise\/Sons_MP3_MP4\/PAC-hybride-gaz.mp4\"><\/video><figcaption class=\"wp-element-caption\"><strong><span class=\"has-inline-color has-vivid-red-color\">Cliquez sur l&rsquo;image pour lire la vid\u00e9o<\/span><\/strong><\/figcaption><\/figure>\n\n\n\n<h3 class=\"wp-block-heading has-text-align-center has-vivid-purple-color has-text-color has-medium-font-size\"><strong>Comment chez BERRAND sarl<\/strong> nous <strong>mettons cela en \u0153uvre<\/strong> <\/h3>\n\n\n\n<p class=\"has-text-align-left\" style=\"font-size:18px\">Notre choix primaire, en mati\u00e8re&nbsp; d&rsquo;installation de chaudi\u00e8re au gaz, s&rsquo;est port\u00e9 tout naturellement sur un fabricant 100% FRAN\u00c7AIS&nbsp;construisant un mat\u00e9riel de <a href=\"https:\/\/www.berrand-sarl.fr\/EnR\/chauffage-central-a-eau-chaude\/\">chauffage<\/a> de haute qualit\u00e9 et de tr\u00e8s haute technicit\u00e9 qu&rsquo;est <a href=\"https:\/\/www.frisquet.com\/fr\/la-maison-frisquet_10.html\"><strong>FRISQUET SA<\/strong><\/a>. <\/p>\n\n\n<div class=\"wp-block-image is-style-default\">\n<figure class=\"aligncenter size-full\"><img loading=\"lazy\" decoding=\"async\" width=\"360\" height=\"66\" src=\"https:\/\/www.berrand-sarl.fr\/EnR\/wp-content\/uploads\/2019\/04\/frisquet_2-1.jpg\" alt=\"Logo Frisquet\" class=\"wp-image-1788\" srcset=\"https:\/\/www.berrand-sarl.fr\/EnR\/wp-content\/uploads\/2019\/04\/frisquet_2-1.jpg 360w, https:\/\/www.berrand-sarl.fr\/EnR\/wp-content\/uploads\/2019\/04\/frisquet_2-1-300x55.jpg 300w\" sizes=\"auto, (max-width: 360px) 100vw, 360px\" \/><figcaption class=\"wp-element-caption\">Logo FRISQUET SA<\/figcaption><\/figure>\n<\/div>\n\n\n<p style=\"font-size:18px\">Nous installons et entretenons les  divers produits de la gamme depuis plus de 30 ans, pour la plus grande  satisfaction de notre client\u00e8le que nous avons convaincue d&rsquo;acheter une  telle grande marque. <\/p>\n\n\n<div class=\"wp-block-image\">\n<figure data-wp-context=\"{&quot;imageId&quot;:&quot;69e14a5bcbcc7&quot;}\" data-wp-interactive=\"core\/image\" data-wp-key=\"69e14a5bcbcc7\" class=\"aligncenter size-thumbnail wp-lightbox-container\"><img loading=\"lazy\" decoding=\"async\" width=\"150\" height=\"150\" data-wp-class--hide=\"state.isContentHidden\" data-wp-class--show=\"state.isContentVisible\" data-wp-init=\"callbacks.setButtonStyles\" data-wp-on--click=\"actions.showLightbox\" data-wp-on--load=\"callbacks.setButtonStyles\" data-wp-on-window--resize=\"callbacks.setButtonStyles\" src=\"https:\/\/www.berrand-sarl.fr\/EnR\/wp-content\/uploads\/2023\/04\/images-150x150.png\" alt=\"Logo Gaz Vert\" class=\"wp-image-10321\"\/><button\n\t\t\tclass=\"lightbox-trigger\"\n\t\t\ttype=\"button\"\n\t\t\taria-haspopup=\"dialog\"\n\t\t\taria-label=\"Agrandir\"\n\t\t\tdata-wp-init=\"callbacks.initTriggerButton\"\n\t\t\tdata-wp-on--click=\"actions.showLightbox\"\n\t\t\tdata-wp-style--right=\"state.imageButtonRight\"\n\t\t\tdata-wp-style--top=\"state.imageButtonTop\"\n\t\t>\n\t\t\t<svg xmlns=\"http:\/\/www.w3.org\/2000\/svg\" width=\"12\" height=\"12\" fill=\"none\" viewBox=\"0 0 12 12\">\n\t\t\t\t<path fill=\"#fff\" d=\"M2 0a2 2 0 0 0-2 2v2h1.5V2a.5.5 0 0 1 .5-.5h2V0H2Zm2 10.5H2a.5.5 0 0 1-.5-.5V8H0v2a2 2 0 0 0 2 2h2v-1.5ZM8 12v-1.5h2a.5.5 0 0 0 .5-.5V8H12v2a2 2 0 0 1-2 2H8Zm2-12a2 2 0 0 1 2 2v2h-1.5V2a.5.5 0 0 0-.5-.5H8V0h2Z\" \/>\n\t\t\t<\/svg>\n\t\t<\/button><\/figure>\n<\/div>\n\n\n<p style=\"font-size:18px\">Constructeur toujours \u00e0 la pointe de l&rsquo;innovation, <a href=\"https:\/\/www.frisquet.com\/\"><strong>FRISQUET SA<\/strong><\/a>, en  visant la s\u00e9curit\u00e9 et le confort \u00e0 un niveau toujours plus \u00e9lev\u00e9, met  au point des nouvelles techniques dont elle \u00e9quipe de s\u00e9rie l&rsquo;ensemble  de ses chaudi\u00e8res. Par le progr\u00e8s qu&rsquo;elles apportent, une douzaine de  ces innovations sont devenues normes obligatoires dans le monde du  chauffage. <a href=\"https:\/\/www.frisquet.com\/fr\/chaudieres-a-gaz_7.html\"><strong>FRISQUET SA<\/strong><\/a>  participe \u00e9galement activement \u00e0 l&rsquo;\u00e9laboration des normes europ\u00e9ennes,  tant aupr\u00e8s du Minist\u00e8re de l&rsquo;industrie, de l&rsquo;AFNOR ou du Bureau de  normalisation gaz. C&rsquo;est pour cela aussi que nous avons choisi cette  marque, devenue notori\u00e9t\u00e9 en mati\u00e8re de chaufferie gaz. <\/p>\n\n\n\n<h3 class=\"wp-block-heading has-text-align-center\" style=\"font-size:18px\">Avec <a href=\"https:\/\/www.frisquet.com\/fr\/chaudiere-gaz-condensation-hydroconfort-solaire_58.html\"><strong>FRISQUET,<\/strong><\/a> nous installons Fran\u00e7ais, avec des produits Fran\u00e7ais, comme&nbsp;<\/h3>\n\n\n\n<h3 class=\"wp-block-heading has-text-align-center has-text-color\" style=\"color:#07a13f;font-size:18px\">la chaudi\u00e8re \u00e0 condensation, sol ou murale:<\/h3>\n\n\n\n<figure class=\"wp-block-video aligncenter\"><video controls poster=\"https:\/\/www.berrand-sarl.fr\/EnR\/wp-content\/uploads\/2024\/11\/entete-video-condensation.jpg\" src=\"https:\/\/www.berrand-sarl.fr\/Entreprise\/Sons_MP3_MP4\/Technologie_de_la_condensation.mp4\"><\/video><\/figure>\n\n\n\n<p class=\"has-text-align-center has-vivid-purple-color has-text-color\" style=\"font-size:22px\"><strong>Nous mettons tout notre professionnalisme en \u0153uvre pour vous installer ce produit phare qu&rsquo;est la,<\/strong><\/p>\n\n\n\n<h3 class=\"wp-block-heading has-text-align-center has-vivid-red-color has-text-color has-large-font-size\"><a href=\"https:\/\/www.frisquet.com\/fr\/chaudiere-gaz-condensation-hydroconfort-solaire_58.html\">Chaudi\u00e8re hybride Hydroconfort Solaire\/GAZ Condensation Visio<sup>\u00ae<\/sup><\/a><\/h3>\n\n\n<div class=\"wp-block-image is-style-default\">\n<figure class=\"aligncenter size-large is-resized\"><a href=\"https:\/\/www.frisquet.com\/fr\/chaudiere-gaz-condensation-hydroconfort-solaire_58.html\"><img decoding=\"async\" src=\"https:\/\/www.frisquet.com\/visuels\/1558528677_HydroconfortSolaire_zoom.jpg\" alt=\"Chaudi\u00e8re hybride Frisquet gaz\/\u00e9nergie solaire\" style=\"width:600px;height:483px\"\/><\/a><figcaption class=\"wp-element-caption\"><strong><span class=\"has-inline-color has-vivid-red-color\">CLIQUEZ SUR L&rsquo;IMAGE POUR PLUS D&rsquo;INFORMATIONS<\/span><\/strong><\/figcaption><\/figure>\n<\/div>\n\n\n<hr class=\"wp-block-separator has-css-opacity\"\/>\n\n\n\n<h3 class=\"wp-block-heading has-text-align-center has-vivid-purple-color has-text-color\" style=\"font-size:18px\">&#8230; <strong>et la chaudi\u00e8re Gaz \/ PAC hybride arrive \u00ab\u00a0pour de bon\u00a0\u00bb sur le march\u00e9<\/strong> du particulier<\/h3>\n\n\n<div class=\"wp-block-image\">\n<figure class=\"aligncenter size-large\"><img loading=\"lazy\" decoding=\"async\" width=\"300\" height=\"300\" src=\"https:\/\/www.berrand-sarl.fr\/EnR\/wp-content\/uploads\/2020\/12\/egalis-hybride.jpg\" alt=\"Egalis condensation Hybride\" class=\"wp-image-5899\" srcset=\"https:\/\/www.berrand-sarl.fr\/EnR\/wp-content\/uploads\/2020\/12\/egalis-hybride.jpg 300w, https:\/\/www.berrand-sarl.fr\/EnR\/wp-content\/uploads\/2020\/12\/egalis-hybride-150x150.jpg 150w\" sizes=\"auto, (max-width: 300px) 100vw, 300px\" \/><\/figure>\n<\/div>\n\n\n<p style=\"font-size:18px\">D\u00e9j\u00e0 en pr\u00e9sentation lors de nos journ\u00e9es portes ouvertes en 2014, cette <strong>chaudi\u00e8re hybride GAZ\/PAC <\/strong>nous avait interpell\u00e9e. Peu convaincante \u00e0 l&rsquo;\u00e9poque, la voil\u00e0 arriv\u00e9e \u00e0 maturit\u00e9 technologique et surtout vient de trouver sa place sur le march\u00e9 de <strong>remplacement des chaudi\u00e8res <a href=\"https:\/\/www.berrand-sarl.fr\/EnR\/chauffage-au-fioul-domestique\/\">fioul<\/a><\/strong> en campagne, en les associant souvent au gaz propane (GPL). La pr\u00e9conisation d&rsquo;un tel syst\u00e8me dans <strong>l&rsquo;habitat neuf particulier<\/strong> est d&rsquo;actualit\u00e9 dans la RT 2020 (R\u00e9glementation thermique 2020). Mais est-ce vraiment la solution id\u00e9ale, compte tenu des surco\u00fbt d&rsquo;installation et d&rsquo;entretien pour ces appareils, malgr\u00e9 les <strong><a href=\"https:\/\/www.berrand-sarl.fr\/EnR\/credit-dimpot-transition-energetique\/\">aides diverses<\/a><\/strong> pouvant \u00eatre obtenues. Deux appareils de fonctionnement et technologies diff\u00e9rents dans un m\u00eame corps de chaudi\u00e8re peut parfois compliquer les choses en Service Apr\u00e8s Vente.<\/p>\n\n\n\n<figure class=\"wp-block-video\"><video controls poster=\"https:\/\/www.berrand-sarl.fr\/EnR\/wp-content\/uploads\/2024\/12\/capture-decran-2024-12-02-142258.png\" src=\"https:\/\/www.berrand-sarl.fr\/Entreprise\/Sons_MP3_MP4\/Video_Condens_Hybride.mp4\"><\/video><\/figure>\n\n\n\n<p style=\"font-size:18px\">La solution passerait plut\u00f4t par l&rsquo;installation de deux appareils distincts: <a href=\"https:\/\/www.frisquet.com\/fr\/chaudiere-gaz-condensation-hydromotrix-20-kw_60.html\"><strong>chaudi\u00e8re \u00e0 condensation gaz<\/strong> <\/a>et <a href=\"https:\/\/www.frisquet.com\/\"><strong>pompe \u00e0 chaleur<\/strong><\/a> dissoci\u00e9es, qui semble plus raisonnable car lorsqu&rsquo;un des deux produit arrive en fin de vie, il n&rsquo;est pas n\u00e9cessaire de remplacer les deux :-((<\/p>\n\n\n\n<hr class=\"wp-block-separator has-css-opacity\"\/>\n\n\n\n<div class=\"wp-block-media-text alignwide has-media-on-the-right is-stacked-on-mobile\" style=\"grid-template-columns:auto 30%\"><div class=\"wp-block-media-text__content\">\n<h2 class=\"wp-block-heading has-text-align-center has-text-color has-link-color has-medium-font-size wp-elements-a23392a0fbfaa2a1d496b523b6e796e5\" style=\"color:#0539f5\">Cliquez ici pour : <strong>TOUT SAVOIR avec le <a href=\"https:\/\/www.energie-info.fr\/\">comparateur d&rsquo;offres gaz et \u00e9lectricit\u00e9<\/a> <\/strong><\/h2>\n\n\n\n<p class=\"has-text-align-center\" style=\"font-size:18px\">(En place depuis juillet 2007) <\/p>\n<\/div><figure class=\"wp-block-media-text__media\"><a href=\"https:\/\/www.energie-info.fr\/\"><img loading=\"lazy\" decoding=\"async\" width=\"1024\" height=\"291\" src=\"https:\/\/www.berrand-sarl.fr\/EnR\/wp-content\/uploads\/2021\/12\/logo_energie_info1-1024x291.png\" alt=\"M\u00e9diateur national de l'\u00e9nergie\" class=\"wp-image-8470 size-full\" srcset=\"https:\/\/www.berrand-sarl.fr\/EnR\/wp-content\/uploads\/2021\/12\/logo_energie_info1-1024x291.png 1024w, https:\/\/www.berrand-sarl.fr\/EnR\/wp-content\/uploads\/2021\/12\/logo_energie_info1-300x85.png 300w, https:\/\/www.berrand-sarl.fr\/EnR\/wp-content\/uploads\/2021\/12\/logo_energie_info1-768x218.png 768w, https:\/\/www.berrand-sarl.fr\/EnR\/wp-content\/uploads\/2021\/12\/logo_energie_info1-1536x437.png 1536w, https:\/\/www.berrand-sarl.fr\/EnR\/wp-content\/uploads\/2021\/12\/logo_energie_info1-1320x376.png 1320w, https:\/\/www.berrand-sarl.fr\/EnR\/wp-content\/uploads\/2021\/12\/logo_energie_info1.png 2000w\" sizes=\"auto, (max-width: 1024px) 100vw, 1024px\" \/><\/a><\/figure><\/div>\n\n\n\n<hr class=\"wp-block-separator has-css-opacity\"\/>\n\n\n\n<div class=\"wp-block-media-text alignwide has-media-on-the-right\" style=\"grid-template-columns:auto 18%\"><div class=\"wp-block-media-text__content\">\n<p class=\"has-text-align-center has-text-color\" style=\"color:#862fbc;font-size:23px\">Notre entreprise fait partie du <strong>r\u00e9seau Gazpack<\/strong> de<\/p>\n<\/div><figure class=\"wp-block-media-text__media\"><img loading=\"lazy\" decoding=\"async\" width=\"300\" height=\"176\" src=\"https:\/\/www.berrand-sarl.fr\/EnR\/wp-content\/uploads\/2021\/12\/Logo-grdf.jpg\" alt=\"Logo grdf\" class=\"wp-image-8462 size-full\"\/><\/figure><\/div>\n\n\n\n<p class=\"has-text-align-center has-drop-cap has-luminous-vivid-orange-color has-text-color\" style=\"font-size:18px\"><strong>Notre pr\u00e9sence au sein du r\u00e9seau  Gazpack de GrDF nous permet de vous apporter un service suppl\u00e9mentaire  dans la gestion de la demande de raccordement et de la mise en gaz de  votre installation.<\/strong><\/p>\n\n\n\n<hr class=\"wp-block-separator has-css-opacity\"\/>\n\n\n\n<h4 class=\"wp-block-heading has-text-align-center has-text-color\" style=\"color:#1206fb\"><strong>Nous r\u00e9f\u00e9ren\u00e7ons aussi les marques:<\/strong><\/h4>\n\n\n<div class=\"wp-block-image is-style-default\">\n<figure class=\"aligncenter size-full is-resized\"><img loading=\"lazy\" decoding=\"async\" width=\"100\" height=\"35\" src=\"https:\/\/www.berrand-sarl.fr\/EnR\/wp-content\/uploads\/2019\/04\/LOGO_ELM_LEBLANC-1.jpg\" alt=\"Logo ELM Leblanc\" class=\"wp-image-1810\" style=\"width:100px;height:35px\"\/><\/figure>\n<\/div>\n\n<div class=\"wp-block-image is-style-default\">\n<figure class=\"aligncenter size-full\"><img loading=\"lazy\" decoding=\"async\" width=\"169\" height=\"58\" src=\"https:\/\/www.berrand-sarl.fr\/EnR\/wp-content\/uploads\/2021\/12\/Logo-Bosch.jpg\" alt=\"logo Bosch\" class=\"wp-image-8466\"\/><\/figure>\n<\/div>\n\n<div class=\"wp-block-image is-style-default\">\n<figure class=\"aligncenter size-full\"><img loading=\"lazy\" decoding=\"async\" width=\"142\" height=\"89\" src=\"https:\/\/www.berrand-sarl.fr\/EnR\/wp-content\/uploads\/2019\/04\/Saunier_Duval.png\" alt=\"Logo Saunier Duval\" class=\"wp-image-1802\"\/><\/figure>\n<\/div>\n\n<div class=\"wp-block-image\">\n<figure class=\"aligncenter size-large is-resized\"><a href=\"https:\/\/www.berrand-sarl.fr\/EnR\/contacter\/\"><img loading=\"lazy\" decoding=\"async\" src=\"https:\/\/www.berrand-sarl.fr\/EnR\/wp-content\/uploads\/2020\/11\/Bouton_Contactez-nous-edited.gif\" alt=\"Bouton Contactez-nous\" class=\"wp-image-5895\" width=\"173\" height=\"56\"\/><\/a><\/figure>\n<\/div>\n\n<div class=\"wp-block-image is-style-rounded\">\n<figure class=\"alignright size-full\" id=\"Haut_de_page\"><a href=\"#\"><img loading=\"lazy\" decoding=\"async\" width=\"40\" height=\"40\" src=\"https:\/\/www.berrand-sarl.fr\/EnR\/wp-content\/uploads\/2026\/04\/haut-page.jpg\" alt=\"Bouton haut page\" class=\"wp-image-15961\" title=\"Bouton vers haut de page\"\/><\/a><\/figure>\n<\/div>","protected":false},"excerpt":{"rendered":"<p>Le chauffage au gaz Naturel (ou au Gaz Propane) hybride ou \u00e0 condensation L&rsquo;\u00e9volution de la chaudi\u00e8re au gaz Depuis son invention en l&rsquo;ann\u00e9e 1827, la chaudi\u00e8re gaz n&rsquo;a cess\u00e9 d&rsquo;\u00e9voluer, autant sur le plan des \u00e9conomies d&rsquo;\u00e9nergie que de&#8230; <\/p>\n","protected":false},"author":1,"featured_media":0,"parent":0,"menu_order":0,"comment_status":"closed","ping_status":"closed","template":"","meta":{"_seopress_robots_primary_cat":"","_seopress_titles_title":"Chauffage au Gaz Naturel ou au Gaz Propane","_seopress_titles_desc":"Nous installons et entretenons les produits FRISQUET depuis plus de 35 ans, pour la plus grande satisfaction de notre client\u00e8le... Lire la suite ==>","_seopress_robots_index":"","_themeisle_gutenberg_block_has_review":false,"footnotes":""},"class_list":["post-3087","page","type-page","status-publish","hentry"],"_links":{"self":[{"href":"https:\/\/www.berrand-sarl.fr\/EnR\/wp-json\/wp\/v2\/pages\/3087","targetHints":{"allow":["GET"]}}],"collection":[{"href":"https:\/\/www.berrand-sarl.fr\/EnR\/wp-json\/wp\/v2\/pages"}],"about":[{"href":"https:\/\/www.berrand-sarl.fr\/EnR\/wp-json\/wp\/v2\/types\/page"}],"author":[{"embeddable":true,"href":"https:\/\/www.berrand-sarl.fr\/EnR\/wp-json\/wp\/v2\/users\/1"}],"replies":[{"embeddable":true,"href":"https:\/\/www.berrand-sarl.fr\/EnR\/wp-json\/wp\/v2\/comments?post=3087"}],"version-history":[{"count":1,"href":"https:\/\/www.berrand-sarl.fr\/EnR\/wp-json\/wp\/v2\/pages\/3087\/revisions"}],"predecessor-version":[{"id":15719,"href":"https:\/\/www.berrand-sarl.fr\/EnR\/wp-json\/wp\/v2\/pages\/3087\/revisions\/15719"}],"wp:attachment":[{"href":"https:\/\/www.berrand-sarl.fr\/EnR\/wp-json\/wp\/v2\/media?parent=3087"}],"curies":[{"name":"wp","href":"https:\/\/api.w.org\/{rel}","templated":true}]}}