{"id":2560,"date":"2024-12-26T11:28:58","date_gmt":"2024-12-26T10:28:58","guid":{"rendered":"https:\/\/www.berrand-sarl.fr\/EnR\/?page_id=2560"},"modified":"2026-03-03T11:48:16","modified_gmt":"2026-03-03T10:48:16","slug":"vmc-simple-flux","status":"publish","type":"page","link":"https:\/\/www.berrand-sarl.fr\/EnR\/vmc-simple-flux\/","title":{"rendered":"Ventilation simple flux"},"content":{"rendered":"<div class=\"wp-block-image is-style-rounded\">\n<figure class=\"alignright size-full is-resized\" id=\"-Haut_de_page\"><a href=\"#Haut_de_page\" rel=\"Bouton haut page\"><img loading=\"lazy\" decoding=\"async\" width=\"40\" height=\"40\" src=\"https:\/\/www.berrand-sarl.fr\/EnR\/wp-content\/uploads\/2026\/04\/bas-page.jpg\" alt=\"Bouton bas page\" class=\"wp-image-15962\" style=\"width:40px;height:auto\" title=\"Vers bas de page\"\/><\/a><\/figure>\n<\/div>\n\n\n<h2 class=\"wp-block-heading has-text-align-center has-vivid-purple-color has-text-color\">La ventilation m\u00e9canique simple flux<\/h2>\n\n\n\n<h3 class=\"wp-block-heading has-text-align-center has-vivid-purple-color has-text-color\" style=\"font-size:27px\">Divers types de VMC simple flux<\/h3>\n\n\n\n<p style=\"font-size:18px\">La ventilation consiste \u00e0 renouveler l&rsquo;air int\u00e9rieur en \u00e9liminant l&rsquo;air vici\u00e9, en \u00e9vacuant l&rsquo;humidit\u00e9 et en introduisant de l&rsquo;air frais. Cette d\u00e9marche est d&rsquo;autant plus cruciale dans les logements modernes, qui b\u00e9n\u00e9ficient d&rsquo;une isolation accrue pour limiter les pertes de chaleur et les frais \u00e9nerg\u00e9tiques. En cons\u00e9quence, la ventilation naturelle devient moins efficace, entra\u00eenant une stagnation de l&rsquo;air et une d\u00e9t\u00e9rioration de la qualit\u00e9 de l&rsquo;air int\u00e9rieur, contamin\u00e9 par divers agents tels que les colles, les polluants chimiques, le dioxyde de carbone, les produits de combustion et les bact\u00e9ries. Il est donc primordial de d\u00e9terminer la m\u00e9thode de ventilation la plus appropri\u00e9e en fonction de l&rsquo;habitat, ainsi que de choisir entre les diff\u00e9rentes options de ventilation m\u00e9canique, notamment la VMC (Ventilation M\u00e9canique Contr\u00f4l\u00e9e) simple ou <a href=\"https:\/\/www.berrand-sarl.fr\/EnR\/ventilation-locaux\/\">double flux<\/a>.<\/p>\n\n\n\n<p style=\"font-size:18px\">La VMC simple flux est la solution la plus r\u00e9pandue dans le secteur du b\u00e2timent. Elle a pour mission d&rsquo;assurer un renouvellement constant de l&rsquo;air \u00e0 l&rsquo;int\u00e9rieur des espaces de mani\u00e8re contr\u00f4l\u00e9e. Ce syst\u00e8me se compose de plusieurs \u00e9l\u00e9ments essentiels :<\/p>\n\n\n\n<ul class=\"wp-block-list\">\n<li style=\"font-size:18px\">Un moteur \u00e9lectrique pour l&rsquo;extraction de l&rsquo;air pollu\u00e9.<\/li>\n\n\n\n<li style=\"font-size:18px\">Des conduits de ventilation.<\/li>\n\n\n\n<li style=\"font-size:18px\">Des bouches d&rsquo;extraction et des entr\u00e9es d&rsquo;air.<\/li>\n<\/ul>\n\n\n\n<p style=\"font-size:18px\">Ce type de VMC cr\u00e9e une d\u00e9pression dans certaines pi\u00e8ces humides, telles que la salle de bain, la cuisine et les toilettes. Un ventilateur, g\u00e9n\u00e9ralement install\u00e9 dans les combles, joue un r\u00f4le cl\u00e9 dans le processus en aspirant l&rsquo;air par des conduits provenant des espaces humides. Cette d\u00e9pression g\u00e9n\u00e9r\u00e9e emp\u00eache la circulation de l&rsquo;air satur\u00e9 d&rsquo;humidit\u00e9 ou d&rsquo;odeurs vers le reste de l&rsquo;habitat. Par ailleurs, cette configuration incite l&rsquo;air ext\u00e9rieur \u00e0 p\u00e9n\u00e9trer dans l&rsquo;habitat par des entr\u00e9es d&rsquo;air situ\u00e9es dans les fen\u00eatres des pi\u00e8ces s\u00e8ches, garantissant ainsi une circulation de l&rsquo;air unidirectionnelle.<\/p>\n\n\n<div class=\"wp-block-image is-style-default\">\n<figure class=\"aligncenter size-large is-resized\"><img loading=\"lazy\" decoding=\"async\" width=\"700\" height=\"700\" src=\"https:\/\/www.berrand-sarl.fr\/EnR\/wp-content\/uploads\/2021\/07\/06882946.jpg\" alt=\"Boitier aspiration d\u2019air pour ventilation m\u00e9canique contr\u00f4l\u00e9e\" class=\"wp-image-8261\" style=\"width:350px;height:350px\" srcset=\"https:\/\/www.berrand-sarl.fr\/EnR\/wp-content\/uploads\/2021\/07\/06882946.jpg 700w, https:\/\/www.berrand-sarl.fr\/EnR\/wp-content\/uploads\/2021\/07\/06882946-300x300.jpg 300w, https:\/\/www.berrand-sarl.fr\/EnR\/wp-content\/uploads\/2021\/07\/06882946-150x150.jpg 150w\" sizes=\"auto, (max-width: 700px) 100vw, 700px\" \/><figcaption class=\"wp-element-caption\">Boitier aspiration d\u2019air pour ventilation m\u00e9canique contr\u00f4l\u00e9e<\/figcaption><\/figure>\n<\/div>\n\n\n<hr class=\"wp-block-separator has-text-color has-vivid-purple-color has-css-opacity has-vivid-purple-background-color has-background is-style-wide\"\/>\n\n\n\n<h3 class=\"wp-block-heading has-text-align-center has-text-color\" style=\"color:#1700a3\">VMC simple flux autor\u00e9glable&nbsp;<\/h3>\n\n\n\n<p style=\"font-size:18px\">La gestion du volume d&rsquo;air renouvel\u00e9 par heure est r\u00e9alis\u00e9e manuellement par les occupants des locaux. En r\u00e8gle g\u00e9n\u00e9rale, le d\u00e9bit d&rsquo;air sortant peut \u00eatre ajust\u00e9 en modifiant le degr\u00e9 d&rsquo;ouverture de la trappe d&rsquo;aspiration. Dans certaines configurations, il est \u00e9galement possible de r\u00e9gler le d\u00e9bit d&rsquo;air entrant \u00e0 l&rsquo;aide d&rsquo;un volet situ\u00e9 sur les ou\u00efes.<\/p>\n\n\n\n<p style=\"font-size:18px\">Dans les immeubles, il est d&rsquo;usage d&rsquo;\u00e9quiper chaque cage d&rsquo;escalier d&rsquo;un circuit de ventilation m\u00e9canique contr\u00f4l\u00e9e (VMC), comprenant un extracteur par circuit.<\/p>\n\n\n\n<h3 class=\"wp-block-heading has-text-align-center has-text-color\" style=\"color:#1700a3\">VMC simple flux hygror\u00e9glable<\/h3>\n\n\n\n<p style=\"font-size:18px\">La VMC \u00ab simple flux hygror\u00e9glable \u00bb fonctionne de mani\u00e8re similaire \u00e0 la VMC \u00ab simple flux autor\u00e9glable \u00bb, mais se distingue par <strong>sa capacit\u00e9 \u00e0 ajuster la ventilation en fonction du taux d&rsquo;humidit\u00e9 relative<\/strong>. Les syst\u00e8mes les plus basiques se contentent de r\u00e9guler le ventilateur, tandis que les mod\u00e8les plus avanc\u00e9s offrent une modulation selon l&rsquo;humidit\u00e9 aux bouches d&rsquo;extraction (hygro A) et, \u00e9ventuellement, aux entr\u00e9es d&rsquo;air (hygro B). Cela permet une r\u00e9gulation pr\u00e9cise du d\u00e9bit d&rsquo;air dans chaque pi\u00e8ce. L&rsquo;humidit\u00e9 relative est un indicateur cl\u00e9 pour moduler la ventilation dans un logement, car de nombreuses <a href=\"https:\/\/www.berrand-sarl.fr\/EnR\/nos-activites\/\">activit\u00e9s<\/a> humaines (comme la cuisine, la salle de bains, ou la buanderie) et les processus m\u00e9taboliques g\u00e9n\u00e8rent de l&rsquo;humidit\u00e9 en quantit\u00e9s variables. Certains mod\u00e8les peuvent \u00e9galement se baser sur d&rsquo;autres crit\u00e8res, tels que le taux de CO2.<\/p>\n\n\n<div class=\"wp-block-image is-style-default\">\n<figure class=\"aligncenter size-large is-resized\"><img decoding=\"async\" src=\"https:\/\/media.sider.biz\/images\/700\/06438021.jpg\" alt=\"Bouche cuisine hygror\u00e9glable &quot;Aliz\u00e9&quot;\" style=\"width:324px;height:auto\"\/><figcaption class=\"wp-element-caption\">Bouche cuisine hygror\u00e9glable \u00ab\u00a0Aliz\u00e9\u00a0\u00bb<\/figcaption><\/figure>\n<\/div>\n\n\n<p><strong>Avantages de la VMC simple flux :<\/strong><\/p>\n\n\n\n<ul style=\"font-size:18px\" class=\"wp-block-list\">\n<li>Le syst\u00e8me de renouvellement d&rsquo;air est efficace pour \u00e9liminer l&rsquo;humidit\u00e9 et les odeurs, garantissant ainsi un air int\u00e9rieur frais gr\u00e2ce \u00e0 son processus d&rsquo;aspiration.<\/li>\n\n\n\n<li>Il permet une adaptation au taux d&rsquo;humidit\u00e9 via une VMC hygror\u00e9glable.<\/li>\n\n\n\n<li>Son installation est simple, tant en r\u00e9novation qu&rsquo;en construction neuve.<\/li>\n\n\n\n<li>La consommation \u00e9lectrique est faible.<\/li>\n\n\n\n<li>Il n\u00e9cessite cependant un entretien r\u00e9gulier pour fonctionner de mani\u00e8re optimale.<\/li>\n\n\n\n<li>Ce type d&rsquo;\u00e9quipement est abordable, surtout en comparaison avec une VMC double flux.<\/li>\n<\/ul>\n\n\n\n<p><strong>Inconv\u00e9nients de la VMC simple flux :<\/strong><\/p>\n\n\n\n<ul class=\"wp-block-list\">\n<li>Elle peut entra\u00eener des pertes de chaleur, ce qui peut impacter les co\u00fbts de <a href=\"https:\/\/www.berrand-sarl.fr\/EnR\/chauffage-central-a-eau-chaude\/\">chauffage<\/a>, en raison d&rsquo;un renouvellement d&rsquo;air constant avec les VMC autor\u00e9glables.<\/li>\n\n\n\n<li style=\"font-size:18px\">Les bruits ext\u00e9rieurs peuvent \u00eatre transmis \u00e0 l&rsquo;int\u00e9rieur de l&rsquo;habitation par les entr\u00e9es d&rsquo;air, occasionnant des nuisances sonores.<\/li>\n\n\n\n<li>Un courant d&rsquo;air permanent peut diminuer le confort int\u00e9rieur.<\/li>\n<\/ul>\n\n\n\n<p class=\"has-text-align-center\"><a href=\"https:\/\/www.berrand-sarl.fr\/EnR\/ventilation-locaux\/\"><strong>Vers la ventilation m\u00e9canique double Flux<\/strong><\/a><\/p>\n\n\n<div class=\"wp-block-image is-style-rounded\">\n<figure class=\"alignright size-full\" id=\"Haut_de_page\"><a href=\"#\"><img loading=\"lazy\" decoding=\"async\" width=\"40\" height=\"40\" src=\"https:\/\/www.berrand-sarl.fr\/EnR\/wp-content\/uploads\/2026\/04\/haut-page.jpg\" alt=\"Bouton haut page\" class=\"wp-image-15961\" title=\"Bouton vers haut de page\"\/><\/a><\/figure>\n<\/div>","protected":false},"excerpt":{"rendered":"<p>La ventilation m\u00e9canique simple flux Divers types de VMC simple flux La ventilation consiste \u00e0 renouveler l&rsquo;air int\u00e9rieur en \u00e9liminant l&rsquo;air vici\u00e9, en \u00e9vacuant l&rsquo;humidit\u00e9 et en introduisant de l&rsquo;air frais. Cette d\u00e9marche est d&rsquo;autant plus cruciale dans les logements&#8230; <\/p>\n","protected":false},"author":1,"featured_media":0,"parent":0,"menu_order":0,"comment_status":"closed","ping_status":"closed","template":"","meta":{"_seopress_robots_primary_cat":"","_seopress_titles_title":"Ventilation simple flux %%sep%% %%sitetitle%%","_seopress_titles_desc":"Une VMC simple flux met en d\u00e9pression certaines pi\u00e8ces dites humides, par un extracteur d'air constituant le c\u0153ur du dispositif.","_seopress_robots_index":"","_themeisle_gutenberg_block_has_review":false,"footnotes":""},"class_list":["post-2560","page","type-page","status-publish","hentry"],"_links":{"self":[{"href":"https:\/\/www.berrand-sarl.fr\/EnR\/wp-json\/wp\/v2\/pages\/2560","targetHints":{"allow":["GET"]}}],"collection":[{"href":"https:\/\/www.berrand-sarl.fr\/EnR\/wp-json\/wp\/v2\/pages"}],"about":[{"href":"https:\/\/www.berrand-sarl.fr\/EnR\/wp-json\/wp\/v2\/types\/page"}],"author":[{"embeddable":true,"href":"https:\/\/www.berrand-sarl.fr\/EnR\/wp-json\/wp\/v2\/users\/1"}],"replies":[{"embeddable":true,"href":"https:\/\/www.berrand-sarl.fr\/EnR\/wp-json\/wp\/v2\/comments?post=2560"}],"version-history":[{"count":0,"href":"https:\/\/www.berrand-sarl.fr\/EnR\/wp-json\/wp\/v2\/pages\/2560\/revisions"}],"wp:attachment":[{"href":"https:\/\/www.berrand-sarl.fr\/EnR\/wp-json\/wp\/v2\/media?parent=2560"}],"curies":[{"name":"wp","href":"https:\/\/api.w.org\/{rel}","templated":true}]}}