{"id":255,"date":"2024-12-06T17:39:59","date_gmt":"2024-12-06T16:39:59","guid":{"rendered":"https:\/\/www.berrand-sarl.fr\/EnR\/?page_id=255"},"modified":"2026-03-02T18:02:53","modified_gmt":"2026-03-02T17:02:53","slug":"le-chauffe-eau-thermodynamique-aerothermie","status":"publish","type":"page","link":"https:\/\/www.berrand-sarl.fr\/EnR\/le-chauffe-eau-thermodynamique-aerothermie\/","title":{"rendered":"Chauffe-eau thermodynamique"},"content":{"rendered":"<div class=\"wp-block-image is-style-rounded\">\n<figure class=\"alignright size-full is-resized\" id=\"-Haut_de_page\"><a href=\"#Haut_de_page\" rel=\"Bouton haut page\"><img loading=\"lazy\" decoding=\"async\" width=\"40\" height=\"40\" src=\"https:\/\/www.berrand-sarl.fr\/EnR\/wp-content\/uploads\/2026\/04\/bas-page.jpg\" alt=\"Bouton bas page\" class=\"wp-image-15962\" style=\"width:40px;height:auto\" title=\"Vers bas de page\"\/><\/a><\/figure>\n<\/div>\n\n\n<h2 class=\"wp-block-heading has-text-align-center has-large-font-size\"><span style=\"color: #0000ff;\">Le chauffe-eau thermodynamique <\/span><\/h2>\n\n\n\n<h2 class=\"wp-block-heading has-text-align-center\"><span style=\"color: #0000ff;\">aussi simple \u00e0 installer qu&#8217;un chauffe eau \u00e9lectrique<\/span><\/h2>\n\n\n\n<h3 class=\"wp-block-heading has-vivid-purple-color has-text-color has-medium-font-size\">Deux implantations sont possibles:<\/h3>\n\n\n\n<ul class=\"wp-block-list\">\n<li style=\"font-size:18px\"><strong><span style=\"color: #800080;\">Sur air ext\u00e9rieur:<\/span><\/strong> c&#8217;est la solution recommand\u00e9e dans les r\u00e9gions temp\u00e9r\u00e9es o\u00f9 l&#8217;on est rarement en dessous de &#8211; 5\u00b0C. Solution id\u00e9ale pour \u00e9conomiser jusqu&#8217;\u00e0 70% d&#8217;\u00e9nergie.<\/li>\n\n\n\n<li class=\"has-medium-font-size\"><strong><span style=\"color: #800080;\">Sur air ambiant:<\/span><\/strong> solution recommand\u00e9e pour une installation dans un local non chauff\u00e9 et ventil\u00e9 comme un garage ou une buanderie.<\/li>\n\n\n\n<li class=\"has-medium-font-size\"><strong>Avec un <a href=\"https:\/\/www.berrand-sarl.fr\/EnR\/la-pompe-a-chaleur\/\">COP<\/a> de 3,2<\/strong>, la Gamme Compress 3000 DWF fournit jusqu&#8217;\u00e0 70% d&#8217;\u00e9nergie gratuite. Pour optimiser les performances globales du syst\u00e8me, il est possible de raccorder l&#8217;appareil HP 270-1E 1 FIIV\/S et HP 270-1E 1 FIOV\/S \u00e0 une autre source d&#8217;\u00e9nergie tel que le <a href=\"https:\/\/www.berrand-sarl.fr\/EnR\/capteurs-plans\/\">solaire<\/a>. Pour une autonomie totale, la gamme Compress 3000 DWF peut \u00eatre raccord\u00e9e \u00e9lectriquement \u00e0 du solaire photovolta\u00efque.<\/li>\n<\/ul>\n\n\n<div class=\"wp-block-image\">\n<figure class=\"aligncenter is-resized\"><img loading=\"lazy\" decoding=\"async\" width=\"800\" height=\"993\" src=\"https:\/\/www.berrand-sarl.fr\/EnR\/wp-content\/uploads\/2019\/02\/Bosch-Compress-grand-1.jpg\" alt=\" Compress 3000 DWF\" class=\"wp-image-1180\" style=\"width:400px;height:497px\" srcset=\"https:\/\/www.berrand-sarl.fr\/EnR\/wp-content\/uploads\/2019\/02\/Bosch-Compress-grand-1.jpg 800w, https:\/\/www.berrand-sarl.fr\/EnR\/wp-content\/uploads\/2019\/02\/Bosch-Compress-grand-1-242x300.jpg 242w, https:\/\/www.berrand-sarl.fr\/EnR\/wp-content\/uploads\/2019\/02\/Bosch-Compress-grand-1-768x953.jpg 768w, https:\/\/www.berrand-sarl.fr\/EnR\/wp-content\/uploads\/2019\/02\/Bosch-Compress-grand-1-403x500.jpg 403w\" sizes=\"auto, (max-width: 800px) 100vw, 800px\" \/><\/figure>\n<\/div>\n\n\n<div style=\"height:30px\" aria-hidden=\"true\" class=\"wp-block-spacer\"><\/div>\n\n\n\n<h4 class=\"wp-block-heading has-text-align-center has-vivid-purple-color has-text-color\" style=\"font-size:18px\"><strong>Une interface de r\u00e9glage simple et intuitive pour s\u00e9lectionner les nombreuses fonctions disponibles :<\/strong><\/h4>\n\n\n\n<ul class=\"wp-block-list\">\n<li><strong>Mode ECO<\/strong> : utilisation uniquement de la pompe \u00e0 chaleur pour la production d&#8217;eau chaude <\/li>\n\n\n\n<li><strong>Mode AUTO<\/strong> : gestion optimis\u00e9e de la pompe \u00e0 chaleur et de la r\u00e9sistance \u00e9lectrique pour un confort optimal  <\/li>\n\n\n\n<li style=\"font-size:18px\"><strong>Mode BOOST<\/strong> : les 2 sources d&#8217;\u00e9nergie sont utilis\u00e9es simultan\u00e9ment pour r\u00e9chauffer l&#8217;eau plus rapidement  <\/li>\n\n\n\n<li><strong>Mode ABSENCE<\/strong> : seule la r\u00e9sistance \u00e9lectrique est en veille et s&#8217;active en cas de risque de gel  <\/li>\n\n\n\n<li><strong>Mode D\u00c9SINFECTION <\/strong>: thermique automatique. <\/li>\n<\/ul>\n\n\n\n<p style=\"font-size:18px\">L&#8217;ind\u00e9pendance de la pompe \u00e0 chaleur et du ballon permet d&#8217;assurer une maintenance autonome de chaque \u00e9l\u00e9ment pour davantage de ; simplicit\u00e9, flexibilit\u00e9 et rapidit\u00e9.<\/p>\n\n\n\n<p style=\"font-size:18px\">Cet appareil peut ouvrir le droit aux nouvelles aides de <strong><a href=\"https:\/\/france-renov.gouv.fr\/\">MaPrimeR\u00e9nov<\/a><\/strong> 2020 et soumis ainsi \u00e0 la <a href=\"https:\/\/www.berrand-sarl.fr\/EnR\/attestation-tva-mode-demploi\/\">TVA<\/a> \u00e0 5.5%, selon certaines conditions.<\/p>\n\n\n\n<p style=\"font-size:18px\">C&#8217;est aussi le choix d&#8217;une grande marque dont la r\u00e9putation n&#8217;est plus \u00e0 faire depuis longtemps.<\/p>\n\n\n\n<figure class=\"wp-block-video aligncenter\"><video controls poster=\"https:\/\/www.berrand-sarl.fr\/EnR\/wp-content\/uploads\/2024\/12\/CE-Thermodynamique.jpg\" src=\"https:\/\/www.berrand-sarl.fr\/Videos\/Compress_DWF_Bosch.mp4\" playsinline><\/video><figcaption class=\"wp-element-caption\"><strong><span class=\"has-inline-color has-vivid-purple-color\">Cliquez sur l&#8217;image pour lire la vid\u00e9o<\/span><\/strong><\/figcaption><\/figure>\n\n\n\n<div style=\"height:30px\" aria-hidden=\"true\" class=\"wp-block-spacer\"><\/div>\n\n\n\n<h3 class=\"wp-block-heading has-vivid-purple-color has-text-color\">Savoir \u00ea<strong>tre objectif aussi<\/strong>&#8230;<\/h3>\n\n\n\n<p style=\"font-size:18px\">&nbsp;Sachez aussi que l&#8217;efficacit\u00e9 r\u00e9elle d&#8217;un chauffe-eau thermodynamique est surtout int\u00e9ressante lorsqu&#8217;elle est <strong>compar\u00e9e \u00e0 un cumulus \u00e9lectrique<\/strong> \u00e9quipant actuellement de (trop!) nombreux logements neufs car son prix d&#8217;achat reste faible. Mais attention aussi au type d&#8217;installation, il ne suffit pas de &#8220;poser&#8221; cet appareil au milieu de la cave ou d&#8217;une pi\u00e8ce quelconque du sous-sol sous peine d&#8217;\u00eatre vite d\u00e9\u00e7u et d&#8217;engendrer de r\u00e9els probl\u00e8mes d&#8217;ordre technique. L\u00e0 non plus, pour une installation s\u00e9rieuse et conforme, faites plut\u00f4t appel \u00e0<strong><span class=\"has-inline-color has-vivid-red-color\"><a href=\"https:\/\/www.berrand-sarl.fr\/EnR\/contacter\/\"> votre plombier favori<\/a><\/span><\/strong><\/p>\n\n\n\n<p style=\"font-size:18px\">Les divers distributeurs et notamment les GSB annoncent parfois des <strong>\u00e9conomies importantes qu&#8217;il faut relativiser<\/strong>. Elles sont compar\u00e9es \u00e0 des ballons d&#8217;eau chaude \u00e0 accumulation \u00e0 r\u00e9sistances \u00e9lectrique tr\u00e8s consommatrice d&#8217;\u00e9nergie.<\/p>\n\n\n<div class=\"wp-block-image\">\n<figure class=\"aligncenter size-large is-resized\"><a href=\"https:\/\/www.berrand-sarl.fr\/EnR\/contacter\/\"><img loading=\"lazy\" decoding=\"async\" src=\"https:\/\/www.berrand-sarl.fr\/EnR\/wp-content\/uploads\/2020\/11\/Bouton_Contactez-nous-edited.gif\" alt=\"Bouton Contactez-nous\" class=\"wp-image-5895\" width=\"173\" height=\"56\"\/><\/a><\/figure>\n<\/div>\n\n<div class=\"wp-block-image is-style-rounded\">\n<figure class=\"alignright size-full\" id=\"Haut_de_page\"><a href=\"#\"><img loading=\"lazy\" decoding=\"async\" width=\"40\" height=\"40\" src=\"https:\/\/www.berrand-sarl.fr\/EnR\/wp-content\/uploads\/2026\/04\/haut-page.jpg\" alt=\"Bouton haut page\" class=\"wp-image-15961\" title=\"Bouton vers haut de page\"\/><\/a><\/figure>\n<\/div>","protected":false},"excerpt":{"rendered":"<p>Le chauffe-eau thermodynamique aussi simple \u00e0 installer qu&#8217;un chauffe eau \u00e9lectrique Deux implantations sont possibles: Une interface de r\u00e9glage simple et intuitive pour s\u00e9lectionner les nombreuses fonctions disponibles : L&#8217;ind\u00e9pendance de la pompe \u00e0 chaleur et du ballon permet d&#8217;assurer&#8230; <\/p>\n","protected":false},"author":1,"featured_media":0,"parent":0,"menu_order":0,"comment_status":"closed","ping_status":"closed","template":"","meta":{"_seopress_robots_primary_cat":"","_seopress_titles_title":"Chauffe-eau thermodynamique %%sep%% %%sitetitle%%","_seopress_titles_desc":"Pour optimiser les performances globales du syst\u00e8me, il est possible de raccorder l'appareil \u00e0 une autre source d'\u00e9nergie tel que le solaire. Suite...","_seopress_robots_index":"","_themeisle_gutenberg_block_has_review":false,"footnotes":""},"class_list":["post-255","page","type-page","status-publish","hentry"],"_links":{"self":[{"href":"https:\/\/www.berrand-sarl.fr\/EnR\/wp-json\/wp\/v2\/pages\/255","targetHints":{"allow":["GET"]}}],"collection":[{"href":"https:\/\/www.berrand-sarl.fr\/EnR\/wp-json\/wp\/v2\/pages"}],"about":[{"href":"https:\/\/www.berrand-sarl.fr\/EnR\/wp-json\/wp\/v2\/types\/page"}],"author":[{"embeddable":true,"href":"https:\/\/www.berrand-sarl.fr\/EnR\/wp-json\/wp\/v2\/users\/1"}],"replies":[{"embeddable":true,"href":"https:\/\/www.berrand-sarl.fr\/EnR\/wp-json\/wp\/v2\/comments?post=255"}],"version-history":[{"count":0,"href":"https:\/\/www.berrand-sarl.fr\/EnR\/wp-json\/wp\/v2\/pages\/255\/revisions"}],"wp:attachment":[{"href":"https:\/\/www.berrand-sarl.fr\/EnR\/wp-json\/wp\/v2\/media?parent=255"}],"curies":[{"name":"wp","href":"https:\/\/api.w.org\/{rel}","templated":true}]}}