{"id":2505,"date":"2025-08-14T16:30:48","date_gmt":"2025-08-14T14:30:48","guid":{"rendered":"https:\/\/www.berrand-sarl.fr\/EnR\/?p=2505"},"modified":"2026-03-29T15:58:20","modified_gmt":"2026-03-29T13:58:20","slug":"remplacer-une-chaudiere-fioul","status":"publish","type":"page","link":"https:\/\/www.berrand-sarl.fr\/EnR\/remplacer-une-chaudiere-fioul\/","title":{"rendered":"Remplacer une chaudi\u00e8re fioul"},"content":{"rendered":"\n<h2 class=\"wp-block-heading has-text-align-center\">oui, mais remplacer par quel appareil et quelle \u00e9nergie?<\/h2>\n\n\n\n<p>Nos dirigeants veulent supprimer le <a href=\"https:\/\/www.berrand-sarl.fr\/EnR\/chauffage-au-fioul-domestique\/\">fioul<\/a> d&#8217;ici dix ans. En tant qu&#8217;artisan pour remplacer une chaudi\u00e8re fioul nous devons d\u00e8s aujourd&#8217;hui proposer \u00e0 notre client\u00e8le une solution cr\u00e9dible et fiable. Mais laquelle ?<\/p>\n\n\n<div class=\"wp-block-image\">\n<figure class=\"aligncenter is-resized\"><img loading=\"lazy\" decoding=\"async\" width=\"250\" height=\"292\" src=\"https:\/\/www.berrand-sarl.fr\/EnR\/wp-content\/uploads\/2019\/07\/Vieille_chaudiere.jpg\" alt=\"Vieille Chaudi\u00e8re au fioul de 50 ans\" class=\"wp-image-2521\" style=\"aspect-ratio:0.8557866351446197;width:296px;height:auto\"\/><figcaption class=\"wp-element-caption\">Vieille chaudi\u00e8re de 50 ans<\/figcaption><\/figure>\n<\/div>\n\n\n<h3 class=\"wp-block-heading\"><a href=\"https:\/\/www.berrand-sarl.fr\/EnR\/chaudieres-connectees-et-pilotees-a-distance\/\">Le gaz naturel ou propane<\/a><\/h3>\n\n\n\n<p>Le plus logique serait bien s\u00fbr le gaz avec l&#8217;av\u00e8nement du&nbsp;biom\u00e9thane. Sauf que dans la plupart des cas, le r\u00e9seau <a href=\"https:\/\/www.berrand-sarl.fr\/EnR\/chauffage-au-gaz-naturel\/\">gaz naturel<\/a> est \u00e9loign\u00e9 de l&#8217;habitation, sans quoi la chaudi\u00e8re y serait (\u2026peut \u00eatre?) raccord\u00e9e ! Il existe aussi la solution de la&nbsp;citerne de gaz <a href=\"https:\/\/www.berrand-sarl.fr\/EnR\/chauffage-au-gaz-naturel\/\">propane<\/a>. Les&nbsp;<a href=\"https:\/\/www.frisquet.com\/fr\/chaudiere-gaz-condensation-hydroconfort-solaire_58.html\">chaudi\u00e8res hydrides<\/a>&nbsp;(Gaz + pompe \u00e0 chaleur ou gaz + ECS <a href=\"https:\/\/www.berrand-sarl.fr\/EnR\/capteurs-plans\/\">solaire<\/a>) sont &#8216;elles une des solutions gaz pour les sites \u00e9loign\u00e9s de tous r\u00e9seaux?<\/p>\n\n\n\n<h3 class=\"wp-block-heading\"><a href=\"https:\/\/www.berrand-sarl.fr\/EnR\/chaudiere-biofioul-f30-hybride\/\">Les nouvelles chaudi\u00e8res biofioul F10-F30, PAC HYBRIDE<\/a><\/h3>\n\n\n\n<p>Il est toujours int\u00e9ressant d&#8217;installer une chaudi\u00e8re fioul plus performante: la&nbsp;<a href=\"https:\/\/www.berrand-sarl.fr\/EnR\/chaudiere-biofioul-f30-hybride\/\">chaudi\u00e8re \u00e0 haute performance \u00e9nerg\u00e9tique<\/a>&nbsp;(HPE) dite &#8220;\u00e0 condensation&#8221;. Elle fera faire bien des \u00e9conomies par rapport \u00e0 une chaudi\u00e8re fioul trop ancienne. Pourtant cette option ne risque t&#8217;elle pas de se retourner contre le client \u00e0 l&#8217;avenir, si la &#8220;mort du fioul&#8221; se confirme? La pr\u00e9sence d&#8217;un tel \u00e9quipement au fioul ne risque t&#8217;il pas d&#8217;\u00eatre un souci au moment de la vente de la maison. Inciter le client \u00e0 changer aujourd&#8217;hui d&#8217;\u00e9nergie, dans un contexte ou les&nbsp;<a href=\"https:\/\/www.economie.gouv.fr\/particuliers\/aides-renovation-energetique\">aides gouvernementales<\/a>&nbsp;sont pl\u00e9thores, il semble coh\u00e9rent que donner le bon conseil de remplacer son \u00e9quipement?&#8230;<\/p>\n\n\n<div class=\"wp-block-image\">\n<figure class=\"aligncenter size-full\"><img loading=\"lazy\" decoding=\"async\" width=\"450\" height=\"600\" src=\"https:\/\/www.berrand-sarl.fr\/EnR\/wp-content\/uploads\/2022\/07\/Chaudiere_biofioul_PAC.jpg\" alt=\"Ensemble chaudi\u00e8re biofioul F30 + pompe \u00e0 chaleur\" class=\"wp-image-9139\" srcset=\"https:\/\/www.berrand-sarl.fr\/EnR\/wp-content\/uploads\/2022\/07\/Chaudiere_biofioul_PAC.jpg 450w, https:\/\/www.berrand-sarl.fr\/EnR\/wp-content\/uploads\/2022\/07\/Chaudiere_biofioul_PAC-225x300.jpg 225w\" sizes=\"auto, (max-width: 450px) 100vw, 450px\" \/><figcaption class=\"wp-element-caption\">Ensemble chaudi\u00e8re biofioul <a href=\"https:\/\/www.berrand-sarl.fr\/EnR\/chaudiere-biofioul-f30-hybride\/\">F30<\/a> + pompe \u00e0 chaleur<\/figcaption><\/figure>\n<\/div>\n\n\n<h3 class=\"wp-block-heading\"><a href=\"https:\/\/www.berrand-sarl.fr\/EnR\/la-pompe-a-chaleur\/\">La pompe \u00e0 chaleur<\/a><\/h3>\n\n\n\n<p>La pompe \u00e0 chaleur est une des solution actuelle. Remplacer une chaudi\u00e8re fioul par une pompe \u00e0 chaleur air-eau pr\u00e9sente certains avantages puisque l&#8217;appareil fonctionne gr\u00e2ce \u00e0 l&#8217;\u00e9lectricit\u00e9. Les co\u00fbts d&#8217;exploitation sont relativement faibles pour l&#8217;instant, mais la hausse incontournable et exponentielle du&nbsp;<a href=\"https:\/\/www.berrand-sarl.fr\/EnR\/comparatif-du-cout-des-energies-en-france\/\"><strong>co\u00fbt de cette \u00e9nergie<\/strong><\/a>&nbsp;nous laisse quand m\u00eame assez interrogatifs.<\/p>\n\n\n\n<p>Techniquement, la pompe \u00e0 chaleur s&#8217;adapte facilement aussi bien sur un&nbsp;<a href=\"https:\/\/www.berrand-sarl.fr\/EnR\/plancher-chauffant-basse-temperature-pcbt\/\">plancher chauffant basse temp\u00e9rature<\/a>&nbsp;qu&#8217;\u00e0 tous types de&nbsp;<a href=\"https:\/\/www.berrand-sarl.fr\/EnR\/radiateurs-seche-serviettes\/\">radiateurs \u00e0 eau chaude&#8230;<\/a><\/p>\n\n\n\n<p>Nous sommes en tant qu&#8217;entrepreneur, sensibles aux limites r\u00e9elles de ce type d&#8217;appareil qu&#8217;est une pompe \u00e0 chaleur:<\/p>\n\n\n\n<p>La performance \u00e0 -2 \u00b0C environ de temp\u00e9rature ext\u00e9rieure, et selon le mod\u00e8le de l&#8217;appareil, sera convenable, m\u00eame si le coefficient de performance (\u2026 le fameux <a href=\"https:\/\/www.berrand-sarl.fr\/EnR\/la-pompe-a-chaleur\/\">COP<\/a>!) en sera en chute libre, passant de 4.5 \u00e0&#8230;0!<\/p>\n\n\n\n<p>Mais au-del\u00e0, en cas de temp\u00e9rature beaucoup plus basse, la surprise risque d&#8217;\u00eatre tr\u00e8s fort &#8220;d\u00e9sagr\u00e9able&#8221; financi\u00e8rement si la r\u00e9gion conna\u00eet un hiver rigoureux. L&#8217;appoint \u00e9lectrique pouvant \u00eatre mis en fonctionnement inopin\u00e9ment et transformer votre compteur \u00e9lectrique en tourne-disque 78 tours!&#8230;<\/p>\n\n\n\n<p>Et de plus avec ce syst\u00e8me, vous serez captifs aupr\u00e8s des divers fournisseurs d&#8217;\u00e9nergies sans scrupules pour une bonne quinzaine d&#8217;ann\u00e9es!&#8230;<\/p>\n\n\n\n<p>Il faut aussi respecter toutes les&nbsp;<a href=\"https:\/\/www.berrand-sarl.fr\/Entreprise\/fichiers.pdf\/Fiche_acoustique_pac.pdf\">bonnes pratiques de ce type d&#8217;installation<\/a>, constat de plusieurs de nos remarques \u00e0 certains clients..<\/p>\n\n\n<div class=\"wp-block-image is-style-rounded\">\n<figure class=\"alignright size-full\" id=\"Haut_de_page\"><a href=\"#\"><img loading=\"lazy\" decoding=\"async\" width=\"40\" height=\"40\" src=\"https:\/\/www.berrand-sarl.fr\/EnR\/wp-content\/uploads\/2026\/04\/haut-page.jpg\" alt=\"Bouton haut page\" class=\"wp-image-15961\" title=\"Bouton vers haut de page\"\/><\/a><\/figure>\n<\/div>","protected":false},"excerpt":{"rendered":"<p>oui, mais remplacer par quel appareil et quelle \u00e9nergie? Nos dirigeants veulent supprimer le fioul d&#8217;ici dix ans. En tant qu&#8217;artisan pour remplacer une chaudi\u00e8re fioul nous devons d\u00e8s aujourd&#8217;hui proposer \u00e0 notre client\u00e8le une solution cr\u00e9dible et fiable. Mais&#8230; <\/p>\n","protected":false},"author":1,"featured_media":0,"parent":0,"menu_order":0,"comment_status":"closed","ping_status":"open","template":"","meta":{"_seopress_robots_primary_cat":"","_seopress_titles_title":"Remplacer une chaudi\u00e8re fioul","_seopress_titles_desc":"Remplacer une chaudi\u00e8re fioul : oui, mais remplacer par quel appareil et quelle \u00e9nergie?","_seopress_robots_index":"","_themeisle_gutenberg_block_has_review":false,"footnotes":""},"class_list":["post-2505","page","type-page","status-publish","hentry"],"_links":{"self":[{"href":"https:\/\/www.berrand-sarl.fr\/EnR\/wp-json\/wp\/v2\/pages\/2505","targetHints":{"allow":["GET"]}}],"collection":[{"href":"https:\/\/www.berrand-sarl.fr\/EnR\/wp-json\/wp\/v2\/pages"}],"about":[{"href":"https:\/\/www.berrand-sarl.fr\/EnR\/wp-json\/wp\/v2\/types\/page"}],"author":[{"embeddable":true,"href":"https:\/\/www.berrand-sarl.fr\/EnR\/wp-json\/wp\/v2\/users\/1"}],"replies":[{"embeddable":true,"href":"https:\/\/www.berrand-sarl.fr\/EnR\/wp-json\/wp\/v2\/comments?post=2505"}],"version-history":[{"count":0,"href":"https:\/\/www.berrand-sarl.fr\/EnR\/wp-json\/wp\/v2\/pages\/2505\/revisions"}],"wp:attachment":[{"href":"https:\/\/www.berrand-sarl.fr\/EnR\/wp-json\/wp\/v2\/media?parent=2505"}],"curies":[{"name":"wp","href":"https:\/\/api.w.org\/{rel}","templated":true}]}}