{"id":2389,"date":"2024-12-07T11:14:37","date_gmt":"2024-12-07T10:14:37","guid":{"rendered":"https:\/\/www.berrand-sarl.fr\/EnR\/?page_id=2389"},"modified":"2026-03-02T18:22:24","modified_gmt":"2026-03-02T17:22:24","slug":"plancher-chauffant-basse-temperature-pcbt","status":"publish","type":"page","link":"https:\/\/www.berrand-sarl.fr\/EnR\/plancher-chauffant-basse-temperature-pcbt\/","title":{"rendered":"Le Plancher chauffant"},"content":{"rendered":"<div class=\"wp-block-image is-style-rounded\">\n<figure class=\"alignright size-full is-resized\" id=\"-Haut_de_page\"><a href=\"#Haut_de_page\" rel=\"Bouton haut page\"><img loading=\"lazy\" decoding=\"async\" width=\"40\" height=\"40\" src=\"https:\/\/www.berrand-sarl.fr\/EnR\/wp-content\/uploads\/2026\/04\/bas-page.jpg\" alt=\"Bouton bas page\" class=\"wp-image-15962\" style=\"width:40px;height:auto\" title=\"Vers bas de page\"\/><\/a><\/figure>\n<\/div>\n\n\n<h2 class=\"wp-block-heading has-text-align-center has-vivid-purple-color has-text-color has-large-font-size\"><strong>Plancher Chauffant Basse Temp\u00e9rature (PCBT).<\/strong><\/h2>\n\n\n\n<h3 class=\"wp-block-heading has-text-align-center has-vivid-purple-color has-text-color\" style=\"font-size:28px\"><strong>Le moyen de chauffage parfait <\/strong><\/h3>\n\n\n\n<p style=\"font-size:18px\">Associ\u00e9 aux \u00e9nergies fossiles (fioul, gaz naturel ou propane), avec les nouvelles chaudi\u00e8re \u00e0 condensation, il est particuli\u00e8rement<a href=\"https:\/\/www.berrand-sarl.fr\/EnR\/chauffage-solaire-thermique\/\"> <\/a><strong><a href=\"https:\/\/www.berrand-sarl.fr\/EnR\/chauffage-solaire-thermique\/\">bien adapt\u00e9  aux \u00e9nergies renouvelables<\/a> <\/strong>que sont le solaire thermique, le <strong><a href=\"https:\/\/www.berrand-sarl.fr\/EnR\/chaudiere-a-granules-de-bois-pellets\/\">bois en granul\u00e9s<\/a><\/strong>, la <strong><a href=\"https:\/\/www.berrand-sarl.fr\/EnR\/la-pompe-a-chaleur\/\">pompe \u00e0 chaleur<\/a><\/strong>, etc.<\/p>\n\n\n\n<p style=\"font-size:18px\">Pour ces derni\u00e8res les co\u00fbts \nd&#8217;exploitation sont r\u00e9duits mais le prix des installations est plus \ncons\u00e9quent. Le temps de retour est \u00e0 prendre en compte avant le choix \nfinal en mati\u00e8re d&#8217;achat du g\u00e9n\u00e9rateur de chaleur.&nbsp; <\/p>\n\n\n\n<h3 class=\"wp-block-heading has-text-align-center has-text-color has-medium-font-size\" style=\"color:#0021cc\"><strong>VOIR LE DIAPORAMA <\/strong><\/h3>\n\n\n            <div class=\"fotorama responsive-image-silder\" \n                data-width=\"\"\n                data-height=\"\" \n                data-nav=\"dots\"\n                data-navwidth=\"\" \n                data-allowfullscreen=\"true\"\n                data-fit=\"none\"\n                data-transitionduration=\"300\"\n                data-autoplay=\"true\" \n                data-loop=\"true\"\n                data-arrows=\"true\" \n                data-swipe=\"true\"\n                data-spinner=\"true\" \n                data-transition=\"slide\">\n                                        <img decoding=\"async\" src=\"https:\/\/www.berrand-sarl.fr\/EnR\/wp-content\/uploads\/2024\/03\/01190007.jpg\" data-thumb=\"https:\/\/www.berrand-sarl.fr\/EnR\/wp-content\/uploads\/2024\/03\/01190007-150x150.jpg\" data-caption=\"Plancher chauffant basse temp\u00e9rature\">\n                                                <img decoding=\"async\" src=\"https:\/\/www.berrand-sarl.fr\/EnR\/wp-content\/uploads\/2024\/03\/01190003.jpg\" data-thumb=\"https:\/\/www.berrand-sarl.fr\/EnR\/wp-content\/uploads\/2024\/03\/01190003-150x150.jpg\" data-caption=\"Passage chemin\u00e9e salon\">\n                                                <img decoding=\"async\" src=\"https:\/\/www.berrand-sarl.fr\/EnR\/wp-content\/uploads\/2024\/03\/p1000053.jpg\" data-thumb=\"https:\/\/www.berrand-sarl.fr\/EnR\/wp-content\/uploads\/2024\/03\/p1000053-150x150.jpg\" data-caption=\"Entr\u00e9e 2\">\n                                                <img decoding=\"async\" src=\"https:\/\/www.berrand-sarl.fr\/EnR\/wp-content\/uploads\/2024\/03\/01190007-1.jpg\" data-thumb=\"https:\/\/www.berrand-sarl.fr\/EnR\/wp-content\/uploads\/2024\/03\/01190007-1-150x150.jpg\" data-caption=\"Salon\">\n                                                <img decoding=\"async\" src=\"https:\/\/www.berrand-sarl.fr\/EnR\/wp-content\/uploads\/2024\/03\/p1000041.jpg\" data-thumb=\"https:\/\/www.berrand-sarl.fr\/EnR\/wp-content\/uploads\/2024\/03\/p1000041-150x150.jpg\" data-caption=\"Alimentation chaudi\u00e8re vers collecteur\">\n                                                <img decoding=\"async\" src=\"https:\/\/www.berrand-sarl.fr\/EnR\/wp-content\/uploads\/2024\/03\/p1000035.jpg\" data-thumb=\"https:\/\/www.berrand-sarl.fr\/EnR\/wp-content\/uploads\/2024\/03\/p1000035-150x150.jpg\" data-caption=\"Grilles pos\u00e9es\">\n                                                <img decoding=\"async\" src=\"https:\/\/www.berrand-sarl.fr\/EnR\/wp-content\/uploads\/2024\/03\/plancher_chauffant.jpg\" data-thumb=\"https:\/\/www.berrand-sarl.fr\/EnR\/wp-content\/uploads\/2024\/03\/plancher_chauffant-150x150.jpg\" data-caption=\"Plancher chauffant\">\n                                                <img decoding=\"async\" src=\"https:\/\/www.berrand-sarl.fr\/EnR\/wp-content\/uploads\/2024\/03\/p1000059.jpg\" data-thumb=\"https:\/\/www.berrand-sarl.fr\/EnR\/wp-content\/uploads\/2024\/03\/p1000059-150x150.jpg\" data-caption=\"Berrand sarl\">\n                                                <img decoding=\"async\" src=\"https:\/\/www.berrand-sarl.fr\/EnR\/wp-content\/uploads\/2024\/03\/p1000028.jpg\" data-thumb=\"https:\/\/www.berrand-sarl.fr\/EnR\/wp-content\/uploads\/2024\/03\/p1000028-150x150.jpg\" data-caption=\"Pose du nylon\">\n                                                <img decoding=\"async\" src=\"https:\/\/www.berrand-sarl.fr\/EnR\/wp-content\/uploads\/2024\/03\/01190008.jpg\" data-thumb=\"https:\/\/www.berrand-sarl.fr\/EnR\/wp-content\/uploads\/2024\/03\/01190008-150x150.jpg\" data-caption=\"Dans les toilettes WC\">\n                                                <img decoding=\"async\" src=\"https:\/\/www.berrand-sarl.fr\/EnR\/wp-content\/uploads\/2024\/03\/01190013.jpg\" data-thumb=\"https:\/\/www.berrand-sarl.fr\/EnR\/wp-content\/uploads\/2024\/03\/01190013-150x150.jpg\" data-caption=\"Passage des marches (2)\">\n                                                <img decoding=\"async\" src=\"https:\/\/www.berrand-sarl.fr\/EnR\/wp-content\/uploads\/2024\/03\/p1000054.jpg\" data-thumb=\"https:\/\/www.berrand-sarl.fr\/EnR\/wp-content\/uploads\/2024\/03\/p1000054-150x150.jpg\" data-caption=\"Entr\u00e9e\">\n                                                <img decoding=\"async\" src=\"https:\/\/www.berrand-sarl.fr\/EnR\/wp-content\/uploads\/2024\/03\/01190012.jpg\" data-thumb=\"https:\/\/www.berrand-sarl.fr\/EnR\/wp-content\/uploads\/2024\/03\/01190012-150x150.jpg\" data-caption=\"Passage des marches (3)\">\n                                                <img decoding=\"async\" src=\"https:\/\/www.berrand-sarl.fr\/EnR\/wp-content\/uploads\/2024\/03\/01190014.jpg\" data-thumb=\"https:\/\/www.berrand-sarl.fr\/EnR\/wp-content\/uploads\/2024\/03\/01190014-150x150.jpg\" data-caption=\"Passage des marches\">\n                                                <img decoding=\"async\" src=\"https:\/\/www.berrand-sarl.fr\/EnR\/wp-content\/uploads\/2024\/03\/01190007.jpg\" data-thumb=\"https:\/\/www.berrand-sarl.fr\/EnR\/wp-content\/uploads\/2024\/03\/01190007-150x150.jpg\" data-caption=\"Plancher chauffant basse temp\u00e9rature\">\n                                                <img decoding=\"async\" src=\"https:\/\/www.berrand-sarl.fr\/EnR\/wp-content\/uploads\/2024\/03\/p1000039.jpg\" data-thumb=\"https:\/\/www.berrand-sarl.fr\/EnR\/wp-content\/uploads\/2024\/03\/p1000039-150x150.jpg\" data-caption=\"Alimentation chaudi\u00e8re vers collecteur (2)\">\n                                                <img decoding=\"async\" src=\"https:\/\/www.berrand-sarl.fr\/EnR\/wp-content\/uploads\/2024\/03\/p1000058.jpg\" data-thumb=\"https:\/\/www.berrand-sarl.fr\/EnR\/wp-content\/uploads\/2024\/03\/p1000058-150x150.jpg\" data-caption=\"Collecteur PCBT\">\n                                                <img decoding=\"async\" src=\"https:\/\/www.berrand-sarl.fr\/EnR\/wp-content\/uploads\/2024\/03\/01190006.jpg\" data-thumb=\"https:\/\/www.berrand-sarl.fr\/EnR\/wp-content\/uploads\/2024\/03\/01190006-150x150.jpg\" data-caption=\"Salon 2\">\n                                                <img decoding=\"async\" src=\"https:\/\/www.berrand-sarl.fr\/EnR\/wp-content\/uploads\/2024\/03\/p1000061.jpg\" data-thumb=\"https:\/\/www.berrand-sarl.fr\/EnR\/wp-content\/uploads\/2024\/03\/p1000061-150x150.jpg\" data-caption=\"Berrand sarl Chaufferie\">\n                                                <img decoding=\"async\" src=\"https:\/\/www.berrand-sarl.fr\/EnR\/wp-content\/uploads\/2024\/03\/p1000060.jpg\" data-thumb=\"https:\/\/www.berrand-sarl.fr\/EnR\/wp-content\/uploads\/2024\/03\/p1000060-150x150.jpg\" data-caption=\"Berrand sarl. Vue chaufferie\">\n                                                <img decoding=\"async\" src=\"https:\/\/www.berrand-sarl.fr\/EnR\/wp-content\/uploads\/2024\/03\/01190002.jpg\" data-thumb=\"https:\/\/www.berrand-sarl.fr\/EnR\/wp-content\/uploads\/2024\/03\/01190002-150x150.jpg\" data-caption=\"angle s\u00e9jour\">\n                                                <img decoding=\"async\" src=\"https:\/\/www.berrand-sarl.fr\/EnR\/wp-content\/uploads\/2024\/03\/p1000055.jpg\" data-thumb=\"https:\/\/www.berrand-sarl.fr\/EnR\/wp-content\/uploads\/2024\/03\/p1000055-150x150.jpg\" data-caption=\"Cuisine\">\n                                                <img decoding=\"async\" src=\"https:\/\/www.berrand-sarl.fr\/EnR\/wp-content\/uploads\/2024\/03\/p1000033.jpg\" data-thumb=\"https:\/\/www.berrand-sarl.fr\/EnR\/wp-content\/uploads\/2024\/03\/p1000033-150x150.jpg\" data-caption=\"Ligature des grilles\">\n                                                <img decoding=\"async\" src=\"https:\/\/www.berrand-sarl.fr\/EnR\/wp-content\/uploads\/2024\/03\/01190011.jpg\" data-thumb=\"https:\/\/www.berrand-sarl.fr\/EnR\/wp-content\/uploads\/2024\/03\/01190011-150x150.jpg\" data-caption=\"Collecteur raccord\u00e9\">\n                                                <img decoding=\"async\" src=\"https:\/\/www.berrand-sarl.fr\/EnR\/wp-content\/uploads\/2024\/03\/p1000052.jpg\" data-thumb=\"https:\/\/www.berrand-sarl.fr\/EnR\/wp-content\/uploads\/2024\/03\/p1000052-150x150.jpg\" data-caption=\"V\u00e9rification pose nylon\">\n                                    <\/div>\n            \n            <!-- Initialization Script - Inside the container to ensure it's returned by the shortcode -->\n            <script>\n                jQuery(function ($) {\n                    $('.responsive-image-silder').fotorama({\n                        spinner: {\n                            lines: 13,\n                            color: 'rgba(0, 0, 0, .75)',\n                            className: 'fotorama',\n                        }\n                    });\n                });\n            <\/script>\n            \n\n\n\n<hr class=\"wp-block-separator\"\/>\n\n\n\n<div class=\"wp-block-group\"><div class=\"wp-block-group__inner-container is-layout-flow wp-block-group-is-layout-flow\">\n<p class=\"has-text-align-center has-text-color\" style=\"color:#0021cc;font-size:18px\">Un plancher mal con\u00e7u ou mal  r\u00e9alis\u00e9 entra\u00eene des cons\u00e9quences financi\u00e8res et techniques d\u00e9sastreuses  pour le propri\u00e9taire. La pose de l&#8217;isolant et le m\u00e9trage des tubes  incorpor\u00e9s \u00e0 la dalle flottante sont primordiaux. Les murs ainsi d\u00e9gag\u00e9s  permettent l&#8217;ameublement et la d\u00e9coration sans contrainte. Les sols ne  sont plus &#8220;froids&#8221;. La temp\u00e9rature uniforme venant du sol en tous points  de la pi\u00e8ce, permet de se chauffer tr\u00e8s agr\u00e9ablement \u00e0 temp\u00e9rature  moins importante, tout en gardant un confort maximum bien sup\u00e9rieur \u00e0  tout autre type de chauffage. Certains probl\u00e8mes de sant\u00e9 sont r\u00e9solus,  la dalle flottante \u00e9tant \u00e0 une temp\u00e9rature inf\u00e9rieure \u00e0 celle du corps  humain.. l&#8217;air ne draine plus ni poussi\u00e8res, ni particules  microscopiques br\u00fbl\u00e9es en suspension dans l&#8217;air. <\/p>\n\n\n\n<p style=\"font-size:18px\">L&#8217;installation de plancher \nchauffant est un plus co\u00fbteuse qu&#8217;une installation par radiateurs. Cette\n diff\u00e9rence est vite amortie compte tenu de son faible co\u00fbt \nd&#8217;exploitation. De par sa conception (plus de convecteurs \u00e9lectriques ou\n de radiateurs), ce chauffage se caract\u00e9rise entre autre par sa \ndiscr\u00e9tion totale.<\/p>\n<\/div><\/div>\n\n\n<div class=\"wp-block-image\">\n<figure class=\"aligncenter is-resized\"><img loading=\"lazy\" decoding=\"async\" width=\"500\" height=\"375\" src=\"https:\/\/www.berrand-sarl.fr\/EnR\/wp-content\/uploads\/2019\/07\/01190013.jpg\" alt=\"Plancher chauffant\" class=\"wp-image-2437\" style=\"width:500px;height:375px\" srcset=\"https:\/\/www.berrand-sarl.fr\/EnR\/wp-content\/uploads\/2019\/07\/01190013.jpg 500w, https:\/\/www.berrand-sarl.fr\/EnR\/wp-content\/uploads\/2019\/07\/01190013-300x225.jpg 300w, https:\/\/www.berrand-sarl.fr\/EnR\/wp-content\/uploads\/2019\/07\/01190013-175x131.jpg 175w\" sizes=\"auto, (max-width: 500px) 100vw, 500px\" \/><\/figure>\n<\/div>\n\n\n<h3 class=\"wp-block-heading has-vivid-cyan-blue-color has-text-color\">R\u00e9glez vos dysfonctionnement de chauffage:&nbsp;<\/h3>\n\n\n\n<p style=\"font-size:18px\">Vous constatez des anomalies dans le fonctionnement de votre plancher chauffant (mauvaise r\u00e9partition  de la chaleur, perte d&#8217;efficacit\u00e9, surconsommation d&#8217;\u00e9nergie, etc.) ou  de vos radiateurs ? Il est possible que votre <strong><a href=\"https:\/\/www.berrand-sarl.fr\/EnR\/traitements-des-boues-dans-le-chauffage\/\">syst\u00e8me de chauffage soit  embou\u00e9<\/a> <\/strong>ce qui conduit \u00e0 une mauvaise circulation des fluides. Il faut  alors nous faire intervenir pour effectuer un d\u00e9sembouage du circuit. Le  d\u00e9sembouage doit \u00eatre effectu\u00e9 tous les 5 ans afin d&#8217;\u00e9viter un  colmatage ou une obstruction irr\u00e9versible des canalisations. <\/p>\n\n\n\n<p style=\"font-size:18px\">Pour cela, il faut tout d&#8217;abord \ncouper le syst\u00e8me et proc\u00e9der \u00e0 la vidange de chaque boucle du circuit. \nPuis nous injectons des produits d\u00e9tergents pour retirer les boues qui \nobstruent le syst\u00e8me. Le d\u00e9sembouage est suivi d&#8217;une injection d&#8217;un \nproduit inhibiteur de corrosion et d&#8217;entartrage. Une fois le circuit de \nvotre plancher chauffant d\u00e9sembou\u00e9, le syst\u00e8me peut \u00eatre remis en \nmarche.<\/p>\n\n\n<div class=\"wp-block-image is-style-rounded\">\n<figure class=\"alignright size-full\" id=\"Haut_de_page\"><a href=\"#\"><img loading=\"lazy\" decoding=\"async\" width=\"40\" height=\"40\" src=\"https:\/\/www.berrand-sarl.fr\/EnR\/wp-content\/uploads\/2026\/04\/haut-page.jpg\" alt=\"Bouton haut page\" class=\"wp-image-15961\" title=\"Bouton vers haut de page\"\/><\/a><\/figure>\n<\/div>","protected":false},"excerpt":{"rendered":"<p>Plancher Chauffant Basse Temp\u00e9rature (PCBT). Le moyen de chauffage parfait Associ\u00e9 aux \u00e9nergies fossiles (fioul, gaz naturel ou propane), avec les nouvelles chaudi\u00e8re \u00e0 condensation, il est particuli\u00e8rement bien adapt\u00e9 aux \u00e9nergies renouvelables que sont le solaire thermique, le bois&#8230; <\/p>\n","protected":false},"author":1,"featured_media":0,"parent":0,"menu_order":0,"comment_status":"closed","ping_status":"closed","template":"","meta":{"_seopress_robots_primary_cat":"","_seopress_titles_title":"Plancher Chauffant BT%%sep%% %%sitetitle%%","_seopress_titles_desc":"L\u2019installation de plancher chauffant est plus ch\u00e8re qu\u2019une installation radiateurs. Diff\u00e9rence vite amortie compte tenu du faible co\u00fbt d\u2019exploitation","_seopress_robots_index":"","_themeisle_gutenberg_block_has_review":false,"footnotes":""},"class_list":["post-2389","page","type-page","status-publish","hentry"],"_links":{"self":[{"href":"https:\/\/www.berrand-sarl.fr\/EnR\/wp-json\/wp\/v2\/pages\/2389","targetHints":{"allow":["GET"]}}],"collection":[{"href":"https:\/\/www.berrand-sarl.fr\/EnR\/wp-json\/wp\/v2\/pages"}],"about":[{"href":"https:\/\/www.berrand-sarl.fr\/EnR\/wp-json\/wp\/v2\/types\/page"}],"author":[{"embeddable":true,"href":"https:\/\/www.berrand-sarl.fr\/EnR\/wp-json\/wp\/v2\/users\/1"}],"replies":[{"embeddable":true,"href":"https:\/\/www.berrand-sarl.fr\/EnR\/wp-json\/wp\/v2\/comments?post=2389"}],"version-history":[{"count":0,"href":"https:\/\/www.berrand-sarl.fr\/EnR\/wp-json\/wp\/v2\/pages\/2389\/revisions"}],"wp:attachment":[{"href":"https:\/\/www.berrand-sarl.fr\/EnR\/wp-json\/wp\/v2\/media?parent=2389"}],"curies":[{"name":"wp","href":"https:\/\/api.w.org\/{rel}","templated":true}]}}