{"id":2344,"date":"2024-12-06T16:56:21","date_gmt":"2024-12-06T15:56:21","guid":{"rendered":"https:\/\/www.berrand-sarl.fr\/EnR\/?page_id=2344"},"modified":"2026-03-02T18:05:52","modified_gmt":"2026-03-02T17:05:52","slug":"comparatif-du-cout-des-energies-en-france","status":"publish","type":"page","link":"https:\/\/www.berrand-sarl.fr\/EnR\/comparatif-du-cout-des-energies-en-france\/","title":{"rendered":"Comparatif co\u00fbts des \u00e9nergies"},"content":{"rendered":"\n<p class=\"has-text-align-right\"><a href=\"#Vers-Haut-de-page\">Bas de page<\/a><\/p>\n\n\n\n<h2 class=\"wp-block-heading has-text-align-center has-vivid-purple-color has-text-color has-large-font-size\">Comparatif du co\u00fbt<\/h2>\n\n\n\n<h2 class=\"wp-block-heading has-text-align-center has-vivid-purple-color has-text-color has-large-font-size\">des \u00e9nergies en France<\/h2>\n\n\n\n<h2 class=\"wp-block-heading has-text-align-center has-vivid-red-color has-text-color\"><strong>Le \u00ab\u00a0bois granul\u00e9\u00a0\u00bb (pellets) a beaucoup augment\u00e9 ces derni\u00e8res ann\u00e9es!<\/strong><\/h2>\n\n\n\n<p>Depuis de longues ann\u00e9es, nous \nsommes tous pr\u00e9occup\u00e9s lorsque nous mettons en fonctionnement nos \ninstallations de <a href=\"https:\/\/www.berrand-sarl.fr\/EnR\/chauffage-central-a-eau-chaude\/\">chauffage<\/a> par le prix des \u00e9nergies. <\/p>\n\n\n\n<p>Celui-ci \u00e9volue en permanence au gr\u00e9 des cours du p\u00e9trole ou du tarif de l&rsquo;\u00e9lectricit\u00e9.<\/p>\n\n\n\n<p>Ces tarifs peuvent \u00eatre connus et lus en permanence dans le graphique de l&rsquo;image ci-dessous. C&rsquo;est un organisme qui met \u00e0 jour mensuellement ce barom\u00e8tre du co\u00fbt des \u00e9nergies, on peut donc consid\u00e9rer cette source comme tr\u00e8s fiable.<\/p>\n\n\n\n<p>Prix mensuels des \u00e9nergies\n pour des usages chauffage et eau chaude domestiques en maison \nindividuelle. Source: Donn\u00e9es du Minist\u00e8re de la Transition Ecologique \net Solidaire (bases de donn\u00e9es du SDES et de la DGEC). <\/p>\n\n\n\n<figure class=\"wp-block-image size-full\"><img alt=\"barre jaun\u00e2tre\" loading=\"lazy\" decoding=\"async\" width=\"1024\" height=\"2\" src=\"https:\/\/www.berrand-sarl.fr\/EnR\/wp-content\/uploads\/2024\/10\/barre_jaunatre.jpg\" alt=\"\" class=\"wp-image-12119\" srcset=\"https:\/\/www.berrand-sarl.fr\/EnR\/wp-content\/uploads\/2024\/10\/barre_jaunatre.jpg 1024w, https:\/\/www.berrand-sarl.fr\/EnR\/wp-content\/uploads\/2024\/10\/barre_jaunatre-300x2.jpg 300w, https:\/\/www.berrand-sarl.fr\/EnR\/wp-content\/uploads\/2024\/10\/barre_jaunatre-150x2.jpg 150w, https:\/\/www.berrand-sarl.fr\/EnR\/wp-content\/uploads\/2024\/10\/barre_jaunatre-768x2.jpg 768w, https:\/\/www.berrand-sarl.fr\/EnR\/wp-content\/uploads\/2024\/10\/barre_jaunatre-660x2.jpg 660w, https:\/\/www.berrand-sarl.fr\/EnR\/wp-content\/uploads\/2024\/10\/barre_jaunatre-600x2.jpg 600w\" sizes=\"auto, (max-width: 1024px) 100vw, 1024px\" \/><\/figure>\n\n\n\n<h3 class=\"wp-block-heading has-text-align-center\" style=\"font-size:30px\">\ud83d\udcb0 <a href=\"https:\/\/selectra.info\/energie\/guides\/conso\/energie-la-moins-chere\">Comparatif du prix du kWh des \u00e9nergies en\u00a02026<\/a><\/h3>\n\n\n\n<p class=\"has-text-color has-link-color has-medium-font-size wp-elements-784b4fde903247548034af8420a9089d\" style=\"color:#7f00f6\">Comparatif du prix du kWh des \u00e9nergies&nbsp;:<\/p>\n\n\n\n<ul style=\"color:#238916\" class=\"wp-block-list has-text-color has-link-color has-medium-font-size wp-elements-d9302e36f22b083483213b5d8f9cbc7a\">\n<li>Granul\u00e9s de bois en sacs : <strong>0,07 \u20ac\/kWh<\/strong>&nbsp;(Conjoncture mensuelle de l&rsquo;\u00e9nergie &#8211; SDES &#8211; mars 2025);<\/li>\n\n\n\n<li>Fioul domestique : <strong>0,10 \u20ac\/kWh<\/strong>&nbsp;(Conjoncture mensuelle de l&rsquo;\u00e9nergie &#8211; SDES &#8211; mai 2025);<\/li>\n\n\n\n<li>Gaz naturel (chauffage) : <strong>0,11 \u20ac\/kWh<\/strong>&nbsp;(Prix rep\u00e8re de la CRE &#8211; juillet 2025);<\/li>\n\n\n\n<li>Propane : <strong>0,16 \u20ac\/kWh<\/strong>&nbsp;(Conjoncture mensuelle de l&rsquo;\u00e9nergie &#8211; SDES &#8211; avril 2025);<\/li>\n\n\n\n<li>\u00c9lectricit\u00e9 : <strong>0,19 \u20ac\/kWh<\/strong>\u00a0(Tarifs r\u00e9glement\u00e9s de l&rsquo;\u00e9lectricit\u00e9 &#8211; juillet 2025);<\/li>\n\n\n\n<li>Butane : <strong>0,24 \u20ac\/kWh<\/strong>&nbsp;(Conjoncture mensuelle de l&rsquo;\u00e9nergie &#8211; SDES &#8211; avril 2025);<\/li>\n<\/ul>\n\n\n\n<p class=\"has-text-align-center has-text-color has-medium-font-size\" style=\"color:#4930f1\"><strong><em>Dans l&rsquo;image ci-dessous, vous obtiendrez les derniers relev\u00e9s de prix des diff\u00e9rentes \u00e9nergies en chauffage individuel. En faisant glisser les curseurs vous pourrez voir l&rsquo;\u00e9volution de chacune de ces \u00e9nergies, \u00e0 une p\u00e9riode donn\u00e9e.<\/em><\/strong><\/p>\n\n\n\n<figure class=\"wp-block-image size-full is-resized\"><a href=\"https:\/\/selectra.info\/energie\/guides\/conso\/energie-la-moins-chere\"><img loading=\"lazy\" decoding=\"async\" width=\"917\" height=\"614\" src=\"https:\/\/www.berrand-sarl.fr\/EnR\/wp-content\/uploads\/2024\/10\/selectrat_2007_2024.jpg\" alt=\"Evolution compar\u00e9e des prix\" class=\"wp-image-12167\" style=\"width:845px;height:auto\" srcset=\"https:\/\/www.berrand-sarl.fr\/EnR\/wp-content\/uploads\/2024\/10\/selectrat_2007_2024.jpg 917w, https:\/\/www.berrand-sarl.fr\/EnR\/wp-content\/uploads\/2024\/10\/selectrat_2007_2024-300x201.jpg 300w, https:\/\/www.berrand-sarl.fr\/EnR\/wp-content\/uploads\/2024\/10\/selectrat_2007_2024-768x514.jpg 768w\" sizes=\"auto, (max-width: 917px) 100vw, 917px\" \/><\/a><figcaption class=\"wp-element-caption\"><strong><mark style=\"background-color:rgba(0, 0, 0, 0);color:#fd0101\" class=\"has-inline-color\">CLIQUEZ SUR L&rsquo;IMAGE POUR VOIR LE DETAIL MENSUEL et ANNEES PAR ANNEES pour CHAQUE ENERGIE.<\/mark><\/strong><\/figcaption><\/figure>\n\n\n\n<p class=\"has-text-align-center\" style=\"font-size:15px\"><strong><mark style=\"background-color:rgba(0, 0, 0, 0);color:#0003f6\" class=\"has-inline-color\">Graphique:\u00a0Selectra 2026.\u00a0\u00a0Source:\u00a0<a href=\"https:\/\/selectra.info\/energie\/guides\/conso\/energie-la-moins-chere\">Selectra<\/a><\/mark><\/strong><\/p>\n\n\n\n<figure class=\"wp-block-image size-full\"><img loading=\"lazy\" decoding=\"async\" width=\"1024\" height=\"2\" src=\"https:\/\/www.berrand-sarl.fr\/EnR\/wp-content\/uploads\/2024\/10\/barre_jaunatre.jpg\" alt=\"barre jaun\u00e2tre\" class=\"wp-image-12119\" srcset=\"https:\/\/www.berrand-sarl.fr\/EnR\/wp-content\/uploads\/2024\/10\/barre_jaunatre.jpg 1024w, https:\/\/www.berrand-sarl.fr\/EnR\/wp-content\/uploads\/2024\/10\/barre_jaunatre-300x2.jpg 300w, https:\/\/www.berrand-sarl.fr\/EnR\/wp-content\/uploads\/2024\/10\/barre_jaunatre-150x2.jpg 150w, https:\/\/www.berrand-sarl.fr\/EnR\/wp-content\/uploads\/2024\/10\/barre_jaunatre-768x2.jpg 768w, https:\/\/www.berrand-sarl.fr\/EnR\/wp-content\/uploads\/2024\/10\/barre_jaunatre-660x2.jpg 660w, https:\/\/www.berrand-sarl.fr\/EnR\/wp-content\/uploads\/2024\/10\/barre_jaunatre-600x2.jpg 600w\" sizes=\"auto, (max-width: 1024px) 100vw, 1024px\" \/><\/figure>\n\n\n\n<blockquote class=\"wp-block-quote is-layout-flow wp-block-quote-is-layout-flow\">\n<p class=\"has-vivid-red-color has-text-color has-medium-font-size\"><strong><em>Et la comparaison semble encore bien plus \u00e9vidente aujourd&rsquo;hui<\/em><\/strong>, <strong><em>car <a href=\"https:\/\/www.berrand-sarl.fr\/EnR\/le-chauffage-au-bois-dangereux-pour-la-sante\/\">le bois buches<\/a> ou le bois granul\u00e9 ne sont presque plus comp\u00e9titifs par rapport au<a href=\"https:\/\/www.berrand-sarl.fr\/EnR\/chaudiere-tres-haute-performance-energetique-condensation\/\"> gaz naturel<\/a>  qui, lui, n&rsquo;a besoin d&rsquo;aucune manipulation suppl\u00e9mentaire d&rsquo;approvisionnement!<\/em><\/strong><\/p>\n<\/blockquote>\n\n\n\n<p class=\"has-text-align-center has-text-color\" id=\"Vers-Haut-de-page\" style=\"color:#227819\"><strong><a href=\"#\">Vers haut de page<\/a><\/strong><\/p>\n","protected":false},"excerpt":{"rendered":"<p>Comparatif du co\u00fbt des \u00e9nergies en France Le \u00ab\u00a0bois granul\u00e9\u00a0\u00bb (pellets) a beaucoup augment\u00e9 ces derni\u00e8res ann\u00e9es! Depuis de longues ann\u00e9es, nous sommes tous pr\u00e9occup\u00e9s lorsque nous mettons en fonctionnement nos installations de chauffage par le prix des \u00e9nergies. Celui-ci&#8230; <\/p>\n","protected":false},"author":1,"featured_media":0,"parent":0,"menu_order":0,"comment_status":"closed","ping_status":"closed","template":"","meta":{"_seopress_robots_primary_cat":"","_seopress_titles_title":"Comparatif du co\u00fbt des \u00e9nergies en France","_seopress_titles_desc":"Donn\u00e9es du Minist\u00e8re de la Transition Ecologique  et Solidaire (bases de donn\u00e9es du SDES et de la DGEC).","_seopress_robots_index":"","_themeisle_gutenberg_block_has_review":false,"footnotes":""},"class_list":["post-2344","page","type-page","status-publish","hentry"],"_links":{"self":[{"href":"https:\/\/www.berrand-sarl.fr\/EnR\/wp-json\/wp\/v2\/pages\/2344","targetHints":{"allow":["GET"]}}],"collection":[{"href":"https:\/\/www.berrand-sarl.fr\/EnR\/wp-json\/wp\/v2\/pages"}],"about":[{"href":"https:\/\/www.berrand-sarl.fr\/EnR\/wp-json\/wp\/v2\/types\/page"}],"author":[{"embeddable":true,"href":"https:\/\/www.berrand-sarl.fr\/EnR\/wp-json\/wp\/v2\/users\/1"}],"replies":[{"embeddable":true,"href":"https:\/\/www.berrand-sarl.fr\/EnR\/wp-json\/wp\/v2\/comments?post=2344"}],"version-history":[{"count":0,"href":"https:\/\/www.berrand-sarl.fr\/EnR\/wp-json\/wp\/v2\/pages\/2344\/revisions"}],"wp:attachment":[{"href":"https:\/\/www.berrand-sarl.fr\/EnR\/wp-json\/wp\/v2\/media?parent=2344"}],"curies":[{"name":"wp","href":"https:\/\/api.w.org\/{rel}","templated":true}]}}