{"id":2020,"date":"2026-03-03T11:47:08","date_gmt":"2026-03-03T10:47:08","guid":{"rendered":"https:\/\/www.berrand-sarl.fr\/EnR\/?page_id=2020"},"modified":"2026-03-03T11:47:11","modified_gmt":"2026-03-03T10:47:11","slug":"ventilation-locaux","status":"publish","type":"page","link":"https:\/\/www.berrand-sarl.fr\/EnR\/ventilation-locaux\/","title":{"rendered":"Ventilation m\u00e9canique double Flux"},"content":{"rendered":"<div class=\"wp-block-image is-style-rounded\">\n<figure class=\"alignright size-full is-resized\" id=\"-Haut_de_page\"><a href=\"#Haut_de_page\" rel=\"Bouton haut page\"><img loading=\"lazy\" decoding=\"async\" width=\"40\" height=\"40\" src=\"https:\/\/www.berrand-sarl.fr\/EnR\/wp-content\/uploads\/2026\/04\/bas-page.jpg\" alt=\"Bouton bas page\" class=\"wp-image-15962\" style=\"width:40px;height:auto\" title=\"Vers bas de page\"\/><\/a><\/figure>\n<\/div>\n\n\n<h2 class=\"wp-block-heading has-text-align-center has-vivid-purple-color has-text-color has-large-font-size\">Ventilation m\u00e9canique contr\u00f4l\u00e9e<\/h2>\n\n\n\n<h3 class=\"wp-block-heading has-text-align-center has-vivid-purple-color has-text-color has-medium-font-size\">R\u00e9novation d&#8217;un pavillon par VMC DOUBLE FLUX <\/h3>\n\n\n\n<p style=\"font-size:18px\">La <strong>VMC double flux<\/strong> est un syst\u00e8me de ventilation centralis\u00e9 qui utilise des m\u00e9canismes d&#8217;insufflation et d&#8217;extraction pour optimiser les \u00e9conomies d\u2019\u00e9nergie, bien que son co\u00fbt d\u2019acquisition soit plus \u00e9lev\u00e9. \u00c0 l\u2019instar de la <strong><a href=\"https:\/\/www.berrand-sarl.fr\/EnR\/vmc-simple-flux\/\">VMC simple flux<\/a><\/strong>, un extracteur aspire l\u2019air vici\u00e9 des pi\u00e8ces humides, mais, contrairement \u00e0 cette derni\u00e8re, l\u2019air n\u2019est pas directement \u00e9vacu\u00e9 \u00e0 l\u2019ext\u00e9rieur. L\u2019air frais, bien que froid, provenant de l\u2019ext\u00e9rieur traverse un \u00e9changeur thermique int\u00e9gr\u00e9 \u00e0 la VMC. Cet \u00e9changeur r\u00e9cup\u00e8re une partie de la chaleur r\u00e9siduelle de l\u2019air vici\u00e9 (entre 70 et 90 %) avant de rejeter l&#8217;air refroidi \u00e0 l\u2019ext\u00e9rieur. Gr\u00e2ce \u00e0 cette technologie de haut rendement, la VMC double flux r\u00e9duit les pertes de chaleur et garantit un confort thermique optimal.<\/p>\n\n\n\n<p style=\"font-size:18px\">Tout comme la <strong><a href=\"https:\/\/www.berrand-sarl.fr\/EnR\/vmc-simple-flux\/\">VMC simple flux<\/a><\/strong>, la VMC double flux se d\u00e9cline en deux types : la version classique auto-r\u00e9glable et la version hygror\u00e9glable. Cette derni\u00e8re combine le fonctionnement de la VMC double flux classique avec un syst\u00e8me qui ajuste le d\u00e9bit d\u2019air aspir\u00e9 et\/ou insuffl\u00e9 en fonction du taux d\u2019humidit\u00e9 ambiante.<\/p>\n\n\n\n<h2 class=\"wp-block-heading has-text-align-center has-vivid-cyan-blue-color has-text-color\">LE CONTEXTE,  avant les travaux:<\/h2>\n\n\n\n<p style=\"font-size:18px\">L&#8217;objectif initial \u00e9tait de proc\u00e9der \u00e0 la r\u00e9novation des fa\u00e7ades du pavillon en int\u00e9grant une isolation par l&#8217;ext\u00e9rieur. Cette initiative visait principalement \u00e0 accro\u00eetre les \u00e9conomies d&#8217;\u00e9nergie tout en am\u00e9liorant le confort des occupants. Cependant, le co\u00fbt \u00e9lev\u00e9 de cette op\u00e9ration, s&#8217;\u00e9levant \u00e0 plus de 32 000 \u20ac en 2014, ne permettait d&#8217;esp\u00e9rer qu&#8217;une r\u00e9duction des d\u00e9penses \u00e9nerg\u00e9tiques de seulement 350 \u20ac par an. En tenant compte de ces \u00e9l\u00e9ments, l&#8217;amortissement de l&#8217;investissement s&#8217;av\u00e8re impossible, m\u00eame sur un horizon de 20 ans, particuli\u00e8rement en raison des fluctuations financi\u00e8res inh\u00e9rentes \u00e0 une p\u00e9riode aussi longue. Pour plus de d\u00e9tails, veuillez consulter le rapport :<strong> <a href=\"https:\/\/www.berrand-sarl.fr\/Entreprise\/fichiers.pdf\/Mon-rapport-BATICUBE.pdf\">bati-cube ECO-ARTISAN<\/a> <\/strong>cr\u00e9\u00e9 pour cette op\u00e9ration.<\/p>\n\n\n\n<h2 class=\"wp-block-heading has-text-align-center has-vivid-purple-color has-text-color has-large-font-size\"><strong>Le projet r\u00e9alis\u00e9 par BERRAND sarl<\/strong><\/h2>\n\n\n\n<blockquote class=\"wp-block-quote is-layout-flow wp-block-quote-is-layout-flow\">\n<p style=\"font-size:18px\"><mark style=\"background-color:rgba(0, 0, 0, 0);color:#158a1e\" class=\"has-inline-color\">Ce pavillon, construit en 1975, poss\u00e8de \u00e0 l\u2019origine un syst\u00e8me de ventilation naturelle, typique de cette \u00e9poque. Au fil des ans, il a b\u00e9n\u00e9fici\u00e9 de plusieurs am\u00e9liorations significatives. Une <strong><a href=\"https:\/\/www.berrand-sarl.fr\/EnR\/chaudiere-tres-haute-performance-energetique-condensation\/\">chaudi\u00e8re \u00e0 condensation<\/a><\/strong> fonctionnant au gaz naturel a \u00e9t\u00e9 install\u00e9e, accompagn\u00e9e de<strong><a href=\"https:\/\/www.berrand-sarl.fr\/EnR\/capteurs-plans\/\"> panneaux solaires d\u00e9di\u00e9s \u00e0 la production d&#8217;eau chaude <\/a><\/strong>sanitaire. Les fen\u00eatres ont \u00e9t\u00e9 modernis\u00e9es avec des menuiseries en PVC \u00e0 double vitrage, ainsi que des volets roulants con\u00e7us pour am\u00e9liorer l&#8217;isolation. De plus, l&#8217;isolation des combles a \u00e9t\u00e9 renforc\u00e9e gr\u00e2ce \u00e0 l\u2019ajout de 200 mm de laine de verre, offrant ainsi une meilleure performance thermique. <strong>En termes de performance \u00e9nerg\u00e9tique, comme mentionn\u00e9 pr\u00e9c\u00e9demment, cette maison est class\u00e9e en cat\u00e9gorie C sur l\u2019\u00e9chelle des \u00e9nergies, tandis qu\u2019elle obtient une note de classe D pour son impact climatique.<\/strong><\/mark><\/p>\n<\/blockquote>\n\n\n\n<h3 class=\"wp-block-heading has-text-align-center has-vivid-cyan-blue-color has-text-color has-medium-font-size\"> <strong>Diaporama des travaux VMC Double Flux, chantier termin\u00e9<\/strong>.<\/h3>\n\n\n            <div class=\"fotorama responsive-image-silder\" \n                data-width=\"100%\"\n                data-height=\"50%\" \n                data-nav=\"dots\"\n                data-navwidth=\"1200px\" \n                data-allowfullscreen=\"true\"\n                data-fit=\"cover\"\n                data-transitionduration=\"300\"\n                data-autoplay=\"true\" \n                data-loop=\"true\"\n                data-arrows=\"true\" \n                data-swipe=\"true\"\n                data-spinner=\"true\" \n                data-transition=\"slide\">\n                                        <img decoding=\"async\" src=\"https:\/\/www.berrand-sarl.fr\/EnR\/wp-content\/uploads\/2024\/03\/entree-principale-air-frais-1-scaled.jpg\" data-thumb=\"https:\/\/www.berrand-sarl.fr\/EnR\/wp-content\/uploads\/2024\/03\/entree-principale-air-frais-1-150x150.jpg\" data-caption=\"Entr\u00e9e Principale Air Frais\">\n                                                <img decoding=\"async\" src=\"https:\/\/www.berrand-sarl.fr\/EnR\/wp-content\/uploads\/2020\/05\/Module-double-flux-dans-son-placard-scaled.jpg\" data-thumb=\"https:\/\/www.berrand-sarl.fr\/EnR\/wp-content\/uploads\/2020\/05\/Module-double-flux-dans-son-placard-150x150.jpg\" data-caption=\"Module Double Flux Dans Son Placard\">\n                                                <img decoding=\"async\" src=\"https:\/\/www.berrand-sarl.fr\/EnR\/wp-content\/uploads\/2019\/12\/vue3.jpg\" data-thumb=\"https:\/\/www.berrand-sarl.fr\/EnR\/wp-content\/uploads\/2019\/12\/vue3-150x150.jpg\" data-caption=\"Boitier de commande \u00e0 distance de la VMC Double Flux\">\n                                                <img decoding=\"async\" src=\"https:\/\/www.berrand-sarl.fr\/EnR\/wp-content\/uploads\/2024\/03\/sortie-air-vicie-exterieure-scaled.jpg\" data-thumb=\"https:\/\/www.berrand-sarl.fr\/EnR\/wp-content\/uploads\/2024\/03\/sortie-air-vicie-exterieure-150x150.jpg\" data-caption=\"Sortie Air Vici\u00e9 Ext\u00e9rieure\">\n                                                <img decoding=\"async\" src=\"https:\/\/www.berrand-sarl.fr\/EnR\/wp-content\/uploads\/2024\/03\/entree-dair-en-facade-vue-interieure-scaled.jpg\" data-thumb=\"https:\/\/www.berrand-sarl.fr\/EnR\/wp-content\/uploads\/2024\/03\/entree-dair-en-facade-vue-interieure-150x150.jpg\" data-caption=\"Amen\u00e9 Air Frais\">\n                                                <img decoding=\"async\" src=\"https:\/\/www.berrand-sarl.fr\/EnR\/wp-content\/uploads\/2020\/05\/Collecteurs-et-gainages-dans-combles-perdus.jpg\" data-thumb=\"https:\/\/www.berrand-sarl.fr\/EnR\/wp-content\/uploads\/2020\/05\/Collecteurs-et-gainages-dans-combles-perdus-150x150.jpg\" data-caption=\"Collecteurs Et Gainages Dans Combles Perdus\">\n                                                <img decoding=\"async\" src=\"https:\/\/www.berrand-sarl.fr\/EnR\/wp-content\/uploads\/2020\/05\/Bouche-dextraction-en-cuisine.jpg\" data-thumb=\"https:\/\/www.berrand-sarl.fr\/EnR\/wp-content\/uploads\/2020\/05\/Bouche-dextraction-en-cuisine-150x150.jpg\" data-caption=\"Bouche D\u2019extraction En Cuisine\">\n                                                <img decoding=\"async\" src=\"https:\/\/www.berrand-sarl.fr\/EnR\/wp-content\/uploads\/2020\/05\/Bouche-dextraction-salle-de-bain-principale.jpg\" data-thumb=\"https:\/\/www.berrand-sarl.fr\/EnR\/wp-content\/uploads\/2020\/05\/Bouche-dextraction-salle-de-bain-principale-150x150.jpg\" data-caption=\"Bouche D\u2019extraction Salle De Bain Principale\">\n                                                <img decoding=\"async\" src=\"https:\/\/www.berrand-sarl.fr\/EnR\/wp-content\/uploads\/2024\/03\/extraction-cabinet-toilette-scaled.jpg\" data-thumb=\"https:\/\/www.berrand-sarl.fr\/EnR\/wp-content\/uploads\/2024\/03\/extraction-cabinet-toilette-150x150.jpg\" data-caption=\"Extraction Cabinet Toilette\">\n                                                <img decoding=\"async\" src=\"https:\/\/www.berrand-sarl.fr\/EnR\/wp-content\/uploads\/2024\/03\/extraction-dans-toilette-wc-scaled.jpg\" data-thumb=\"https:\/\/www.berrand-sarl.fr\/EnR\/wp-content\/uploads\/2024\/03\/extraction-dans-toilette-wc-150x150.jpg\" data-caption=\"Extraction dans Toilette WC\">\n                                                <img decoding=\"async\" src=\"https:\/\/www.berrand-sarl.fr\/EnR\/wp-content\/uploads\/2024\/03\/bouche-dinsuflation-air-traite-dans-sejour-scaled.jpg\" data-thumb=\"https:\/\/www.berrand-sarl.fr\/EnR\/wp-content\/uploads\/2024\/03\/bouche-dinsuflation-air-traite-dans-sejour-150x150.jpg\" data-caption=\"Bouche D\u2019insuflation Air Trait\u00e9 Dans S\u00e9jour\">\n                                                <img decoding=\"async\" src=\"https:\/\/www.berrand-sarl.fr\/EnR\/wp-content\/uploads\/2024\/03\/bouche-dinsuflation-air-traite-dans-chambre4-scaled.jpg\" data-thumb=\"https:\/\/www.berrand-sarl.fr\/EnR\/wp-content\/uploads\/2024\/03\/bouche-dinsuflation-air-traite-dans-chambre4-150x150.jpg\" data-caption=\"Bouche D\u2019insuflation Air Trait\u00e9 Dans Chambre4\">\n                                                <img decoding=\"async\" src=\"https:\/\/www.berrand-sarl.fr\/EnR\/wp-content\/uploads\/2024\/03\/bouche-dextraction-air-vicie-dans-cabinet-de-toilette-scaled.jpg\" data-thumb=\"https:\/\/www.berrand-sarl.fr\/EnR\/wp-content\/uploads\/2024\/03\/bouche-dextraction-air-vicie-dans-cabinet-de-toilette-150x150.jpg\" data-caption=\"Bouche D\u2019extraction Air Vici\u00e9 Dans Salle De Bain\">\n                                                <img decoding=\"async\" src=\"https:\/\/www.berrand-sarl.fr\/EnR\/wp-content\/uploads\/2020\/05\/Reinjection_air.jpg\" data-thumb=\"https:\/\/www.berrand-sarl.fr\/EnR\/wp-content\/uploads\/2020\/05\/Reinjection_air-150x150.jpg\" data-caption=\"R\u00e9injection Air Salon\">\n                                                <img decoding=\"async\" src=\"https:\/\/www.berrand-sarl.fr\/EnR\/wp-content\/uploads\/2024\/03\/bouche-dinsuflation-air-traite-dans-chambre3-scaled.jpg\" data-thumb=\"https:\/\/www.berrand-sarl.fr\/EnR\/wp-content\/uploads\/2024\/03\/bouche-dinsuflation-air-traite-dans-chambre3-150x150.jpg\" data-caption=\"Bouche D\u2019insuflation Air Trait\u00e9 Dans Chambre3\">\n                                    <\/div>\n            \n            <!-- Initialization Script - Inside the container to ensure it's returned by the shortcode -->\n            <script>\n                jQuery(function ($) {\n                    $('.responsive-image-silder').fotorama({\n                        spinner: {\n                            lines: 13,\n                            color: 'rgba(0, 0, 0, .75)',\n                            className: 'fotorama',\n                        }\n                    });\n                });\n            <\/script>\n            \n\n\n\n<p class=\"has-text-align-center\"><strong><mark style=\"background-color:rgba(0, 0, 0, 0);color:#f40202\" class=\"has-inline-color\">Images sous Copyright. Reproduction interdite sous peine de poursuites.<\/mark><\/strong><\/p>\n\n\n\n<p style=\"font-size:18px\"><br><strong>Cette installation de double flux se distingue par son fonctionnement remarquablement silencieux, m\u00eame avec un d\u00e9bit \u00e9lev\u00e9. Cela d\u00e9montre clairement que la gestion efficace de l&#8217;a\u00e9ration dans les b\u00e2timents anciens constitue une v\u00e9ritable source d&#8217;\u00e9conomies d&#8217;\u00e9nergie, tout en offrant un confort in\u00e9gal\u00e9 aux occupants.<\/strong><\/p>\n\n\n\n<hr class=\"wp-block-separator has-alpha-channel-opacity\"\/>\n\n\n\n<div class=\"wp-block-group\" style=\"font-size:18px\"><div class=\"wp-block-group__inner-container is-layout-constrained wp-block-group-is-layout-constrained\">\n<p>Le logiciel &#8220;<strong><a href=\"https:\/\/www.berrand-sarl.fr\/Entreprise\/fichiers.pdf\/Mon-rapport-BATICUBE.pdf\">BATI-CUBE&#8221; ECO ARTISAN<\/a><\/strong>, utilis\u00e9 par BERRAND SARL en 2014, a permis de mod\u00e9liser une solution plus \u00e9conomique pour une op\u00e9ration initialement co\u00fbteuse, en int\u00e9grant une ventilation m\u00e9canique contr\u00f4l\u00e9e (VMC) double flux. Cette approche innovante offre non seulement des \u00e9conomies d&#8217;\u00e9nergie comparables, mais garantit \u00e9galement un retour sur investissement rapide,<strong> en seulement 6 \u00e0 7 ans.<\/strong><\/p>\n\n\n\n<p>Nous avons opt\u00e9 pour la VMC double flux ATLANTIC, mod\u00e8le DUOLIX MAX, qui am\u00e9liore la qualit\u00e9 de l&#8217;air tout en optimisant l&#8217;efficacit\u00e9 \u00e9nerg\u00e9tique.<\/p>\n\n\n\n<p>La maison, r\u00e9partie sur deux niveaux, a facilit\u00e9 l&#8217;installation du r\u00e9seau de distribution d&#8217;air avec des gaines souples isol\u00e9es, discr\u00e8tement int\u00e9gr\u00e9es dans les placards pour alimenter les pi\u00e8ces principales. L&#8217;extraction de l&#8217;air vici\u00e9 se fait via la cuisine, la salle de bain et les WC du rez-de-chauss\u00e9e, ainsi qu\u2019un cabinet \u00e0 l&#8217;\u00e9tage. L&#8217;air frais entre par six bouches plac\u00e9es dans les espaces de vie et le couloir.<\/p>\n\n\n\n<p>Les entr\u00e9es d&#8217;air, initialement pr\u00e9sentes dans les menuiseries, ont \u00e9t\u00e9 obstru\u00e9es pour \u00e9viter les infiltrations ind\u00e9sirables. L\u2019appareil principal dispose d\u2019un by-pass, ajustant son fonctionnement en \u00e9t\u00e9 pour emp\u00eacher l&#8217;air chaud d&#8217;entrer tout en utilisant l&#8217;air frais des nuits estivales. Bien que cela am\u00e9liore le confort thermique, il ne s&#8217;agit pas d&#8217;une climatisation.<\/p>\n\n\n\n<p>L&#8217;installation est pilot\u00e9e par une commande programmable, ainsi qu&#8217;un booster pour la cuisine, tous deux radiocommand\u00e9s pour une utilisation pratique.<\/p>\n<\/div><\/div>\n\n\n\n<p class=\"has-black-color has-vivid-green-cyan-background-color has-text-color has-background has-link-color has-medium-font-size wp-elements-a5b424aaee17f5bc32c4c7ff173f2d26\">Cette installation, fonctionnant toujours en 2025, a d\u00e9montr\u00e9 une fiabilit\u00e9 sans faille depuis son installation initiale, n\u2019ayant enregistr\u00e9 aucune panne. La maintenance pr\u00e9ventive se limite au remplacement annuel des filtres.<\/p>\n\n\n\n<h2 class=\"wp-block-heading has-text-color has-medium-font-size\" style=\"color:#147c04\"><strong>Avec cette nouvelle installation, le pavillon a d\u00e9sormais atteint la <mark style=\"background-color:rgba(0, 0, 0, 0)\" class=\"has-inline-color has-vivid-purple-color\">classe B<\/mark> <mark style=\"background-color:rgba(0, 0, 0, 0)\" class=\"has-inline-color has-vivid-purple-color\">sur l\u2019\u00e9chelle des \u00e9nergies<\/mark>, tout en se situant en <mark style=\"background-color:rgba(0, 0, 0, 0)\" class=\"has-inline-color has-vivid-purple-color\">classe C pour le climat<\/mark>, ce qui se traduit par des \u00e9conomies significatives par m\u00e8tre carr\u00e9.<\/strong><\/h2>\n\n\n\n<hr class=\"wp-block-separator\"\/>\n\n\n<div class=\"wp-block-image\">\n<figure class=\"aligncenter size-full is-resized\"><img loading=\"lazy\" decoding=\"async\" width=\"200\" height=\"175\" src=\"https:\/\/www.berrand-sarl.fr\/EnR\/wp-content\/uploads\/2020\/09\/Prix_2013.jpg\" alt=\"Echelle des classes \u00e9nerg\u00e9tiques\" class=\"wp-image-5655\" style=\"width:248px;height:217px\"\/><\/figure>\n<\/div>\n\n\n<p class=\"has-text-align-center\" style=\"font-size:22px\">(Voir ici le <a href=\"https:\/\/www.berrand-sarl.fr\/Entreprise\/fichiers.pdf\/Mon-rapport-BATICUBE.pdf\"><strong>rapport Bati-cube)<\/strong><\/a><\/p>\n\n\n\n<p class=\"has-text-align-left\" style=\"font-size:18px\"><strong><span class=\"has-inline-color has-vivid-purple-color\"><em>Conform\u00e9ment \u00e0 notre engagement de qualit\u00e9 pour toutes les installations r\u00e9alis\u00e9es par notre entreprise, nous mettons \u00e0 disposition un service apr\u00e8s-vente qui inclut le remplacement des pi\u00e8ces d&#8217;origine si n\u00e9cessaire. Par ailleurs, nous effectuons un entretien exhaustif des modules, filtres, canalisations, bouches d&#8217;extraction, et autres composants. Il est crucial de proc\u00e9der \u00e0 cet entretien de mani\u00e8re r\u00e9guli\u00e8re, au minimum tous les deux ans, afin d&#8217;assurer le bon fonctionnement de l&#8217;installation et de garantir la qualit\u00e9 de l&#8217;air et la sant\u00e9 des utilisateurs.<\/em><\/span><\/strong><\/p>\n\n\n<div class=\"wp-block-image is-style-rounded\">\n<figure class=\"alignright size-full\" id=\"Haut_de_page\"><a href=\"#\"><img loading=\"lazy\" decoding=\"async\" width=\"40\" height=\"40\" src=\"https:\/\/www.berrand-sarl.fr\/EnR\/wp-content\/uploads\/2026\/04\/haut-page.jpg\" alt=\"Bouton haut page\" class=\"wp-image-15961\" title=\"Bouton vers haut de page\"\/><\/a><\/figure>\n<\/div>","protected":false},"excerpt":{"rendered":"<p>L&#8217;id\u00e9e de d\u00e9part \u00e9tait de faire la r\u00e9novation des fa\u00e7ades du pavillon avec une isolation par l&#8217;ext\u00e9rieur dans le but d&#8217;\u00e9conomiser encore plus d&#8217;\u00e9nergie et d&#8217;assurer un confort suppl\u00e9mentaire aux occupants.<\/p>\n","protected":false},"author":1,"featured_media":0,"parent":0,"menu_order":0,"comment_status":"closed","ping_status":"closed","template":"","meta":{"_seopress_robots_primary_cat":"","_seopress_titles_title":"Ventilation m\u00e9canique double Flux","_seopress_titles_desc":"L'extraction de l'air vici\u00e9 se fait  par la cuisine, la salle de bain et les WC du rez de chauss\u00e9e... Lire la suite","_seopress_robots_index":"","_themeisle_gutenberg_block_has_review":false,"footnotes":""},"class_list":["post-2020","page","type-page","status-publish","hentry"],"_links":{"self":[{"href":"https:\/\/www.berrand-sarl.fr\/EnR\/wp-json\/wp\/v2\/pages\/2020","targetHints":{"allow":["GET"]}}],"collection":[{"href":"https:\/\/www.berrand-sarl.fr\/EnR\/wp-json\/wp\/v2\/pages"}],"about":[{"href":"https:\/\/www.berrand-sarl.fr\/EnR\/wp-json\/wp\/v2\/types\/page"}],"author":[{"embeddable":true,"href":"https:\/\/www.berrand-sarl.fr\/EnR\/wp-json\/wp\/v2\/users\/1"}],"replies":[{"embeddable":true,"href":"https:\/\/www.berrand-sarl.fr\/EnR\/wp-json\/wp\/v2\/comments?post=2020"}],"version-history":[{"count":0,"href":"https:\/\/www.berrand-sarl.fr\/EnR\/wp-json\/wp\/v2\/pages\/2020\/revisions"}],"wp:attachment":[{"href":"https:\/\/www.berrand-sarl.fr\/EnR\/wp-json\/wp\/v2\/media?parent=2020"}],"curies":[{"name":"wp","href":"https:\/\/api.w.org\/{rel}","templated":true}]}}