{"id":184,"date":"2024-12-07T15:41:33","date_gmt":"2024-12-07T14:41:33","guid":{"rendered":"https:\/\/www.berrand-sarl.fr\/EnR\/?page_id=184"},"modified":"2026-04-03T11:03:35","modified_gmt":"2026-04-03T09:03:35","slug":"nos-activites","status":"publish","type":"page","link":"https:\/\/www.berrand-sarl.fr\/EnR\/nos-activites\/","title":{"rendered":"Nos Activit\u00e9s"},"content":{"rendered":"<div class=\"wp-block-image is-style-rounded\">\n<figure class=\"alignright size-full is-resized\" id=\"-Haut_de_page\"><a href=\"#Haut_de_page\" rel=\"Bouton haut page\"><img loading=\"lazy\" decoding=\"async\" width=\"40\" height=\"40\" src=\"https:\/\/www.berrand-sarl.fr\/EnR\/wp-content\/uploads\/2026\/04\/bas-page.jpg\" alt=\"Bouton bas page\" class=\"wp-image-15962\" style=\"width:40px;height:auto\" title=\"Vers bas de page\"\/><\/a><\/figure>\n<\/div>\n\n\n<h2 class=\"wp-block-heading has-text-align-center has-text-color has-large-font-size\" style=\"color:#088155\"><strong>NOTRE SAVOIR FAIRE DEPUIS 1956<\/strong><\/h2>\n\n\n\n<blockquote class=\"wp-block-quote is-layout-flow wp-block-quote-is-layout-flow\">\n<p class=\"has-black-color has-text-color has-link-color wp-elements-e22f18309383b64eba127b2180c09890\"><em>\u00catre une entreprise \u00e9tablie t\u00e9moigne de ses comp\u00e9tences d\u00e9velopp\u00e9es au fil des ans, prouvant ainsi sa capacit\u00e9 \u00e0 rester \u00e0 la pointe des avanc\u00e9es tant sur le plan technique que technologique, tout en maintenant ses comp\u00e9tences professionnelles \u00e0 jour en permanence.<\/em> <em>L&rsquo;innovation est un principe fondamental che<\/em>z<em> nous.<\/em><\/p>\n\n\n\n<p class=\"has-black-color has-text-color has-link-color has-medium-font-size wp-elements-56ef43843ce7608915688cb1daf89287\"><strong><mark style=\"background-color:rgba(0, 0, 0, 0);color:#8304fa\" class=\"has-inline-color\">Avancez est un maitre mot chez BERRAND sarl.<\/mark><\/strong><\/p>\n<\/blockquote>\n\n\n<div class=\"wp-block-image\">\n<figure class=\"aligncenter size-full\"><a href=\"https:\/\/www.berrand-sarl.fr\/EnR\/wp-content\/uploads\/2019\/08\/Flyer_BERRAND_grand-e1567096496466.jpg\"><img loading=\"lazy\" decoding=\"async\" width=\"1800\" height=\"1204\" src=\"https:\/\/www.berrand-sarl.fr\/EnR\/wp-content\/uploads\/2019\/08\/Flyer_BERRAND_grand-e1567096496466.jpg\" alt=\"Flyer activit\u00e9s Berrand sarl\" class=\"wp-image-2976\"\/><\/a><figcaption class=\"wp-element-caption\"><a href=\"https:\/\/www.berrand-sarl.fr\/EnR\/wp-content\/uploads\/2019\/08\/Flyer_BERRAND_grand-e1567096496466.jpg\"><strong style=\"font-style: italic;\">Cliquez <\/strong><strong><em>sur<\/em><\/strong> <em><strong>l&rsquo;image ci dessous pour plus de lisibilit\u00e9.<\/strong><\/em><\/a><\/figcaption><\/figure>\n<\/div>\n\n\n<hr class=\"wp-block-separator has-text-color has-vivid-purple-color has-css-opacity has-vivid-purple-background-color has-background is-style-wide\"\/>\n\n\n\n<h3 class=\"wp-block-heading has-text-align-center\" style=\"font-size:30px\"><a href=\"https:\/\/www.berrand-sarl.fr\/EnR\/chauffage-central-a-eau-chaude\/\">CHAUFFAGE CENTRAL:<\/a>&nbsp;<\/h3>\n\n\n\n<p class=\"has-text-align-center\" style=\"font-size:14px\"><strong>Installations de <a href=\"https:\/\/www.berrand-sarl.fr\/EnR\/\">chauffage central<\/a> toutes \u00e9nergies, neuves ou en r\u00e9habilitation.<\/strong><\/p>\n\n\n<div class=\"wp-block-image is-resized\">\n<figure class=\"aligncenter size-full\"><a href=\"https:\/\/www.berrand-sarl.fr\/EnR\/chauffage-central-a-eau-chaude\/\"><img decoding=\"async\" src=\"https:\/\/www.berrand-sarl.fr\/EnR\/wp-content\/uploads\/2019\/02\/Chaudi\u00e8re_condensation_avec_solaire.jpg\" alt=\"Chaudi\u00e8re condensation gaz FRISQUET avec_solaire\" class=\"wp-image-629\" style=\"aspect-ratio:4\/3;object-fit:cover;width:514px\"\/><\/a><figcaption class=\"wp-element-caption\">Chaudi\u00e8re <a href=\"https:\/\/www.berrand-sarl.fr\/EnR\/chaudiere-tres-haute-performance-energetique-condensation\/\">condensation<\/a> gaz FRISQUET avec_solaire<\/figcaption><\/figure>\n<\/div>\n\n\n<figure class=\"wp-block-table is-style-regular\"><table class=\"has-background\" style=\"background-color:#e7f5fe\"><tbody><tr><td><strong>. <\/strong> <strong>Remplacement de chaudi\u00e8res, r\u00e9fection compl\u00e8te de chaufferie pour le particulier, le petit tertiaire et l&rsquo;industrie.<\/strong><\/td><\/tr><tr><td><strong>. <\/strong> <strong>Installation du <a href=\"https:\/\/www.berrand-sarl.fr\/EnR\/chauffage-au-gaz-naturel\/\">gaz naturel<\/a>, butane et <a href=\"https:\/\/www.berrand-sarl.fr\/EnR\/chauffage-au-gaz-naturel\/\">propane<\/a>. V\u00e9rification et test d&rsquo;\u00e9tanch\u00e9it\u00e9 des installations gaz.<\/strong><\/td><\/tr><\/tbody><\/table><\/figure>\n\n\n\n<hr class=\"wp-block-separator has-text-color has-vivid-purple-color has-css-opacity has-vivid-purple-background-color has-background is-style-wide\"\/>\n\n\n\n<h3 class=\"wp-block-heading has-text-align-center\" style=\"font-size:30px\"><a href=\"https:\/\/www.berrand-sarl.fr\/EnR\/chauffage-solaire-thermique\/\"><strong>SOLAIRE et ENERGIES RENOUVELABLES (En&rsquo;R)<\/strong><\/a><\/h3>\n\n\n<div class=\"wp-block-image\">\n<figure class=\"aligncenter size-full is-resized\"><a href=\"https:\/\/www.berrand-sarl.fr\/EnR\/capteurs-plans\/\" target=\"_blank\" rel=\"noreferrer noopener\"><img loading=\"lazy\" decoding=\"async\" width=\"1024\" height=\"768\" src=\"https:\/\/www.berrand-sarl.fr\/EnR\/wp-content\/uploads\/2019\/02\/Capteur-plan-agrandi.jpg\" alt=\"2 Capteurs solaires, plans\" class=\"wp-image-558\" style=\"width:512px\" srcset=\"https:\/\/www.berrand-sarl.fr\/EnR\/wp-content\/uploads\/2019\/02\/Capteur-plan-agrandi.jpg 1024w, https:\/\/www.berrand-sarl.fr\/EnR\/wp-content\/uploads\/2019\/02\/Capteur-plan-agrandi-300x225.jpg 300w, https:\/\/www.berrand-sarl.fr\/EnR\/wp-content\/uploads\/2019\/02\/Capteur-plan-agrandi-768x576.jpg 768w, https:\/\/www.berrand-sarl.fr\/EnR\/wp-content\/uploads\/2019\/02\/Capteur-plan-agrandi-175x131.jpg 175w, https:\/\/www.berrand-sarl.fr\/EnR\/wp-content\/uploads\/2019\/02\/Capteur-plan-agrandi-667x500.jpg 667w\" sizes=\"auto, (max-width: 1024px) 100vw, 1024px\" \/><\/a><figcaption class=\"wp-element-caption\">Capteurs solaires thermiques en surimposition de toiture<\/figcaption><\/figure>\n<\/div>\n\n\n<figure class=\"wp-block-table is-style-regular\"><table class=\"has-background\" style=\"background-color:#e9fbe5\"><tbody><tr><td><strong>.<\/strong>  <strong>Chauffe Eau Solaire Individuel. Syst\u00e8me Solaire Combin\u00e9 pour appoint <a href=\"https:\/\/www.berrand-sarl.fr\/EnR\/chauffage-central-a-eau-chaude\/\">chauffage<\/a>. <a href=\"https:\/\/www.berrand-sarl.fr\/EnR\/la-pompe-a-chaleur\/\">Pompe \u00e0 chaleur<\/a>. Chaudi\u00e8res <a href=\"https:\/\/www.berrand-sarl.fr\/EnR\/chaudiere-a-granules-de-bois-pellets\/\">bois<\/a> ou pellets avec hydro-accumulation. Ballon d&rsquo;eau chaude <a href=\"https:\/\/www.berrand-sarl.fr\/EnR\/le-chauffe-eau-thermodynamique-aerothermie\/\">thermodynamique<\/a>, etc&#8230;<\/strong><\/td><\/tr><tr><td><strong>.<\/strong>  <strong>Installation de r\u00e9cup\u00e9ration des eaux pluviales. Entretien des installations solaires. Po\u00eale \u00e0 <a href=\"https:\/\/www.berrand-sarl.fr\/EnR\/chaudiere-a-granules-de-bois-pellets\/\">granul\u00e9s<\/a> ou \u00e0 bois.<\/strong><\/td><\/tr><\/tbody><\/table><\/figure>\n\n\n\n<hr class=\"wp-block-separator has-text-color has-vivid-purple-color has-css-opacity has-vivid-purple-background-color has-background is-style-wide\"\/>\n\n\n\n<h3 class=\"wp-block-heading has-text-align-center\" style=\"font-size:30px\"><strong><a href=\"https:\/\/www.berrand-sarl.fr\/EnR\/catalogues-appareils-sanitaires\/\">PLOMBERIE et SANITAIRE<\/a><\/strong><\/h3>\n\n\n\n<p><strong>. Installation de <a href=\"https:\/\/www.berrand-sarl.fr\/EnR\/\">plomberie sanitaire<\/a> tous types : mobilier salle de bain, lavabos, baignoire, douche, bidet, W.C. toilette, cuisine et appareils m\u00e9nagers. D\u00e9pannage, d\u00e9bouchage et intervention rapides sur canalisations.<\/strong><\/p>\n\n\n\n\n\n<hr class=\"wp-block-separator has-text-color has-vivid-purple-color has-css-opacity has-vivid-purple-background-color has-background is-style-wide\"\/>\n\n\n\n<h2 class=\"wp-block-heading has-text-align-center\"><strong><a href=\"https:\/\/www.berrand-sarl.fr\/EnR\/la-pompe-a-chaleur\/\">POMPE \u00e0 CHALEUR et CLIMATISATION<\/a> <\/strong><\/h2>\n\n\n<div class=\"wp-block-image\">\n<figure class=\"aligncenter size-full is-resized\"><a href=\"https:\/\/www.berrand-sarl.fr\/EnR\/pompe-a-chaleur-geothermique\/\"><img loading=\"lazy\" decoding=\"async\" width=\"1920\" height=\"2560\" src=\"https:\/\/www.berrand-sarl.fr\/EnR\/wp-content\/uploads\/slider3\/20241107_104104-scaled.jpeg\" alt=\"Installation termin\u00e9e en fonctionnement,\" class=\"wp-image-12293\" style=\"width:720px\" srcset=\"https:\/\/www.berrand-sarl.fr\/EnR\/wp-content\/uploads\/slider3\/20241107_104104-scaled.jpeg 1920w, https:\/\/www.berrand-sarl.fr\/EnR\/wp-content\/uploads\/slider3\/20241107_104104-225x300.jpeg 225w, https:\/\/www.berrand-sarl.fr\/EnR\/wp-content\/uploads\/slider3\/20241107_104104-768x1024.jpeg 768w, https:\/\/www.berrand-sarl.fr\/EnR\/wp-content\/uploads\/slider3\/20241107_104104-1152x1536.jpeg 1152w, https:\/\/www.berrand-sarl.fr\/EnR\/wp-content\/uploads\/slider3\/20241107_104104-1536x2048.jpeg 1536w, https:\/\/www.berrand-sarl.fr\/EnR\/wp-content\/uploads\/slider3\/20241107_104104-1320x1760.jpeg 1320w\" sizes=\"auto, (max-width: 1920px) 100vw, 1920px\" \/><\/a><figcaption class=\"wp-element-caption\">Unit\u00e9 ext\u00e9rieure Panasonic pour 5 modules<\/figcaption><\/figure>\n<\/div>\n\n\n<figure class=\"wp-block-table is-style-regular\"><table class=\"has-background\" style=\"background-color:#fcf0ef\"><tbody><tr><td>.  <strong>Pompe \u00e0 chaleur pour le chauffage des locaux<\/strong> <strong>ou petit tertiaire.<\/strong><\/td><\/tr><tr><td><strong>.  Climatisation des locaux particuliers ou petit tertiaire.<\/strong><\/td><\/tr><tr><td><strong>. <\/strong>  <strong>Production d&rsquo;eau chaude par chauffe eau thermodynamique.<\/strong><\/td><\/tr><\/tbody><\/table><\/figure>\n\n\n\n<hr class=\"wp-block-separator has-text-color has-vivid-purple-color has-css-opacity has-vivid-purple-background-color has-background is-style-wide\"\/>\n\n\n\n<h3 class=\"wp-block-heading has-text-align-center has-large-font-size\"><a href=\"https:\/\/www.berrand-sarl.fr\/EnR\/chaudiere-a-granules-de-bois-pellets\/\" data-type=\"link\" data-id=\"https:\/\/www.berrand-sarl.fr\/EnR\/chaudiere-a-granules-de-bois-pellets\/\">Chaudi\u00e8re \u00e0 granul\u00e9s de bois<\/a><\/h3>\n\n\n\n<figure class=\"wp-block-image size-full\"><a href=\"https:\/\/www.berrand-sarl.fr\/EnR\/chaudiere-a-granules-de-bois-pellets\/\"><img loading=\"lazy\" decoding=\"async\" width=\"2560\" height=\"1920\" src=\"https:\/\/www.berrand-sarl.fr\/EnR\/wp-content\/uploads\/2020\/11\/cid_236185dc-0117-466e-993e-7c4c25784993-scaled.jpg\" alt=\"chaufferie chaudi\u00e8re et silo pellets\" class=\"wp-image-5855\" srcset=\"https:\/\/www.berrand-sarl.fr\/EnR\/wp-content\/uploads\/2020\/11\/cid_236185dc-0117-466e-993e-7c4c25784993-scaled.jpg 2560w, https:\/\/www.berrand-sarl.fr\/EnR\/wp-content\/uploads\/2020\/11\/cid_236185dc-0117-466e-993e-7c4c25784993-300x225.jpg 300w, https:\/\/www.berrand-sarl.fr\/EnR\/wp-content\/uploads\/2020\/11\/cid_236185dc-0117-466e-993e-7c4c25784993-1024x768.jpg 1024w, https:\/\/www.berrand-sarl.fr\/EnR\/wp-content\/uploads\/2020\/11\/cid_236185dc-0117-466e-993e-7c4c25784993-768x576.jpg 768w, https:\/\/www.berrand-sarl.fr\/EnR\/wp-content\/uploads\/2020\/11\/cid_236185dc-0117-466e-993e-7c4c25784993-1536x1152.jpg 1536w, https:\/\/www.berrand-sarl.fr\/EnR\/wp-content\/uploads\/2020\/11\/cid_236185dc-0117-466e-993e-7c4c25784993-2048x1536.jpg 2048w, https:\/\/www.berrand-sarl.fr\/EnR\/wp-content\/uploads\/2020\/11\/cid_236185dc-0117-466e-993e-7c4c25784993-1320x990.jpg 1320w\" sizes=\"auto, (max-width: 2560px) 100vw, 2560px\" \/><\/a><\/figure>\n\n\n\n<figure class=\"wp-block-table is-style-regular\"><table class=\"has-background\" style=\"background-color:#fcf0ef\"><tbody><tr><td>.  <strong>Chaudi\u00e8re \u00e0 <a href=\"https:\/\/www.berrand-sarl.fr\/EnR\/chaudiere-a-granules-de-bois-pellets\/\">Pellets<\/a> pour le chauffage des locaux<\/strong> <strong>ou petit tertiaire.<\/strong><\/td><\/tr><tr><td><strong>.  Silo pour granul\u00e9s bois en textile ou en dur.<\/strong><\/td><\/tr><tr><td><strong>. <\/strong>  <strong>Production d&rsquo;eau chaude par chauffe eau thermodynamique ou ballon accol\u00e9 \u00e0 la chaudi\u00e8re.<\/strong><\/td><\/tr><\/tbody><\/table><\/figure>\n\n\n\n<hr class=\"wp-block-separator has-text-color has-vivid-purple-color has-alpha-channel-opacity has-vivid-purple-background-color has-background is-style-wide\"\/>\n\n\n\n<h3 class=\"wp-block-heading has-text-align-center\" style=\"font-size:30px\"><a href=\"https:\/\/www.berrand-sarl.fr\/EnR\/ventilation-locaux\/\"><strong>VENTILATION DES LOCAUX<\/strong><\/a><\/h3>\n\n\n<div class=\"wp-block-image\">\n<figure class=\"aligncenter size-full\"><a href=\"https:\/\/www.berrand-sarl.fr\/EnR\/ventilation-locaux\/\"><img loading=\"lazy\" decoding=\"async\" width=\"800\" height=\"779\" src=\"https:\/\/www.berrand-sarl.fr\/EnR\/wp-content\/uploads\/2019\/12\/vue3.jpg\" alt=\"Boitier de commande \u00e0 distance de la VMC Double Flux\" class=\"wp-image-3500\" srcset=\"https:\/\/www.berrand-sarl.fr\/EnR\/wp-content\/uploads\/2019\/12\/vue3.jpg 800w, https:\/\/www.berrand-sarl.fr\/EnR\/wp-content\/uploads\/2019\/12\/vue3-300x292.jpg 300w, https:\/\/www.berrand-sarl.fr\/EnR\/wp-content\/uploads\/2019\/12\/vue3-768x748.jpg 768w, https:\/\/www.berrand-sarl.fr\/EnR\/wp-content\/uploads\/2019\/12\/vue3-50x50.jpg 50w\" sizes=\"auto, (max-width: 800px) 100vw, 800px\" \/><\/a><figcaption class=\"wp-element-caption\">Boitier de commande \u00e0 distance de la VMC Double Flux<\/figcaption><\/figure>\n<\/div>\n\n\n<figure class=\"wp-block-table is-style-regular\"><table class=\"has-background\" style=\"background-color:#fcf0ef\"><tbody><tr><td><strong>.  Ventilation m\u00e9canique contr\u00f4l\u00e9e double et simple flux. <\/strong><\/td><\/tr><tr><td><strong>. <\/strong>  <strong>Aspiration centralis\u00e9e de <a href=\"https:\/\/www.berrand-sarl.fr\/EnR\/aspiration-centralisee\/\">poussi\u00e8res<\/a> pour le particulier et le tertiaire<\/strong><\/td><\/tr><\/tbody><\/table><\/figure>\n\n\n\n<hr class=\"wp-block-separator has-text-color has-vivid-purple-color has-css-opacity has-vivid-purple-background-color has-background is-style-wide\"\/>\n\n\n\n<div class=\"wp-block-media-text has-media-on-the-right is-stacked-on-mobile is-vertically-aligned-center\" style=\"grid-template-columns:auto 20%\"><div class=\"wp-block-media-text__content\">\n<h3 class=\"wp-block-heading has-text-align-center has-medium-font-size\"><a href=\"https:\/\/www.berrand-sarl.fr\/EnR\/entretien-de-chaudieres\/\"><strong>SERVICE APR\u00c8S VENTE:<\/strong><\/a><\/h3>\n\n\n\n<p class=\"has-vivid-purple-color has-text-color has-link-color has-medium-font-size wp-elements-a6b2cd3d2dce95914b5653aa9e080534\"><em>Nous&nbsp;<strong>d\u00e9pannons et entretenons<\/strong>&nbsp;toutes marques de chaudi\u00e8res <a href=\"https:\/\/www.berrand-sarl.fr\/EnR\/chauffage-au-fioul-domestique\/\">fioul<\/a> et ou gaz, bois pellets.<\/em><\/p>\n<\/div><figure class=\"wp-block-media-text__media\"><a href=\"https:\/\/www.berrand-sarl.fr\/EnR\/entretien-de-chaudieres\/\"><img loading=\"lazy\" decoding=\"async\" width=\"312\" height=\"778\" src=\"https:\/\/www.berrand-sarl.fr\/EnR\/wp-content\/uploads\/2024\/04\/testo_320.jpg\" alt=\"Appareil de mesures pour tests de combustion Testo 320\" class=\"wp-image-11857 size-full\" srcset=\"https:\/\/www.berrand-sarl.fr\/EnR\/wp-content\/uploads\/2024\/04\/testo_320.jpg 312w, https:\/\/www.berrand-sarl.fr\/EnR\/wp-content\/uploads\/2024\/04\/testo_320-120x300.jpg 120w\" sizes=\"auto, (max-width: 312px) 100vw, 312px\" \/><\/a><\/figure><\/div>\n\n\n\n<hr class=\"wp-block-separator\"\/>\n\n\n\n<p class=\"has-text-align-center has-vivid-red-color has-text-color\" style=\"font-size:19px\"><em>Nous sommes en constante formation sur les produits des constructeurs de chaudi\u00e8res entre &lsquo;autres: <strong>FRISQUET, BOSCH, ELM LEBLANC, CUENOD, BUDERUS, HS FRANCE<\/strong> et bien d&rsquo;autres encore. Nous intervenons sur les chaudi\u00e8res modernes type gaz condensation, fioul condensation, granul\u00e9s de bois, bois buches, comme sur les appareils d&rsquo;anciennes g\u00e9n\u00e9rations. <\/em><\/p>\n\n\n\n<p class=\"has-text-align-center has-vivid-red-color has-text-color\" style=\"font-size:19px\"><strong>La qualit\u00e9 de nos techniciens est tr\u00e8s appr\u00e9ci\u00e9e. <\/strong><\/p>\n\n\n\n<hr class=\"wp-block-separator\"\/>\n\n\n\n<div class=\"wp-block-media-text alignwide is-stacked-on-mobile has-very-light-gray-to-cyan-bluish-gray-gradient-background has-background\" style=\"grid-template-columns:30% auto\"><figure class=\"wp-block-media-text__media\"><a href=\"https:\/\/www.berrand-sarl.fr\/Entreprise\/contrat_entretien\/GAZ.pdf\"><img loading=\"lazy\" decoding=\"async\" width=\"175\" height=\"248\" src=\"https:\/\/www.berrand-sarl.fr\/EnR\/wp-content\/uploads\/2019\/04\/contrat-gaz.1539.jpg\" alt=\"Sp\u00e9cimen contrat entretien gaz\" class=\"wp-image-1612 size-full\"\/><\/a><\/figure><div class=\"wp-block-media-text__content\">\n<h2 class=\"wp-block-heading has-text-align-center has-vivid-purple-color has-white-background-color has-text-color has-background has-link-color wp-elements-405e5af41ee0e60d8154b0fbb1ed312c\" style=\"font-size:25px\">MAINTENANCE DES INSTALLATIONS DE CHAUFFAGE :<\/h2>\n\n\n\n<h2 class=\"wp-block-heading\"><a href=\"https:\/\/www.berrand-sarl.fr\/EnR\/entretien-de-chaudieres\/\"><strong>CONTRAT D&rsquo;ENTRETIEN CHAUFFAGE:<\/strong><\/a><\/h2>\n\n\n\n<p><\/p>\n\n\n\n<p class=\"has-small-font-size\">Cliquez sur l&rsquo;image pour l&rsquo;agrandir&#8230; Noms, adresses et autres indications sont purement fantaisistes !<br><strong>&nbsp;COPIES INTERDITES<\/strong>.&nbsp;<a href=\"http:\/\/www.copyrightfrance.com\/certificat-depot-copyright-france-274T199.htm\">(Copyright)<\/a><\/p>\n<\/div><\/div>\n\n\n\n<div style=\"height:33px\" aria-hidden=\"true\" class=\"wp-block-spacer\"><\/div>\n\n\n\n<div class=\"wp-block-buttons is-horizontal is-content-justification-center is-layout-flex wp-container-core-buttons-is-layout-499968f5 wp-block-buttons-is-layout-flex\">\n<div class=\"wp-block-button has-custom-width wp-block-button__width-50 aligncenter is-style-outline is-style-outline--2\"><a class=\"wp-block-button__link has-black-color has-pale-ocean-gradient-background has-text-color has-background wp-element-button\" href=\"https:\/\/www.berrand-sarl.fr\/EnR\/\" style=\"border-radius:10px\">Page d&rsquo;accueil du site<\/a><\/div>\n<\/div>\n\n\n\n<div style=\"height:33px\" aria-hidden=\"true\" class=\"wp-block-spacer\"><\/div>\n\n\n<div class=\"wp-block-image is-style-rounded\">\n<figure class=\"alignright size-full\" id=\"Haut_de_page\"><a href=\"#\"><img loading=\"lazy\" decoding=\"async\" width=\"40\" height=\"40\" src=\"https:\/\/www.berrand-sarl.fr\/EnR\/wp-content\/uploads\/2026\/04\/haut-page.jpg\" alt=\"Bouton haut page\" class=\"wp-image-15961\" title=\"Bouton vers haut de page\"\/><\/a><\/figure>\n<\/div>","protected":false},"excerpt":{"rendered":"<p>NOTRE SAVOIR FAIRE DEPUIS 1956 \u00catre une entreprise \u00e9tablie t\u00e9moigne de ses comp\u00e9tences d\u00e9velopp\u00e9es au fil des ans, prouvant ainsi sa capacit\u00e9 \u00e0 rester \u00e0 la pointe des avanc\u00e9es tant sur le plan technique que technologique, tout en maintenant ses&#8230; <\/p>\n","protected":false},"author":1,"featured_media":0,"parent":0,"menu_order":1,"comment_status":"closed","ping_status":"closed","template":"","meta":{"_seopress_robots_primary_cat":"","_seopress_titles_title":"Nos Activit\u00e9s %%sep%% %%sitetitle%%","_seopress_titles_desc":"Depuis 1956 notre savoir faire \u00e0 \u00e9volu\u00e9 avec les nouvelles technologies que nous maitrisons au fur et \u00e0 mesure qu'elles existent","_seopress_robots_index":"","_themeisle_gutenberg_block_has_review":false,"footnotes":""},"class_list":["post-184","page","type-page","status-publish","hentry"],"_links":{"self":[{"href":"https:\/\/www.berrand-sarl.fr\/EnR\/wp-json\/wp\/v2\/pages\/184","targetHints":{"allow":["GET"]}}],"collection":[{"href":"https:\/\/www.berrand-sarl.fr\/EnR\/wp-json\/wp\/v2\/pages"}],"about":[{"href":"https:\/\/www.berrand-sarl.fr\/EnR\/wp-json\/wp\/v2\/types\/page"}],"author":[{"embeddable":true,"href":"https:\/\/www.berrand-sarl.fr\/EnR\/wp-json\/wp\/v2\/users\/1"}],"replies":[{"embeddable":true,"href":"https:\/\/www.berrand-sarl.fr\/EnR\/wp-json\/wp\/v2\/comments?post=184"}],"version-history":[{"count":1,"href":"https:\/\/www.berrand-sarl.fr\/EnR\/wp-json\/wp\/v2\/pages\/184\/revisions"}],"predecessor-version":[{"id":15754,"href":"https:\/\/www.berrand-sarl.fr\/EnR\/wp-json\/wp\/v2\/pages\/184\/revisions\/15754"}],"wp:attachment":[{"href":"https:\/\/www.berrand-sarl.fr\/EnR\/wp-json\/wp\/v2\/media?parent=184"}],"curies":[{"name":"wp","href":"https:\/\/api.w.org\/{rel}","templated":true}]}}