{"id":14872,"date":"2026-03-08T15:07:32","date_gmt":"2026-03-08T14:07:32","guid":{"rendered":"https:\/\/www.berrand-sarl.fr\/EnR\/?page_id=14872"},"modified":"2026-03-08T15:07:35","modified_gmt":"2026-03-08T14:07:35","slug":"contrat-entretien-chauffage","status":"publish","type":"page","link":"https:\/\/www.berrand-sarl.fr\/EnR\/contrat-entretien-chauffage\/","title":{"rendered":"Acceptation d&#8217;envoi par courriel"},"content":{"rendered":"\n<h2 class=\"wp-block-heading has-text-align-center has-text-color has-link-color wp-elements-5113ab562341d35e49ec53e094f29880\" style=\"color:#0e6bb5;font-size:38px\"><strong>de contrat entretien chauffage ou climatisation<\/strong><\/h2>\n\n\n<div class=\"wp-block-image\">\n<figure class=\"aligncenter size-full is-resized\"><img loading=\"lazy\" decoding=\"async\" width=\"1000\" height=\"382\" src=\"https:\/\/www.berrand-sarl.fr\/EnR\/wp-content\/uploads\/2026\/01\/entete-facture-e1769967815508.jpg\" alt=\"Ent\u00eate facture\" class=\"wp-image-14851\" style=\"width:817px;height:auto\" srcset=\"https:\/\/www.berrand-sarl.fr\/EnR\/wp-content\/uploads\/2026\/01\/entete-facture-e1769967815508.jpg 1000w, https:\/\/www.berrand-sarl.fr\/EnR\/wp-content\/uploads\/2026\/01\/entete-facture-e1769967815508-300x115.jpg 300w, https:\/\/www.berrand-sarl.fr\/EnR\/wp-content\/uploads\/2026\/01\/entete-facture-e1769967815508-768x293.jpg 768w\" sizes=\"auto, (max-width: 1000px) 100vw, 1000px\" \/><\/figure>\n<\/div>\n\n\n<p>Bonjour, nous souhaitons vous proposer, comme nous le faisons depuis plusieurs ann\u00e9es pour les attestations de <a href=\"https:\/\/www.berrand-sarl.fr\/EnR\/chauffage-central-a-eau-chaude\/\">chauffage<\/a>, de <strong>recevoir vos contrats d\u2019entretien de chauffage et\/ou de <a href=\"https:\/\/www.berrand-sarl.fr\/EnR\/climatisation-des-locaux\/\">climatisation<\/a> par courriel.<\/strong>&nbsp; Pour cela, il vous suffit de choisir l\u2019option qui vous convient en cliquant sur l\u2019une des deux options ci-dessous :<\/p>\n\n\n\n<p class=\"has-text-align-center has-white-color has-text-color has-background has-link-color has-medium-font-size wp-elements-6cd9dbb0e21592841bb73a6c2cc40aca\" style=\"background-color:#f10505\"><strong>RAPPEL : Si vous avez r\u00e9pondu une premi\u00e8re fois \u00e0 ce mail, re\u00e7u et retourn\u00e9 votre contrat, il est inutile de renvoyer cette demande d\u2019accord d\u2019envoi<\/strong>. Merci de votre compr\u00e9hension.<\/p>\n\n\n\n<h3 class=\"wp-block-heading has-text-align-center has-text-color has-link-color has-large-font-size wp-elements-e40848aa7e95c3f59e347d4e12f5d9f4\" style=\"color:#fd0202\"><strong>VEUILLEZ LIRE ATTENTIVEMENT CE QUI SUIT<\/strong><\/h3>\n\n\n<div class=\"wpforms-container wpforms-container-full\" id=\"wpforms-14960\"><form id=\"wpforms-form-14960\" class=\"wpforms-validate wpforms-form wpforms-ajax-form\" data-formid=\"14960\" method=\"post\" enctype=\"multipart\/form-data\" action=\"\/EnR\/wp-json\/wp\/v2\/pages\/14872\" data-token=\"d532fe4f8b5ccdce15487440992bb746\" data-token-time=\"1777709953\"><noscript class=\"wpforms-error-noscript\">Veuillez activer JavaScript dans votre navigateur pour remplir ce formulaire.<\/noscript><div class=\"wpforms-field-container\"><div id=\"wpforms-14960-field_3-container\" class=\"wpforms-field wpforms-field-radio\" data-field-id=\"3\"><label class=\"wpforms-field-label\">... VOTRE CHOIX EST :  <span class=\"wpforms-required-label\">*<\/span><\/label><ul id=\"wpforms-14960-field_3\" class=\"wpforms-field-required\"><li class=\"choice-1 depth-1 wpforms-selected\"><input type=\"radio\" id=\"wpforms-14960-field_3_1\" name=\"wpforms[fields][3]\" value=\"OUI, j\u2019accepte de recevoir mon contrat d\u2019entretien par courriel.\" required  checked='checked'><label class=\"wpforms-field-label-inline\" for=\"wpforms-14960-field_3_1\">OUI, j\u2019accepte de recevoir mon contrat d\u2019entretien par courriel.<\/label><\/li><li class=\"choice-2 depth-1\"><input type=\"radio\" id=\"wpforms-14960-field_3_2\" name=\"wpforms[fields][3]\" value=\"NON, je pr\u00e9f\u00e8re continuer \u00e0 recevoir mes documents par courrier postal.\" required ><label class=\"wpforms-field-label-inline\" for=\"wpforms-14960-field_3_2\">NON, je pr\u00e9f\u00e8re continuer \u00e0 recevoir mes documents par courrier postal.<\/label><\/li><\/ul><\/div><div id=\"wpforms-14960-field_4-container\" class=\"wpforms-field wpforms-field-content\" data-field-id=\"4\"><div id=\"wpforms-14960-field_4\" class=\"wpforms-field-large wpforms-field-row\"><p><strong>* <span style=\"color:#0000ff\">Si vous optez pour la r\u00e9ception par courriel, d\u00e8s votre accord vous recevrez votre (vos) contrat(s) exclusivement par ce moyen. <\/span><\/strong><\/p>\n<p><strong>Vous devrez nous retourner, d\u00fbment compl\u00e9t\u00e9s les documents suivants, la feuille :\u00a0 <a title=\"Retour contrat sign\u00e9\" href=\"https:\/\/www.berrand-sarl.fr\/EnR\/wp-content\/uploads\/2026\/02\/berrand_00003-1.jpg\"><span style=\"text-decoration:underline\"><span style=\"color:#ff0000;text-decoration:underline\">RETOUR ENTREPRISE <\/span><\/span><\/a>de votre contrat, ainsi que celle des : <a title=\"Conditions g\u00e9n\u00e9rales\" href=\"https:\/\/www.berrand-sarl.fr\/EnR\/wp-content\/uploads\/2026\/02\/berrand_00004-1.jpg\"><span style=\"text-decoration:underline;color:#ff0000\">CONDITIONS G\u00c9N\u00c9RALES<\/span><\/a> (Ces 2 feuilles devront \u00eatre sign\u00e9es). <\/strong><\/p>\n<p class=\"mailpoet_form_paragraph mailpoet-has-font-size\" style=\"text-align:left\"><strong>Ces documents peuvent nous \u00eatre adress\u00e9s soit par courrier postal, par d\u00e9p\u00f4t dans notre boite \u00e0 lettres, soit en r\u00e9ponse \u00e0 la pr\u00e9sente demande \u00e0 l\u2019adresse suivante : <a href=\"mailto:webmaster@berrand-sarl.fr\">webmaster@berrand-sarl.fr<\/a><\/strong><\/p>\n<p class=\"mailpoet_form_paragraph mailpoet-has-font-size\" style=\"text-align:left\"><span style=\"color:#ff0000\"><strong>Il vous appartient de copier, scanner, la feuille : <a title=\"Retour contrat sign\u00e9\" href=\"https:\/\/www.berrand-sarl.fr\/EnR\/wp-content\/uploads\/2026\/02\/berrand_00003-1.jpg\"><span style=\"text-decoration:underline\"><span style=\"color:#ff0000;text-decoration:underline\">RETOUR ENTREPRISE<\/span><\/span><\/a>\u00a0 et la feuille :\u00a0<a title=\"Conditions g\u00e9n\u00e9rales\" href=\"https:\/\/www.berrand-sarl.fr\/EnR\/wp-content\/uploads\/2026\/02\/berrand_00004-1.jpg\"><span style=\"text-decoration:underline;color:#ff0000\">CONDITIONS G\u00c9N\u00c9RALES<\/span><\/a>, afin de pouvoir les signer avant envoi.<\/strong><\/span><\/p>\n<p class=\"mailpoet_form_paragraph mailpoet-has-font-size\"><strong>Le paiement peut \u00eatre effectu\u00e9 par soit <span style=\"color:#0000ff\">VIREMENT BANCAIRE<\/span> \u2014 m\u00e9thode pr\u00e9conis\u00e9e, plus rapide et plus s\u00e9curis\u00e9e que le ch\u00e8que \u2014 ou encore <span style=\"color:#0000ff\">par ch\u00e8que,<\/span> selon les modalit\u00e9s indiqu\u00e9es en derni\u00e8re page du contrat. Une facture vous sera \u00e9mise d\u00e8s r\u00e9ception du paiement.<\/strong><\/p>\n<p><strong><span style=\"color:#ff0000\">Aucun travail ne pourra \u00eatre entrepris avant la r\u00e9ception compl\u00e8te de votre dossier d\u00fbment sign\u00e9 et de son r\u00e8glement int\u00e9gral.<\/span><\/strong><\/p>\n<p><strong>En raison d<\/strong><strong>\u2019incidents de perte ou de non\u2011distribution constat<\/strong><strong>\u00e9s aupr<\/strong><strong>\u00e8s de <\/strong><strong>\u00ab<\/strong><strong>\u202fLa Poste<\/strong><strong>\u202f<\/strong><strong>\u00bb, nous privil<\/strong><strong>\u00e9gierons dor\u00e9navant l<\/strong><strong>\u2019envoi par courriel, solution <\/strong><strong>\u00e0 la fois plus fiable mais aussi plus respectueuse de l<\/strong><strong>\u2019environnement.<\/strong><\/p>\n<p class=\"mailpoet_form_paragraph mailpoet-has-font-size\">Cordialement, Le g\u00e9rant Thierry BERRAND.<\/p>\n<h3 class=\"mailpoet-heading mailpoet-has-font-size\"><span style=\"color:#0000ff\"><strong><em>Merci de confirmer vos coordonn\u00e9es ci dessous :<\/em><\/strong><\/span><\/h3>\n<div class=\"wpforms-field-content-display-frontend-clear\"><\/div><\/div><\/div><div id=\"wpforms-14960-field_5-container\" class=\"wpforms-field wpforms-field-name\" data-field-id=\"5\"><label class=\"wpforms-field-label\">Nom <span class=\"wpforms-required-label\">*<\/span><\/label><div class=\"wpforms-field-row wpforms-field-medium\"><div class=\"wpforms-field-row-block wpforms-first wpforms-one-half\"><input type=\"text\" id=\"wpforms-14960-field_5\" class=\"wpforms-field-name-first wpforms-field-required\" name=\"wpforms[fields][5][first]\" required><label for=\"wpforms-14960-field_5\" class=\"wpforms-field-sublabel after\">Pr\u00e9nom<\/label><\/div><div class=\"wpforms-field-row-block wpforms-one-half\"><input type=\"text\" id=\"wpforms-14960-field_5-last\" class=\"wpforms-field-name-last wpforms-field-required\" name=\"wpforms[fields][5][last]\" required><label for=\"wpforms-14960-field_5-last\" class=\"wpforms-field-sublabel after\">Nom<\/label><\/div><\/div><\/div><div id=\"wpforms-14960-field_6-container\" class=\"wpforms-field wpforms-field-email\" data-field-id=\"6\"><label class=\"wpforms-field-label\" for=\"wpforms-14960-field_6\">E-mail <span class=\"wpforms-required-label\">*<\/span><\/label><input type=\"email\" id=\"wpforms-14960-field_6\" class=\"wpforms-field-medium wpforms-field-required\" name=\"wpforms[fields][6]\" spellcheck=\"false\" required><div class=\"wpforms-field-description\">Votre e mail <\/div><\/div>\t\t<div id=\"wpforms-14960-field_1-container\"\n\t\t\tclass=\"wpforms-field wpforms-field-text\"\n\t\t\tdata-field-type=\"text\"\n\t\t\tdata-field-id=\"1\"\n\t\t\t>\n\t\t\t<label class=\"wpforms-field-label\" for=\"wpforms-14960-field_1\" >VOTRE E-mail CHOIX<\/label>\n\t\t\t<input type=\"text\" id=\"wpforms-14960-field_1\" class=\"wpforms-field-medium\" name=\"wpforms[fields][1]\" >\n\t\t<\/div>\n\t\t<div id=\"wpforms-14960-field_9-container\" class=\"wpforms-field wpforms-field-gdpr-checkbox\" data-field-id=\"9\"><label class=\"wpforms-field-label\">Accord RGPD <span class=\"wpforms-required-label\">*<\/span><\/label><ul id=\"wpforms-14960-field_9\" class=\"wpforms-field-required\"><li class=\"choice-1\"><input type=\"checkbox\" id=\"wpforms-14960-field_9_1\" name=\"wpforms[fields][9][]\" value=\"Je consens \u00e0 ce que ce site stocke mes informations envoy\u00e9es afin qu\u2019ils puissent r\u00e9pondre \u00e0 ma requ\u00eate.\" required ><label class=\"wpforms-field-label-inline\" for=\"wpforms-14960-field_9_1\">Je consens \u00e0 ce que ce site stocke mes informations envoy\u00e9es afin qu\u2019ils puissent r\u00e9pondre \u00e0 ma requ\u00eate.<\/label><\/li><\/ul><\/div><script>\n\t\t\t\t( function() {\n\t\t\t\t\tconst style = document.createElement( 'style' );\n\t\t\t\t\tstyle.appendChild( document.createTextNode( '#wpforms-14960-field_1-container { position: absolute !important; overflow: hidden !important; display: inline !important; height: 1px !important; width: 1px !important; z-index: -1000 !important; padding: 0 !important; } #wpforms-14960-field_1-container input { visibility: hidden; } #wpforms-conversational-form-page #wpforms-14960-field_1-container label { counter-increment: none; }' ) );\n\t\t\t\t\tdocument.head.appendChild( style );\n\t\t\t\t\tdocument.currentScript?.remove();\n\t\t\t\t} )();\n\t\t\t<\/script><\/div><!-- .wpforms-field-container --><div class=\"wpforms-recaptcha-container wpforms-is-recaptcha wpforms-is-recaptcha-type-v2\" ><div class=\"g-recaptcha\" data-sitekey=\"6LeUsIwUAAAAALGaHMJPlOM7Ku7uJ91ysKTAsjRy\"><\/div><input type=\"text\" name=\"g-recaptcha-hidden\" class=\"wpforms-recaptcha-hidden\" style=\"position:absolute!important;clip:rect(0,0,0,0)!important;height:1px!important;width:1px!important;border:0!important;overflow:hidden!important;padding:0!important;margin:0!important;\" data-rule-recaptcha=\"1\"><\/div><div class=\"wpforms-submit-container\" ><input type=\"hidden\" name=\"wpforms[id]\" value=\"14960\"><input type=\"hidden\" name=\"page_title\" value=\"\"><input type=\"hidden\" name=\"page_url\" value=\"https:\/\/www.berrand-sarl.fr\/EnR\/wp-json\/wp\/v2\/pages\/14872\"><input type=\"hidden\" name=\"url_referer\" value=\"\"><button type=\"submit\" name=\"wpforms[submit]\" id=\"wpforms-submit-14960\" class=\"wpforms-submit\" data-alt-text=\"Merci de votre r\u00e9ponse .\" data-submit-text=\"Je confirme mon choix en cliquant ICI.\" aria-live=\"assertive\" value=\"wpforms-submit\">Je confirme mon choix en cliquant ICI.<\/button><img loading=\"lazy\" decoding=\"async\" src=\"https:\/\/www.berrand-sarl.fr\/EnR\/wp-content\/plugins\/wpforms\/assets\/images\/submit-spin.svg\" class=\"wpforms-submit-spinner\" style=\"display: none;\" width=\"26\" height=\"26\" alt=\"Chargement en cours\"><\/div><\/form><\/div>  <!-- .wpforms-container -->\n\n\n<div class=\"wp-block-image is-style-rounded\">\n<figure class=\"alignright size-full\" id=\"Haut_de_page\"><a href=\"#\"><img loading=\"lazy\" decoding=\"async\" width=\"40\" height=\"40\" src=\"https:\/\/www.berrand-sarl.fr\/EnR\/wp-content\/uploads\/2026\/04\/haut-page.jpg\" alt=\"Bouton haut page\" class=\"wp-image-15961\" title=\"Bouton vers haut de page\"\/><\/a><\/figure>\n<\/div>","protected":false},"excerpt":{"rendered":"<p>de contrat entretien chauffage ou climatisation Bonjour, nous souhaitons vous proposer, comme nous le faisons depuis plusieurs ann\u00e9es pour les attestations de chauffage, de recevoir vos contrats d\u2019entretien de chauffage et\/ou de climatisation par courriel.&nbsp; Pour cela, il vous suffit&#8230; <\/p>\n","protected":false},"author":1,"featured_media":0,"parent":0,"menu_order":0,"comment_status":"closed","ping_status":"closed","template":"page-templates\/full-width.php","meta":{"_seopress_robots_primary_cat":"","_seopress_titles_title":"Acceptation envoi par courriel de contrat","_seopress_titles_desc":"Acceptation envoi par courriel de contrat entretien chauffage ou climatisation","_seopress_robots_index":"","_themeisle_gutenberg_block_has_review":false,"footnotes":""},"class_list":["post-14872","page","type-page","status-publish","hentry"],"_links":{"self":[{"href":"https:\/\/www.berrand-sarl.fr\/EnR\/wp-json\/wp\/v2\/pages\/14872","targetHints":{"allow":["GET"]}}],"collection":[{"href":"https:\/\/www.berrand-sarl.fr\/EnR\/wp-json\/wp\/v2\/pages"}],"about":[{"href":"https:\/\/www.berrand-sarl.fr\/EnR\/wp-json\/wp\/v2\/types\/page"}],"author":[{"embeddable":true,"href":"https:\/\/www.berrand-sarl.fr\/EnR\/wp-json\/wp\/v2\/users\/1"}],"replies":[{"embeddable":true,"href":"https:\/\/www.berrand-sarl.fr\/EnR\/wp-json\/wp\/v2\/comments?post=14872"}],"version-history":[{"count":0,"href":"https:\/\/www.berrand-sarl.fr\/EnR\/wp-json\/wp\/v2\/pages\/14872\/revisions"}],"wp:attachment":[{"href":"https:\/\/www.berrand-sarl.fr\/EnR\/wp-json\/wp\/v2\/media?parent=14872"}],"curies":[{"name":"wp","href":"https:\/\/api.w.org\/{rel}","templated":true}]}}