{"id":10818,"date":"2024-12-20T16:12:26","date_gmt":"2024-12-20T15:12:26","guid":{"rendered":"https:\/\/www.berrand-sarl.fr\/EnR\/?page_id=10818"},"modified":"2026-03-29T15:39:57","modified_gmt":"2026-03-29T13:39:57","slug":"pompe-a-chaleur-teamao-frisquet-air-eau-couplee-a-une-chaudiere","status":"publish","type":"page","link":"https:\/\/www.berrand-sarl.fr\/EnR\/pompe-a-chaleur-teamao-frisquet-air-eau-couplee-a-une-chaudiere\/","title":{"rendered":"Pompe \u00e0 chaleur Teamao FRISQUET air\/eau coupl\u00e9e \u00e0 une chaudi\u00e8re"},"content":{"rendered":"<div class=\"wp-block-image is-style-rounded\">\n<figure class=\"alignright size-full is-resized\" id=\"-Haut_de_page\"><a href=\"#Haut_de_page\" rel=\"Bouton haut page\"><img loading=\"lazy\" decoding=\"async\" width=\"40\" height=\"40\" src=\"https:\/\/www.berrand-sarl.fr\/EnR\/wp-content\/uploads\/2026\/04\/bas-page.jpg\" alt=\"Bouton bas page\" class=\"wp-image-15962\" style=\"width:40px;height:auto\" title=\"Vers bas de page\"\/><\/a><\/figure>\n<\/div>\n\n\n<h2 class=\"wp-block-heading\"><mark style=\"background-color:rgba(0, 0, 0, 0)\" class=\"has-inline-color has-vivid-purple-color\">EN DIRECT DU CHANTIER <\/mark><\/h2>\n\n\n\n<p class=\"has-text-align-center has-vivid-purple-color has-text-color has-link-color wp-elements-a168471ecc222d0f73fa4aa6d5848f68\" style=\"font-size:23px\"><strong>de l&#8217;Entreprise Berrand SARL<\/strong><\/p>\n\n\n\n<blockquote class=\"wp-block-quote is-layout-flow wp-block-quote-is-layout-flow\">\n<p><mark style=\"background-color:rgba(0, 0, 0, 0)\" class=\"has-inline-color has-black-color\">Avec TEAMAO G\u00e9n\u00e9ration 4, nous vous proposons un syst\u00e8me de <a href=\"https:\/\/www.berrand-sarl.fr\/EnR\/chauffage-central-a-eau-chaude\/\">chauffage<\/a> con\u00e7u \u00e0 l\u2019image des <a href=\"https:\/\/www.frisquet.com\/\"><strong>chaudi\u00e8res FRISQUET<\/strong><\/a> : une pompe \u00e0 chaleur qui conjugue le meilleur de la technique et de la cr\u00e9ativit\u00e9 au service de votre confort et de votre tranquillit\u00e9. Cette nouvelle pompe \u00e0 chaleur, une solution MADE IN FRANCE, est con\u00e7ue pour apporter durablement une solution adapt\u00e9e \u00e0 vos besoins, que votre habitation soit neuve ou ancienne, m\u00eame dans des conditions climatiques difficiles. Teamao vous assure le maintien de sa puissance jusqu\u2019\u00e0 -7\u00b0C.<\/mark><\/p>\n<cite><a href=\"https:\/\/www.frisquet.com\/\">Source : Frisquet<\/a><\/cite><\/blockquote>\n\n\n\n<h3 class=\"wp-block-heading\">Pourquoi choisir notre <a href=\"https:\/\/www.frisquet.com\/fr\/pac-air-eau_10012.html\">pompe \u00e0 chaleur hybride<\/a> avec une chaudi\u00e8re gaz Visio ?<\/h3>\n\n\n\n<p style=\"font-size:18px\">Associ\u00e9e \u00e0 une chaudi\u00e8re gaz \u00e0 <a href=\"https:\/\/www.berrand-sarl.fr\/EnR\/chaudiere-tres-haute-performance-energetique-condensation\/\">condensation<\/a> Visio, TEAMAO offre une solution <a href=\"https:\/\/www.berrand-sarl.fr\/EnR\/chaudiere-pac-hybride\/\">hybride<\/a> des plus performantes car non seulement elle r\u00e9unit le meilleur des deux technologies mais elle innove avec des techniques avanc\u00e9es et exclusives qui font la diff\u00e9rence Frisquet. Une solution d\u2019autant plus pertinente que la chaudi\u00e8re en appoint va contribuer \u00e0 maintenir la fiabilit\u00e9 de la pompe \u00e0 chaleur, optimiser les performances de l\u2019installation de chauffage et, de surcro\u00eet, pouvoir pallier les pics de consommation \u00e9lectrique<mark style=\"background-color:rgba(0, 0, 0, 0)\" class=\"has-inline-color has-black-color\">.<\/mark><\/p>\n\n\n\n<h3 class=\"wp-block-heading has-text-align-center\"><mark style=\"background-color:rgba(0, 0, 0, 0);color:#078c1f\" class=\"has-inline-color\"><strong>ECORADIOSYSTEM Visio rend l\u2019hybridation native : configuration Visio intuitive, aucune liaison filaire, mise en \u0153uvre simplifi\u00e9e<\/strong>.<\/mark><\/h3>\n\n\n\n<p style=\"font-size:18px\">L&#8217;entreprise Berrand SARL vous propose plusieurs images d&#8217;un de ses chantiers en phase finale. Nous souhaitons vous informer sur ce produit essentiel pour la <strong><a href=\"https:\/\/www.berrand-sarl.fr\/EnR\/credit-dimpot-transition-energetique\/\">r\u00e9novation ou l&#8217;installation<\/a><\/strong> d&#8217;un nouveau syst\u00e8me de <a href=\"https:\/\/www.berrand-sarl.fr\/EnR\/\">chauffage central<\/a>, que ce soit par <a href=\"https:\/\/www.berrand-sarl.fr\/EnR\/radiateurs-seche-serviettes\/\">radiateurs<\/a> ou par un <a href=\"https:\/\/www.berrand-sarl.fr\/EnR\/plancher-chauffant-basse-temperature-pcbt\/\">plancher chauffant<\/a> \u00e0 <a href=\"https:\/\/www.berrand-sarl.fr\/EnR\/plancher-chauffant-basse-temperature-pcbt\/\">basse temp\u00e9rature<\/a>.<\/p>\n\n\n\n<figure class=\"wp-block-gallery has-nested-images columns-default is-cropped wp-block-gallery-2 is-layout-flex wp-block-gallery-is-layout-flex\">\n<figure class=\"wp-block-image size-large\"><a href=\"https:\/\/www.berrand-sarl.fr\/EnR\/wp-content\/uploads\/2023\/05\/unite-exterieure-pac-hybride-frisquet.jpg\"><img loading=\"lazy\" decoding=\"async\" width=\"1008\" height=\"756\" data-id=\"10838\" src=\"https:\/\/www.berrand-sarl.fr\/EnR\/wp-content\/uploads\/2023\/05\/unite-exterieure-pac-hybride-frisquet.jpg\" alt=\"Unit\u00e9 ext\u00e9rieure PAC hybride FRISQUET\" class=\"wp-image-10838\" srcset=\"https:\/\/www.berrand-sarl.fr\/EnR\/wp-content\/uploads\/2023\/05\/unite-exterieure-pac-hybride-frisquet.jpg 1008w, https:\/\/www.berrand-sarl.fr\/EnR\/wp-content\/uploads\/2023\/05\/unite-exterieure-pac-hybride-frisquet-300x225.jpg 300w, https:\/\/www.berrand-sarl.fr\/EnR\/wp-content\/uploads\/2023\/05\/unite-exterieure-pac-hybride-frisquet-768x576.jpg 768w\" sizes=\"auto, (max-width: 1008px) 100vw, 1008px\" \/><\/a><figcaption class=\"wp-element-caption\"><strong>R\u00e9alisation chantier : BERRAND sarl. <a href=\"https:\/\/www.berrand-sarl.fr\/EnR\/politique-de-confidentialite\/\">Copyright<\/a><\/strong><\/figcaption><\/figure>\n<\/figure>\n\n\n\n<div style=\"height:33px\" aria-hidden=\"true\" class=\"wp-block-spacer\"><\/div>\n\n\n\n<figure class=\"wp-block-gallery has-nested-images columns-default is-cropped wp-block-gallery-3 is-layout-flex wp-block-gallery-is-layout-flex\">\n<figure class=\"wp-block-image size-medium\"><a href=\"https:\/\/www.berrand-sarl.fr\/EnR\/wp-content\/uploads\/2023\/05\/montage-chaudiere-gaz-hybride-pompe-a-chaleur-frisquet.jpg\"><img loading=\"lazy\" decoding=\"async\" width=\"300\" height=\"225\" data-id=\"10848\" src=\"https:\/\/www.berrand-sarl.fr\/EnR\/wp-content\/uploads\/2023\/05\/montage-chaudiere-gaz-hybride-pompe-a-chaleur-frisquet-300x225.jpg\" alt=\"Montage chaudi\u00e8re gaz hybride - Pompe \u00e0 chaleur FRISQUET\" class=\"wp-image-10848\" srcset=\"https:\/\/www.berrand-sarl.fr\/EnR\/wp-content\/uploads\/2023\/05\/montage-chaudiere-gaz-hybride-pompe-a-chaleur-frisquet-300x225.jpg 300w, https:\/\/www.berrand-sarl.fr\/EnR\/wp-content\/uploads\/2023\/05\/montage-chaudiere-gaz-hybride-pompe-a-chaleur-frisquet-768x576.jpg 768w, https:\/\/www.berrand-sarl.fr\/EnR\/wp-content\/uploads\/2023\/05\/montage-chaudiere-gaz-hybride-pompe-a-chaleur-frisquet.jpg 1008w\" sizes=\"auto, (max-width: 300px) 100vw, 300px\" \/><\/a><\/figure>\n\n\n\n<figure class=\"wp-block-image size-medium\"><a href=\"https:\/\/www.berrand-sarl.fr\/EnR\/wp-content\/uploads\/2023\/05\/chantier-chaudiere-gaz-hybride-pac-frisquet.jpg\"><img loading=\"lazy\" decoding=\"async\" width=\"300\" height=\"225\" data-id=\"10837\" src=\"https:\/\/www.berrand-sarl.fr\/EnR\/wp-content\/uploads\/2023\/05\/chantier-chaudiere-gaz-hybride-pac-frisquet-300x225.jpg\" alt=\"Chantier chaudi\u00e8re gaz hybride - PAC FRISQUET\" class=\"wp-image-10837\" srcset=\"https:\/\/www.berrand-sarl.fr\/EnR\/wp-content\/uploads\/2023\/05\/chantier-chaudiere-gaz-hybride-pac-frisquet-300x225.jpg 300w, https:\/\/www.berrand-sarl.fr\/EnR\/wp-content\/uploads\/2023\/05\/chantier-chaudiere-gaz-hybride-pac-frisquet-768x576.jpg 768w, https:\/\/www.berrand-sarl.fr\/EnR\/wp-content\/uploads\/2023\/05\/chantier-chaudiere-gaz-hybride-pac-frisquet.jpg 1008w\" sizes=\"auto, (max-width: 300px) 100vw, 300px\" \/><\/a><\/figure>\n<\/figure>\n\n\n\n<p class=\"has-text-align-center\"><strong><mark style=\"background-color:rgba(0, 0, 0, 0);color:#fa0c0c\" class=\"has-inline-color\">Information Teamao FRISQUET : <a href=\"https:\/\/www.frisquet.com\/fr\/pac-air-eau_10012.html\" target=\"_blank\" rel=\"noreferrer noopener\">https:\/\/www.frisquet.com\/fr\/pac-air-eau_10012.html<\/a><\/mark><\/strong><\/p>\n\n\n\n<h2 class=\"wp-block-heading has-text-align-center has-text-color has-link-color wp-elements-8c18cee5f5a133d54eee53bd777c142b\" style=\"color:#1b07e3\"><strong>&nbsp;BERRAND SARL d\u00e9montre une fois de plus son expertise et son engagement dans la r\u00e9novation et l&#8217;installation de chaufferies, tout en r\u00e9duisant l&#8217;empreinte carbone des syst\u00e8mes de chauffage de ses clients.<\/strong><\/h2>\n\n\n\n<p class=\"has-text-align-center\" style=\"font-size:18px\"><strong>&nbsp;Nous sommes \u00e0 votre disposition pour examiner ensemble votre projet de remplacement de chaudi\u00e8re, qu&#8217;il s&#8217;agisse de <a href=\"https:\/\/www.berrand-sarl.fr\/EnR\/chauffage-au-gaz-naturel\/\">gaz naturel<\/a> ou de <a href=\"https:\/\/www.berrand-sarl.fr\/EnR\/chauffage-au-gaz-naturel\/\">propane<\/a>, avec ce mod\u00e8le d&#8217;installation. N&#8217;h\u00e9sitez pas \u00e0 <a href=\"https:\/\/www.berrand-sarl.fr\/EnR\/contacter\/\">nous contacter ici<\/a>.<\/strong><\/p>\n\n\n\n<p class=\"has-text-align-center has-medium-font-size\"><strong><mark style=\"background-color:rgba(0, 0, 0, 0);color:#ff0000\" class=\"has-inline-color\">Ah, n&#8217;oubliez pas, LE <a href=\"https:\/\/www.berrand-sarl.fr\/EnR\/maintenance-des-pompe-a-chaleur\/\">contrat d&#8217;entretien est obligatoire <\/a>pour toutes les pompes \u00e0 chaleur!<\/mark><\/strong> <strong><a href=\"https:\/\/www.berrand-sarl.fr\/EnR\/contacter\/\">CONTACTEZ NOUS<\/a><\/strong><\/p>\n\n\n<div class=\"wp-block-image is-style-rounded\">\n<figure class=\"alignright size-full\" id=\"Haut_de_page\"><a href=\"#\"><img loading=\"lazy\" decoding=\"async\" width=\"40\" height=\"40\" src=\"https:\/\/www.berrand-sarl.fr\/EnR\/wp-content\/uploads\/2026\/04\/haut-page.jpg\" alt=\"Bouton haut page\" class=\"wp-image-15961\" title=\"Bouton vers haut de page\"\/><\/a><\/figure>\n<\/div>\n\n\n<p><\/p>\n","protected":false},"excerpt":{"rendered":"<p>EN DIRECT DU CHANTIER de l&#8217;Entreprise Berrand SARL Avec TEAMAO G\u00e9n\u00e9ration 4, nous vous proposons un syst\u00e8me de chauffage con\u00e7u \u00e0 l\u2019image des chaudi\u00e8res FRISQUET : une pompe \u00e0 chaleur qui conjugue le meilleur de la technique et de la&#8230; <\/p>\n","protected":false},"author":1,"featured_media":0,"parent":0,"menu_order":0,"comment_status":"closed","ping_status":"closed","template":"","meta":{"_seopress_robots_primary_cat":"","_seopress_titles_title":"PAC Teamao FRISQUET air\/eau coupl\u00e9e \u00e0 une chaudi\u00e8re gaz","_seopress_titles_desc":"Avec la pompe \u00e0 chaleur hybride TEAMAO G\u00e9n\u00e9ration 4, nous vous proposons un syst\u00e8me de chauffage con\u00e7u \u00e0 l\u2019image des chaudi\u00e8res FRISQUET","_seopress_robots_index":"","_themeisle_gutenberg_block_has_review":false,"footnotes":""},"class_list":["post-10818","page","type-page","status-publish","hentry"],"_links":{"self":[{"href":"https:\/\/www.berrand-sarl.fr\/EnR\/wp-json\/wp\/v2\/pages\/10818","targetHints":{"allow":["GET"]}}],"collection":[{"href":"https:\/\/www.berrand-sarl.fr\/EnR\/wp-json\/wp\/v2\/pages"}],"about":[{"href":"https:\/\/www.berrand-sarl.fr\/EnR\/wp-json\/wp\/v2\/types\/page"}],"author":[{"embeddable":true,"href":"https:\/\/www.berrand-sarl.fr\/EnR\/wp-json\/wp\/v2\/users\/1"}],"replies":[{"embeddable":true,"href":"https:\/\/www.berrand-sarl.fr\/EnR\/wp-json\/wp\/v2\/comments?post=10818"}],"version-history":[{"count":0,"href":"https:\/\/www.berrand-sarl.fr\/EnR\/wp-json\/wp\/v2\/pages\/10818\/revisions"}],"wp:attachment":[{"href":"https:\/\/www.berrand-sarl.fr\/EnR\/wp-json\/wp\/v2\/media?parent=10818"}],"curies":[{"name":"wp","href":"https:\/\/api.w.org\/{rel}","templated":true}]}}